{"id":50123,"date":"2023-08-30T18:27:09","date_gmt":"2023-08-30T11:27:09","guid":{"rendered":"https:\/\/mouldking.store\/shop\/tuole-l8003-robot-love-with-1125-pieces-2\/"},"modified":"2023-08-30T18:27:09","modified_gmt":"2023-08-30T11:27:09","slug":"tuole-l8003-robot-love-with-1125-pieces-2","status":"publish","type":"product","link":"https:\/\/mouldking.store\/hu\/shop\/tuole-l8003-robot-love-with-1125-pieces-2\/","title":{"rendered":"TUOLE L8003 Robot Love with 1125 Pieces"},"content":{"rendered":"<div>\u2705 Tuole L8003 Robot Love<br \/>&nbsp;<br \/>\u2705&#8221;WALL-E&#8221; and &#8220;EVA&#8221; are characters from the animated science fiction film &#8220;WALL-E,&#8221; produced by Pixar Animation Studios and released in 2008. While not humans, these characters demonstrate a form of affection and connection that could be interpreted as a form of &#8220;robot love.&#8221;<\/p>\n<\/div>\n<div>\ud83d\udeab FONTOS!&nbsp;<br \/>&nbsp;<br \/>Product Name: Robot Love<br \/>&nbsp;<br \/>Kateg\u00f3ria: Alkot\u00f3&nbsp;<br \/>&nbsp;<br \/>This Kit Contains: Tuole L8003&nbsp;<br \/>&nbsp;<br \/>1125 pcs Good Quality Bricks&nbsp;<br \/>&nbsp;<br \/>Size: 28 \u00d7 16.5 \u00d7 23.3 cm<br \/>&nbsp;<br \/>K\u00e9zi utas\u00edt\u00e1sok&nbsp;<br \/>&nbsp;<br \/>\ud83d\udcccA f\u0151szerepl\u0151 term\u00e9szete&nbsp;<br \/>&nbsp;<br \/>Introducing our proud collection named \u201cRobot Love\u201d you should not miss.&nbsp;<br \/>&nbsp;<br \/>WALL-E is a small, waste-collecting robot left on Earth to clean up the planet after it has been abandoned by humanity due to excessive pollution. Despite his mechanical nature, WALL-E displays curiosity, emotions, and a sense of loneliness. He collects interesting items he finds, watches films, and develops a personality over time. EVE is a more advanced robot sent to Earth to search for signs of plant life as an indication of the planet&#8217;s viability for human habitation. EVE initially appears to be more focused on her mission and is initially unresponsive to WALL-E&#8217;s attempts to interact with her. However, as the story unfolds, EVE&#8217;s interactions with WALL-E lead to the development of a strong bond and affection between the two robots.<\/div>","protected":false},"excerpt":{"rendered":"<p>Brand: TUOLE<br \/>\nNem: Uniszex<br \/>\nKoroszt\u00e1ly: &gt; 6 \u00e9v<br \/>\nModel Number: L8003<br \/>\nBesorol\u00e1s: \u00d6sszeszerel\u00e9s<br \/>\nM\u0171anyag blokk forma: \u00f6nz\u00e1r\u00f3 t\u00e9gla<br \/>\nAnyaga: M\u0171anyag<br \/>\nM\u0171anyag t\u00edpus: ABS<br \/>\nBricks Blocks: 1125 +<br \/>\nEredeti doboza nincs<\/p>","protected":false},"featured_media":50104,"comment_status":"open","ping_status":"closed","template":"","meta":{"_acf_changed":false},"product_cat":[1365,371,581,1408],"product_tag":[11072,8452,6522,434,590],"class_list":["product","first","instock","shipping-taxable","purchasable","product-type-simple"],"acf":[],"_links":{"self":[{"href":"https:\/\/mouldking.store\/hu\/wp-json\/wp\/v2\/product\/50123","targetHints":{"allow":["GET"]}}],"collection":[{"href":"https:\/\/mouldking.store\/hu\/wp-json\/wp\/v2\/product"}],"about":[{"href":"https:\/\/mouldking.store\/hu\/wp-json\/wp\/v2\/types\/product"}],"replies":[{"embeddable":true,"href":"https:\/\/mouldking.store\/hu\/wp-json\/wp\/v2\/comments?post=50123"}],"wp:featuredmedia":[{"embeddable":true,"href":"https:\/\/mouldking.store\/hu\/wp-json\/wp\/v2\/media\/50104"}],"wp:attachment":[{"href":"https:\/\/mouldking.store\/hu\/wp-json\/wp\/v2\/media?parent=50123"}],"wp:term":[{"taxonomy":"product_cat","embeddable":true,"href":"https:\/\/mouldking.store\/hu\/wp-json\/wp\/v2\/product_cat?post=50123"},{"taxonomy":"product_tag","embeddable":true,"href":"https:\/\/mouldking.store\/hu\/wp-json\/wp\/v2\/product_tag?post=50123"}],"curies":[{"name":"wp","href":"https:\/\/api.w.org\/{rel}","templated":true}]}}