{"id":50177,"date":"2023-08-30T18:39:05","date_gmt":"2023-08-30T11:39:05","guid":{"rendered":"https:\/\/mouldking.store\/shop\/jiestar-59009-west-train-with-853-pieces\/"},"modified":"2023-08-30T18:39:05","modified_gmt":"2023-08-30T11:39:05","slug":"jiestar-59009-west-train-with-853-pieces","status":"publish","type":"product","link":"https:\/\/mouldking.store\/hu\/shop\/jiestar-59009-west-train-with-853-pieces\/","title":{"rendered":"JIESTAR 59009 West Train with 853 Pieces"},"content":{"rendered":"<div>\u2705 JIESTAR 59009 West Train<\/p>\n<p>&nbsp;A &#8220;Western Train&#8221; typically refers to a type of train that is associated with the American Old West, a period in the late 19th century when pioneers, cowboys, and settlers played a significant role in shaping the western frontier of the United States. During this time, trains were vital for transportation, connecting remote regions, and enabling the expansion of settlements and industries.<br \/>&nbsp;<br \/>\ud83d\udeab FONTOS!&nbsp;<br \/>&nbsp;<br \/>Product Name: West Train<br \/>&nbsp;<br \/>Kateg\u00f3ria: M\u0171szaki<br \/>&nbsp;<br \/>This Kit Contains:&nbsp; JIESTAR 59009<br \/>&nbsp;<br \/>853 pcs Good Quality Bricks&nbsp;<br \/>&nbsp;<br \/>Size: 40 \u00d7 17 \u00d7 13 cm&nbsp;<br \/>&nbsp;<br \/>K\u00e9zi utas\u00edt\u00e1sok&nbsp;<br \/>&nbsp;<br \/>\ud83d\udcccA f\u0151szerepl\u0151 term\u00e9szete&nbsp;<br \/>&nbsp;<br \/>Introducing our proud collection named \u201cWest Train\u201d you should not miss.&nbsp;<br \/>&nbsp;<br \/>Western trains from the Old West era were primarily steam-powered locomotives. These locomotives were known for their iconic appearance with large smokestacks, cowcatchers, and elaborate decorative features. The cars of Western trains often included open-air passenger cars and freight cars with flatbeds for transporting goods, livestock, and equipment. Passengers could enjoy the scenery as they traveled. Many of the early trains were constructed using wood for their frames and bodies, reflecting the materials and construction techniques available at the time.<\/div>","protected":false},"excerpt":{"rendered":"<p>M\u00e1rka: JIESTAR<br \/>\nNem: Uniszex<br \/>\nKoroszt\u00e1ly: &gt; 6 \u00e9v<br \/>\nModel Number: 59009<br \/>\nBesorol\u00e1s: \u00d6sszeszerel\u00e9s<br \/>\nM\u0171anyag blokk forma: \u00f6nz\u00e1r\u00f3 t\u00e9gla<br \/>\nAnyaga: M\u0171anyag<br \/>\nM\u0171anyag t\u00edpus: ABS<br \/>\nBricks Blocks: 853 +<br \/>\nEredeti doboza nincs<\/p>","protected":false},"featured_media":50172,"comment_status":"open","ping_status":"closed","template":"","meta":{"_acf_changed":false},"product_cat":[1365,1357,364],"product_tag":[8452,389,11080,300,9100],"class_list":["product","first","instock","shipping-taxable","purchasable","product-type-simple"],"acf":[],"_links":{"self":[{"href":"https:\/\/mouldking.store\/hu\/wp-json\/wp\/v2\/product\/50177","targetHints":{"allow":["GET"]}}],"collection":[{"href":"https:\/\/mouldking.store\/hu\/wp-json\/wp\/v2\/product"}],"about":[{"href":"https:\/\/mouldking.store\/hu\/wp-json\/wp\/v2\/types\/product"}],"replies":[{"embeddable":true,"href":"https:\/\/mouldking.store\/hu\/wp-json\/wp\/v2\/comments?post=50177"}],"wp:featuredmedia":[{"embeddable":true,"href":"https:\/\/mouldking.store\/hu\/wp-json\/wp\/v2\/media\/50172"}],"wp:attachment":[{"href":"https:\/\/mouldking.store\/hu\/wp-json\/wp\/v2\/media?parent=50177"}],"wp:term":[{"taxonomy":"product_cat","embeddable":true,"href":"https:\/\/mouldking.store\/hu\/wp-json\/wp\/v2\/product_cat?post=50177"},{"taxonomy":"product_tag","embeddable":true,"href":"https:\/\/mouldking.store\/hu\/wp-json\/wp\/v2\/product_tag?post=50177"}],"curies":[{"name":"wp","href":"https:\/\/api.w.org\/{rel}","templated":true}]}}