{"id":50189,"date":"2023-08-30T18:40:22","date_gmt":"2023-08-30T11:40:22","guid":{"rendered":"https:\/\/mouldking.store\/shop\/cada-c66017-harvard-memorial-hall-with-1411-pieces\/"},"modified":"2023-08-30T18:40:22","modified_gmt":"2023-08-30T11:40:22","slug":"cada-c66017-harvard-memorial-hall-with-1411-pieces","status":"publish","type":"product","link":"https:\/\/mouldking.store\/hu\/shop\/cada-c66017-harvard-memorial-hall-with-1411-pieces\/","title":{"rendered":"CaDa C66017 Harvard Memorial Hall with 1411 Pieces"},"content":{"rendered":"<div>\u2705CaDA C66017 Harvard Memorial Hall<br \/>&nbsp;<br \/>\u2705Harvard Memorial Hall is a historic building located on the campus of Harvard University in Cambridge, Massachusetts, USA. The building is notable for its impressive architecture and its significance as a memorial to Harvard alumni who died during the American Civil War.<br \/>&nbsp;<br \/>\ud83d\udeab FONTOS!&nbsp;<br \/>&nbsp;<br \/>Product Name: Harvard Memorial Hall<br \/>&nbsp;<br \/>Kateg\u00f3ria: Modul\u00e1ris \u00e9p\u00fclet<br \/>&nbsp;<br \/>This Kit Contains: CaDA C66017&nbsp;<br \/>&nbsp;<br \/>1411 pcs Good Quality Bricks&nbsp;<br \/>&nbsp;<br \/>Size: 28.8 \u00d7 28.8 \u00d7 14.4 cm<br \/>&nbsp;<br \/>K\u00e9zi utas\u00edt\u00e1sok&nbsp;<br \/>&nbsp;<br \/>\ud83d\udcccA f\u0151szerepl\u0151 term\u00e9szete&nbsp;<br \/>&nbsp;<br \/>Introducing our proud collection named \u201cHarvard Memorial Hall\u201d you should not miss.&nbsp;<br \/>&nbsp;<br \/>Harvard Memorial Hall was constructed as a tribute to the Harvard graduates who fought and died in the American Civil War. It was intended to honor the sacrifices made by these individuals in defense of their country. The building was designed in the High Victorian Gothic architectural style. Its design features intricate details, pointed arches, decorative elements, and a prominent tower. Harvard Memorial Hall is situated in Harvard Yard, the central and historic heart of the Harvard University campus.<\/div>","protected":false},"excerpt":{"rendered":"<p>M\u00e1rka: CaDa<br \/>\nNem: Uniszex<br \/>\nKoroszt\u00e1ly: 8 \u00e9v felett<br \/>\nModel Number: C66017<br \/>\nBesorol\u00e1s: \u00d6sszeszerel\u00e9s<br \/>\nM\u0171anyag blokk forma: \u00f6nz\u00e1r\u00f3 t\u00e9gla<br \/>\nAnyaga: M\u0171anyag<br \/>\nM\u0171anyag t\u00edpus: ABS<br \/>\nBricks Blocks: 1411 +<br \/>\nEredeti doboza nincs<\/p>","protected":false},"author":83,"featured_media":50184,"comment_status":"open","ping_status":"closed","template":"","meta":{"_acf_changed":false},"product_cat":[1395,1502,390],"product_tag":[727,4883,12466,12595,11254,392],"class_list":["product","first","instock","shipping-taxable","purchasable","product-type-simple"],"acf":[],"_links":{"self":[{"href":"https:\/\/mouldking.store\/hu\/wp-json\/wp\/v2\/product\/50189","targetHints":{"allow":["GET"]}}],"collection":[{"href":"https:\/\/mouldking.store\/hu\/wp-json\/wp\/v2\/product"}],"about":[{"href":"https:\/\/mouldking.store\/hu\/wp-json\/wp\/v2\/types\/product"}],"author":[{"embeddable":true,"href":"https:\/\/mouldking.store\/hu\/wp-json\/wp\/v2\/users\/83"}],"replies":[{"embeddable":true,"href":"https:\/\/mouldking.store\/hu\/wp-json\/wp\/v2\/comments?post=50189"}],"wp:featuredmedia":[{"embeddable":true,"href":"https:\/\/mouldking.store\/hu\/wp-json\/wp\/v2\/media\/50184"}],"wp:attachment":[{"href":"https:\/\/mouldking.store\/hu\/wp-json\/wp\/v2\/media?parent=50189"}],"wp:term":[{"taxonomy":"product_cat","embeddable":true,"href":"https:\/\/mouldking.store\/hu\/wp-json\/wp\/v2\/product_cat?post=50189"},{"taxonomy":"product_tag","embeddable":true,"href":"https:\/\/mouldking.store\/hu\/wp-json\/wp\/v2\/product_tag?post=50189"}],"curies":[{"name":"wp","href":"https:\/\/api.w.org\/{rel}","templated":true}]}}