{"id":50229,"date":"2023-08-30T18:43:28","date_gmt":"2023-08-30T11:43:28","guid":{"rendered":"https:\/\/mouldking.store\/shop\/jiestar-89123-the-university-with-6355-pieces\/"},"modified":"2024-01-15T10:40:02","modified_gmt":"2024-01-15T03:40:02","slug":"jiestar-89123-the-university-with-6355-pieces","status":"publish","type":"product","link":"https:\/\/mouldking.store\/hu\/shop\/jiestar-89123-the-university-with-6355-pieces\/","title":{"rendered":"JIESTAR 89123 The University with 6355 Pieces"},"content":{"rendered":"<div>\u2705JIESTAR 89123 The University&nbsp;<br \/>&nbsp;<br \/>\u2705&#8221;Red Brick University&#8221; is a term that historically referred to a group of universities in the United Kingdom that were established in the late 19th and early 20th centuries. These universities were known for their distinctive red brick buildings, which set them apart from the older, more traditional universities with stone buildings.<br \/>&nbsp;<br \/>\ud83d\udeab FONTOS!&nbsp;<br \/>&nbsp;<br \/>Product Name: The University&nbsp;<br \/>&nbsp;<br \/>Kateg\u00f3ria: Modul\u00e1ris \u00e9p\u00fclet<br \/>&nbsp;<br \/>This Kit Contains: JIESTAR 89123&nbsp;<br \/>&nbsp;<br \/>6355 pcs Good Quality Bricks&nbsp;<br \/>&nbsp;<br \/>Size: 50 \u00d7 25.5 \u00d7 40 cm<br \/>&nbsp;<br \/>K\u00e9zi utas\u00edt\u00e1sok&nbsp;<br \/>&nbsp;<br \/>\ud83d\udcccA f\u0151szerepl\u0151 term\u00e9szete&nbsp;<br \/>&nbsp;<br \/>Introducing our proud collection named \u201cThe University \u201d you should not miss.&nbsp;<br \/>&nbsp;<br \/>&#8220;Red Brick University&#8221; has historical significance and is often used to describe a certain era in higher education in the UK, characterized by the establishment of newer universities with a focus on providing education and research opportunities to a wider demographic of students.<\/div>","protected":false},"excerpt":{"rendered":"<p>M\u00e1rka: JIESTAR<br \/>\nNem: Uniszex<br \/>\nKoroszt\u00e1ly: 8 \u00e9v felett<br \/>\nModel Number: 89123<br \/>\nBesorol\u00e1s: \u00d6sszeszerel\u00e9s<br \/>\nM\u0171anyag blokk forma: \u00f6nz\u00e1r\u00f3 t\u00e9gla<br \/>\nAnyaga: M\u0171anyag<br \/>\nM\u0171anyag t\u00edpus: ABS<br \/>\nBricks Blocks: 6355 +<br \/>\nEredeti doboza nincs<\/p>","protected":false},"featured_media":50225,"comment_status":"open","ping_status":"closed","template":"","meta":{"_acf_changed":false},"product_cat":[1395,1502,390],"product_tag":[4883,392,2260],"class_list":["product","first","outofstock","shipping-taxable","purchasable","product-type-simple"],"acf":[],"_links":{"self":[{"href":"https:\/\/mouldking.store\/hu\/wp-json\/wp\/v2\/product\/50229","targetHints":{"allow":["GET"]}}],"collection":[{"href":"https:\/\/mouldking.store\/hu\/wp-json\/wp\/v2\/product"}],"about":[{"href":"https:\/\/mouldking.store\/hu\/wp-json\/wp\/v2\/types\/product"}],"replies":[{"embeddable":true,"href":"https:\/\/mouldking.store\/hu\/wp-json\/wp\/v2\/comments?post=50229"}],"wp:featuredmedia":[{"embeddable":true,"href":"https:\/\/mouldking.store\/hu\/wp-json\/wp\/v2\/media\/50225"}],"wp:attachment":[{"href":"https:\/\/mouldking.store\/hu\/wp-json\/wp\/v2\/media?parent=50229"}],"wp:term":[{"taxonomy":"product_cat","embeddable":true,"href":"https:\/\/mouldking.store\/hu\/wp-json\/wp\/v2\/product_cat?post=50229"},{"taxonomy":"product_tag","embeddable":true,"href":"https:\/\/mouldking.store\/hu\/wp-json\/wp\/v2\/product_tag?post=50229"}],"curies":[{"name":"wp","href":"https:\/\/api.w.org\/{rel}","templated":true}]}}