{"id":50398,"date":"2023-09-11T10:26:10","date_gmt":"2023-09-11T03:26:10","guid":{"rendered":"https:\/\/mouldking.store\/shop\/moc-factory-89259-switch-imp-transform-mecha-with-418-pieces\/"},"modified":"2025-12-16T20:59:26","modified_gmt":"2025-12-16T13:59:26","slug":"moc-factory-89259-switch-imp-transform-mecha-with-418-pieces","status":"publish","type":"product","link":"https:\/\/mouldking.store\/hu\/shop\/moc-factory-89259-switch-imp-transform-mecha-with-418-pieces\/","title":{"rendered":"MOC Factory 89259 Switch Imp Transform Mecha 418 darabbal"},"content":{"rendered":"<div>\u2705MOC-89259 Switch Imp Transform Mecha<\/p>\n<p>\u2705The Switch Imp Transform Mecha boasts an eye-catching design inspired by futuristic mecha robots.&nbsp;<\/p>\n<p>\ud83d\udeab FONTOS!<\/p>\n<p>Product Name: Switch Imp Transform Mecha<\/p>\n<p>Kateg\u00f3ria: Alkot\u00f3<\/p>\n<p>This Kit Contains: C9673<\/p>\n<p>418 pcs Good Quality Bricks<\/p>\n<p>Size: 24.6 x 21.5 x 13.2 cm<\/p>\n<p>S\u00faly: 0,22 kg<\/p>\n<p>PDF \u00datmutat\u00f3<\/p>\n<p>\ud83d\udcccA f\u0151szerepl\u0151 term\u00e9szete<\/p>\n<p>Introducing our proud collection named \u201cSwitch Imp Transform Mecha\u201d you should not miss.<\/p>\n<p>The Switch Imp Transform Mecha is a thrilling and innovative toy designed to captivate the imaginations of both kids and adults alike. This toy combines the excitement of mecha robots, shape-shifting, and interactive play.<\/p><\/div>","protected":false},"excerpt":{"rendered":"<p>M\u00e1rka: MOC Factory<br \/>\nNem: Uniszex<br \/>\nKoroszt\u00e1ly: &gt; 6 \u00e9v<br \/>\nModel Number: 89259<br \/>\nBesorol\u00e1s: \u00d6sszeszerel\u00e9s<br \/>\nM\u0171anyag blokk forma: \u00f6nz\u00e1r\u00f3 t\u00e9gla<br \/>\nAnyaga: M\u0171anyag<br \/>\nM\u0171anyag t\u00edpus: ABS<br \/>\nT\u00e9gla T\u00e9gla: 418+<br \/>\nEredeti doboza nincs<\/p>","protected":false},"featured_media":50391,"comment_status":"open","ping_status":"closed","template":"","meta":{"_acf_changed":false},"product_cat":[1365,371,1569],"product_tag":[11072,8452,12613,9302,11176,1574],"class_list":["product","first","instock","shipping-taxable","purchasable","product-type-simple"],"acf":[],"_links":{"self":[{"href":"https:\/\/mouldking.store\/hu\/wp-json\/wp\/v2\/product\/50398","targetHints":{"allow":["GET"]}}],"collection":[{"href":"https:\/\/mouldking.store\/hu\/wp-json\/wp\/v2\/product"}],"about":[{"href":"https:\/\/mouldking.store\/hu\/wp-json\/wp\/v2\/types\/product"}],"replies":[{"embeddable":true,"href":"https:\/\/mouldking.store\/hu\/wp-json\/wp\/v2\/comments?post=50398"}],"wp:featuredmedia":[{"embeddable":true,"href":"https:\/\/mouldking.store\/hu\/wp-json\/wp\/v2\/media\/50391"}],"wp:attachment":[{"href":"https:\/\/mouldking.store\/hu\/wp-json\/wp\/v2\/media?parent=50398"}],"wp:term":[{"taxonomy":"product_cat","embeddable":true,"href":"https:\/\/mouldking.store\/hu\/wp-json\/wp\/v2\/product_cat?post=50398"},{"taxonomy":"product_tag","embeddable":true,"href":"https:\/\/mouldking.store\/hu\/wp-json\/wp\/v2\/product_tag?post=50398"}],"curies":[{"name":"wp","href":"https:\/\/api.w.org\/{rel}","templated":true}]}}