{"id":50404,"date":"2023-09-11T10:31:33","date_gmt":"2023-09-11T03:31:33","guid":{"rendered":"https:\/\/mouldking.store\/shop\/moc-factory-153792-gacha-device-dispenser-from-zelda-tears-of-the-kingdom-with-340-pieces\/"},"modified":"2025-12-16T20:59:25","modified_gmt":"2025-12-16T13:59:25","slug":"moc-factory-153792-gacha-device-dispenser-from-zelda-tears-of-the-kingdom-with-340-pieces","status":"publish","type":"product","link":"https:\/\/mouldking.store\/hu\/shop\/moc-factory-153792-gacha-device-dispenser-from-zelda-tears-of-the-kingdom-with-340-pieces\/","title":{"rendered":"MOC Factory 153792 Gacha Device Dispenser from Zelda Tears of the Kingdom with 340 Pieces"},"content":{"rendered":"<div>\u2705MOC-153792 Gacha Device Dispenser from Zelda Tears of the Kingdom<\/p>\n<p>\u2705Nintendo gave a little treat to players who enjoy the gacha system with the Zonai Device Dispensers in Zelda: Tears of the Kingdom. They look like Japanese gachapon machines and are scattered around Hyrule.<\/p>\n<p>\ud83d\udeab FONTOS!<\/p>\n<p>Product Name: Gacha Device Dispenser from Zelda Tears of the Kingdom<\/p>\n<p>Kateg\u00f3ria: Film<\/p>\n<p>This Kit Contains: C9664<\/p>\n<p>340 pcs Good Quality Bricks<\/p>\n<p>Size: 15 x 10 x 12 cm<\/p>\n<p>Weight: 0.21 kg<\/p>\n<p>PDF \u00datmutat\u00f3<\/p>\n<p>\ud83d\udcccA f\u0151szerepl\u0151 term\u00e9szete<\/p>\n<p>Introducing our proud collection named \u201cGacha Device Dispenser from Zelda Tears of the Kingdom\u201d you should not miss.<\/p>\n<p>Zonai Devices are the different mechanisms that you can use to build almost anything if you are creative, such as cars, planes, and even mech suits. You can find them in chests, but the main way you can obtain a large quantity is through the Device Dispensers.<\/p><\/div>","protected":false},"excerpt":{"rendered":"<p>M\u00e1rka: MOC Factory<br \/>\nNem: Uniszex<br \/>\nKoroszt\u00e1ly: &gt; 6 \u00e9v<br \/>\nModel Number: 153792<br \/>\nBesorol\u00e1s: \u00d6sszeszerel\u00e9s<br \/>\nM\u0171anyag blokk forma: \u00f6nz\u00e1r\u00f3 t\u00e9gla<br \/>\nAnyaga: M\u0171anyag<br \/>\nM\u0171anyag t\u00edpus: ABS<br \/>\nBricks Blocks: 340 +<br \/>\nEredeti doboza nincs<\/p>","protected":false},"featured_media":50399,"comment_status":"open","ping_status":"closed","template":"","meta":{"_acf_changed":false},"product_cat":[1365,371,581,1408],"product_tag":[11072,8452,12615,12616,12614,11216,11083,434,12204,5773],"class_list":["product","first","instock","shipping-taxable","purchasable","product-type-simple"],"acf":[],"_links":{"self":[{"href":"https:\/\/mouldking.store\/hu\/wp-json\/wp\/v2\/product\/50404","targetHints":{"allow":["GET"]}}],"collection":[{"href":"https:\/\/mouldking.store\/hu\/wp-json\/wp\/v2\/product"}],"about":[{"href":"https:\/\/mouldking.store\/hu\/wp-json\/wp\/v2\/types\/product"}],"replies":[{"embeddable":true,"href":"https:\/\/mouldking.store\/hu\/wp-json\/wp\/v2\/comments?post=50404"}],"wp:featuredmedia":[{"embeddable":true,"href":"https:\/\/mouldking.store\/hu\/wp-json\/wp\/v2\/media\/50399"}],"wp:attachment":[{"href":"https:\/\/mouldking.store\/hu\/wp-json\/wp\/v2\/media?parent=50404"}],"wp:term":[{"taxonomy":"product_cat","embeddable":true,"href":"https:\/\/mouldking.store\/hu\/wp-json\/wp\/v2\/product_cat?post=50404"},{"taxonomy":"product_tag","embeddable":true,"href":"https:\/\/mouldking.store\/hu\/wp-json\/wp\/v2\/product_tag?post=50404"}],"curies":[{"name":"wp","href":"https:\/\/api.w.org\/{rel}","templated":true}]}}