{"id":50413,"date":"2023-09-11T10:37:37","date_gmt":"2023-09-11T03:37:37","guid":{"rendered":"https:\/\/mouldking.store\/shop\/moc-factory-89258-grimace-shake-horror-with-198-pieces\/"},"modified":"2025-12-16T20:59:25","modified_gmt":"2025-12-16T13:59:25","slug":"moc-factory-89258-grimace-shake-horror-with-198-pieces","status":"publish","type":"product","link":"https:\/\/mouldking.store\/hu\/shop\/moc-factory-89258-grimace-shake-horror-with-198-pieces\/","title":{"rendered":"MOC Factory 89258 Grimace Shake Horror with 198 Pieces"},"content":{"rendered":"<div>\u2705 MOC-89258 Grimace Shake Horror<\/p>\n<p>\u2705Grimace is a fictional character associated with the McDonald&#8217;s fast-food restaurant chain. Grimace is known for his distinctive appearance: he is a large, purple, and somewhat clumsy character with multiple arms and a perpetual smile. Over the years, Grimace&#8217;s character has evolved, and he has been portrayed in various ways in McDonald&#8217;s marketing and promotional materials.<\/p>\n<p>\ud83d\udeab FONTOS!<\/p>\n<p>Product Name: Grimace Shake Horror<\/p>\n<p>Kateg\u00f3ria: Alkot\u00f3<\/p>\n<p>This Kit Contains: C9676<\/p>\n<p>198 pcs Good Quality Bricks<\/p>\n<p>Size: 14.6 x 7.2 x 15.6 cm<\/p>\n<p>S\u00faly: 0,15 kg<\/p>\n<p>PDF \u00datmutat\u00f3<\/p>\n<p>\ud83d\udcccA f\u0151szerepl\u0151 term\u00e9szete<\/p>\n<p>Introducing our proud collection named \u201cGrimace Shake Horror\u201d you should not miss.<\/p>\n<p>Grimace was originally introduced as a villain in McDonaldland, a fictional world created by McDonald&#8217;s for advertising and marketing campaigns in the 1970s. In his early appearances, Grimace was a mischievous character who loved to steal milkshakes. However, his character was later reimagined and became one of Ronald McDonald&#8217;s friends. He is now portrayed as a gentle and good-natured character. Although Grimace&#8217;s exact identity and purpose have never been explicitly defined, he is often seen as a friendly, lovable mascot for the McDonald&#8217;s brand.<\/p><\/div>","protected":false},"excerpt":{"rendered":"<p>M\u00e1rka: MOC Factory<br \/>\nNem: Uniszex<br \/>\nKoroszt\u00e1ly: &gt; 6 \u00e9v<br \/>\nModel Number: 89258<br \/>\nBesorol\u00e1s: \u00d6sszeszerel\u00e9s<br \/>\nM\u0171anyag blokk forma: \u00f6nz\u00e1r\u00f3 t\u00e9gla<br \/>\nAnyaga: M\u0171anyag<br \/>\nM\u0171anyag t\u00edpus: ABS<br \/>\nBricks Blocks: 198 +<br \/>\nEredeti doboza nincs<\/p>","protected":false},"featured_media":50406,"comment_status":"open","ping_status":"closed","template":"","meta":{"_acf_changed":false},"product_cat":[1365,371],"product_tag":[11072,8452,12617,12618],"class_list":["product","first","instock","shipping-taxable","purchasable","product-type-simple"],"acf":[],"_links":{"self":[{"href":"https:\/\/mouldking.store\/hu\/wp-json\/wp\/v2\/product\/50413","targetHints":{"allow":["GET"]}}],"collection":[{"href":"https:\/\/mouldking.store\/hu\/wp-json\/wp\/v2\/product"}],"about":[{"href":"https:\/\/mouldking.store\/hu\/wp-json\/wp\/v2\/types\/product"}],"replies":[{"embeddable":true,"href":"https:\/\/mouldking.store\/hu\/wp-json\/wp\/v2\/comments?post=50413"}],"wp:featuredmedia":[{"embeddable":true,"href":"https:\/\/mouldking.store\/hu\/wp-json\/wp\/v2\/media\/50406"}],"wp:attachment":[{"href":"https:\/\/mouldking.store\/hu\/wp-json\/wp\/v2\/media?parent=50413"}],"wp:term":[{"taxonomy":"product_cat","embeddable":true,"href":"https:\/\/mouldking.store\/hu\/wp-json\/wp\/v2\/product_cat?post=50413"},{"taxonomy":"product_tag","embeddable":true,"href":"https:\/\/mouldking.store\/hu\/wp-json\/wp\/v2\/product_tag?post=50413"}],"curies":[{"name":"wp","href":"https:\/\/api.w.org\/{rel}","templated":true}]}}