{"id":50532,"date":"2023-09-15T09:15:14","date_gmt":"2023-09-15T02:15:14","guid":{"rendered":"https:\/\/mouldking.store\/shop\/moc-factory-89249-the-legend-of-zelda-tears-of-the-kingdom-battle-talus-with-600-pieces\/"},"modified":"2025-12-16T20:59:25","modified_gmt":"2025-12-16T13:59:25","slug":"moc-factory-89249-the-legend-of-zelda-tears-of-the-kingdom-battle-talus-with-600-pieces","status":"publish","type":"product","link":"https:\/\/mouldking.store\/hu\/shop\/moc-factory-89249-the-legend-of-zelda-tears-of-the-kingdom-battle-talus-with-600-pieces\/","title":{"rendered":"MOC Factory 89249 The Legend of Zelda Tears of the Kingdom Battle Talus with 600 Pieces"},"content":{"rendered":"<div>\u2705 MOC-89249 The Legend of Zelda Tears of the Kingdom Battle Talus<\/p>\n<p>\u2705A &#8220;Talus&#8221; is a type of rock-based enemy found in The Legend of Zelda: Breath of the Wild. These colossal creatures are scattered throughout the game&#8217;s open world, typically hidden in mountainous or rocky areas. They are notable for their large, stone-like appearance and the glowing ore deposit on their back.<\/p>\n<p>\ud83d\udeab FONTOS!<\/p>\n<p>Product Name: The Legend of Zelda Tears of the Kingdom Battle Talus<\/p>\n<p>Kateg\u00f3ria: Film<\/p>\n<p>This Kit Contains: C9694<\/p>\n<p>600 pcs Good Quality Bricks<\/p>\n<p>Size: 30.8 x 28.8 x 28.4 cm<\/p>\n<p>Weight: 0.54 kg<\/p>\n<p>PDF \u00datmutat\u00f3<\/p>\n<p>\ud83d\udcccA f\u0151szerepl\u0151 term\u00e9szete<\/p>\n<p>Introducing our proud collection named \u201cThe Legend of Zelda Tears of the Kingdom Battle Talus\u201d you should not miss.<\/p>\n<p>There are several variations of Talus enemies in the game, including: Stone Talus: These are the most common type. They come in different sizes and elemental varieties. You can climb on their bodies and attack the ore deposit on their backs to defeat them and collect valuable materials. Igneo Talus: These Talus enemies are found in volcanic regions and are surrounded by molten lava. They have a fiery appearance and can be more challenging to defeat compared to regular Stone Talus. Frost Talus: As the name suggests, Frost Talus enemies are found in cold, snowy regions. They are covered in ice and can create freezing attacks. Rare Talus: These are less common and often larger and tougher versions of Stone Talus. They can provide rarer materials when defeated.<\/p><\/div>","protected":false},"excerpt":{"rendered":"<p>M\u00e1rka: MOC Factory<br \/>\nNem: Uniszex<br \/>\nKoroszt\u00e1ly: &gt; 6 \u00e9v<br \/>\nModel Number: 89249<br \/>\nBesorol\u00e1s: \u00d6sszeszerel\u00e9s<br \/>\nM\u0171anyag blokk forma: \u00f6nz\u00e1r\u00f3 t\u00e9gla<br \/>\nAnyaga: M\u0171anyag<br \/>\nM\u0171anyag t\u00edpus: ABS<br \/>\nT\u00e9gl\u00e1k Blokkok: 600+<br \/>\nEredeti doboza nincs<\/p>","protected":false},"featured_media":50524,"comment_status":"open","ping_status":"closed","template":"","meta":{"_acf_changed":false},"product_cat":[1365,1769,371,581,1408],"product_tag":[9077,11072,8452,9139,11216,11082,11083,434,12625,12204,5773],"class_list":["product","first","instock","shipping-taxable","purchasable","product-type-simple"],"acf":[],"_links":{"self":[{"href":"https:\/\/mouldking.store\/hu\/wp-json\/wp\/v2\/product\/50532","targetHints":{"allow":["GET"]}}],"collection":[{"href":"https:\/\/mouldking.store\/hu\/wp-json\/wp\/v2\/product"}],"about":[{"href":"https:\/\/mouldking.store\/hu\/wp-json\/wp\/v2\/types\/product"}],"replies":[{"embeddable":true,"href":"https:\/\/mouldking.store\/hu\/wp-json\/wp\/v2\/comments?post=50532"}],"wp:featuredmedia":[{"embeddable":true,"href":"https:\/\/mouldking.store\/hu\/wp-json\/wp\/v2\/media\/50524"}],"wp:attachment":[{"href":"https:\/\/mouldking.store\/hu\/wp-json\/wp\/v2\/media?parent=50532"}],"wp:term":[{"taxonomy":"product_cat","embeddable":true,"href":"https:\/\/mouldking.store\/hu\/wp-json\/wp\/v2\/product_cat?post=50532"},{"taxonomy":"product_tag","embeddable":true,"href":"https:\/\/mouldking.store\/hu\/wp-json\/wp\/v2\/product_tag?post=50532"}],"curies":[{"name":"wp","href":"https:\/\/api.w.org\/{rel}","templated":true}]}}