{"id":50565,"date":"2023-09-15T09:45:38","date_gmt":"2023-09-15T02:45:38","guid":{"rendered":"https:\/\/mouldking.store\/shop\/moc-factory-89247-my-singing-monsters-water-wubbox-with-345-pieces\/"},"modified":"2025-12-16T20:59:24","modified_gmt":"2025-12-16T13:59:24","slug":"moc-factory-89247-my-singing-monsters-water-wubbox-with-345-pieces","status":"publish","type":"product","link":"https:\/\/mouldking.store\/hu\/shop\/moc-factory-89247-my-singing-monsters-water-wubbox-with-345-pieces\/","title":{"rendered":"MOC Factory 89247 My Singing Monsters Water Wubbox with 345 Pieces"},"content":{"rendered":"<div>\u2705 MOC-89247 My Singing Monsters Water Wubbox&nbsp;<\/p>\n<p>\u2705The Water Wubbox is a unique and special monster in the popular mobile game &#8220;My Singing Monsters.&#8221; This game, developed by Big Blue Bubble, features a world where players collect and breed various monsters, each with its own unique musical abilities and characteristics.<\/p>\n<p>\ud83d\udeab FONTOS!<\/p>\n<p>Product Name: My Singing Monsters Water Wubbox&nbsp;<\/p>\n<p>Kateg\u00f3ria: Film<\/p>\n<p>This Kit Contains: C9674Y01<\/p>\n<p>345 pcs Good Quality Bricks<\/p>\n<p>Size: 23.9 x 5.3 x 21.6 cm<\/p>\n<p>Weight: 0.17 kg<\/p>\n<p>PDF \u00datmutat\u00f3<\/p>\n<p>\ud83d\udcccA f\u0151szerepl\u0151 term\u00e9szete<\/p>\n<p>Introducing our proud collection named \u201cMy Singing Monsters Water Wubbox \u201d you should not miss.<\/p>\n<p>To unlock the Water Wubbox, you must first purchase the Water Island, where it resides. The Water Island becomes accessible to players once they reach a certain level and have collected a specific number of Water monsters. The Water Wubbox serves as a special type of Wubbox on the Water Island. It functions similarly to other Wubboxes in the game by allowing players to store and upgrade monsters. However, the Water Wubbox specifically accommodates Water element monsters. The Water Wubbox has a distinctive appearance, with water-themed features and animations. It&#8217;s larger and more visually appealing compared to regular Wubboxes.<\/p><\/div>","protected":false},"excerpt":{"rendered":"<p>M\u00e1rka: MOC Factory<br \/>\nNem: Uniszex<br \/>\nKoroszt\u00e1ly: &gt; 6 \u00e9v<br \/>\nModel Number: 89247<br \/>\nBesorol\u00e1s: \u00d6sszeszerel\u00e9s<br \/>\nM\u0171anyag blokk forma: \u00f6nz\u00e1r\u00f3 t\u00e9gla<br \/>\nAnyaga: M\u0171anyag<br \/>\nM\u0171anyag t\u00edpus: ABS<br \/>\nBricks Blocks: 345 +<br \/>\nEredeti doboza nincs<\/p>","protected":false},"featured_media":50556,"comment_status":"open","ping_status":"closed","template":"","meta":{"_acf_changed":false},"product_cat":[1365,1769,371],"product_tag":[11072,8452,9139,11468,11859,11467,8982,11860],"class_list":["product","first","instock","shipping-taxable","purchasable","product-type-simple"],"acf":[],"_links":{"self":[{"href":"https:\/\/mouldking.store\/hu\/wp-json\/wp\/v2\/product\/50565","targetHints":{"allow":["GET"]}}],"collection":[{"href":"https:\/\/mouldking.store\/hu\/wp-json\/wp\/v2\/product"}],"about":[{"href":"https:\/\/mouldking.store\/hu\/wp-json\/wp\/v2\/types\/product"}],"replies":[{"embeddable":true,"href":"https:\/\/mouldking.store\/hu\/wp-json\/wp\/v2\/comments?post=50565"}],"wp:featuredmedia":[{"embeddable":true,"href":"https:\/\/mouldking.store\/hu\/wp-json\/wp\/v2\/media\/50556"}],"wp:attachment":[{"href":"https:\/\/mouldking.store\/hu\/wp-json\/wp\/v2\/media?parent=50565"}],"wp:term":[{"taxonomy":"product_cat","embeddable":true,"href":"https:\/\/mouldking.store\/hu\/wp-json\/wp\/v2\/product_cat?post=50565"},{"taxonomy":"product_tag","embeddable":true,"href":"https:\/\/mouldking.store\/hu\/wp-json\/wp\/v2\/product_tag?post=50565"}],"curies":[{"name":"wp","href":"https:\/\/api.w.org\/{rel}","templated":true}]}}