{"id":50574,"date":"2023-09-15T09:50:39","date_gmt":"2023-09-15T02:50:39","guid":{"rendered":"https:\/\/mouldking.store\/shop\/moc-factory-89246-day-of-the-dead-band-with-278-pieces\/"},"modified":"2025-12-16T20:59:24","modified_gmt":"2025-12-16T13:59:24","slug":"moc-factory-89246-day-of-the-dead-band-with-278-pieces","status":"publish","type":"product","link":"https:\/\/mouldking.store\/hu\/shop\/moc-factory-89246-day-of-the-dead-band-with-278-pieces\/","title":{"rendered":"MOC Factory 89246 Day of the Dead Band with 278 Pieces"},"content":{"rendered":"<div>\u2705 MOC-89246 Day of the Dead Band<\/p>\n<p>\u2705&#8221;Day of the Dead&#8221; or &#8220;Day of the Deceased.&#8221; It is a traditional Mexican holiday also celebrated in other Latin American countries. This holiday is observed to commemorate and honor the souls of departed loved ones, typically taking place on November 1st and November 2nd each year. During this celebration, people prepare food, fresh flowers, and candies as offerings for their deceased relatives. They gather at family gravesites or memorials to pray and remember their loved ones.<\/p>\n<p>\ud83d\udeab FONTOS!<\/p>\n<p>Product Name: Day of the Dead Band<\/p>\n<p>Kateg\u00f3ria: Alkot\u00f3<\/p>\n<p>This Kit Contains: C9654Y03<\/p>\n<p>278 pcs Good Quality Bricks<\/p>\n<p>Size: 17.7 x 7.4 x 26.6 cm<\/p>\n<p>PDF \u00datmutat\u00f3<\/p>\n<p>\ud83d\udcccA f\u0151szerepl\u0151 term\u00e9szete<\/p>\n<p>Introducing our proud collection named \u201cDay of the Dead Band\u201d you should not miss.<\/p>\n<p>Symbols associated with this holiday include colorful sugar skulls and masks, as well as flowers, candles, and food. The Day of the Dead emphasizes the connection between the living and the departed and is regarded as a traditional and cultural celebration.<\/p><\/div>","protected":false},"excerpt":{"rendered":"<p>M\u00e1rka: MOC Factory<br \/>\nNem: Uniszex<br \/>\nKoroszt\u00e1ly: &gt; 6 \u00e9v<br \/>\nModel Number: 89246<br \/>\nBesorol\u00e1s: \u00d6sszeszerel\u00e9s<br \/>\nM\u0171anyag blokk forma: \u00f6nz\u00e1r\u00f3 t\u00e9gla<br \/>\nAnyaga: M\u0171anyag<br \/>\nM\u0171anyag t\u00edpus: ABS<br \/>\nBricks Blocks: 278 +<br \/>\nEredeti doboza nincs<\/p>","protected":false},"featured_media":50566,"comment_status":"open","ping_status":"closed","template":"","meta":{"_acf_changed":false},"product_cat":[1365,371],"product_tag":[12507,11072,8452,12634,12633],"class_list":["product","first","instock","shipping-taxable","purchasable","product-type-simple"],"acf":[],"_links":{"self":[{"href":"https:\/\/mouldking.store\/hu\/wp-json\/wp\/v2\/product\/50574","targetHints":{"allow":["GET"]}}],"collection":[{"href":"https:\/\/mouldking.store\/hu\/wp-json\/wp\/v2\/product"}],"about":[{"href":"https:\/\/mouldking.store\/hu\/wp-json\/wp\/v2\/types\/product"}],"replies":[{"embeddable":true,"href":"https:\/\/mouldking.store\/hu\/wp-json\/wp\/v2\/comments?post=50574"}],"wp:featuredmedia":[{"embeddable":true,"href":"https:\/\/mouldking.store\/hu\/wp-json\/wp\/v2\/media\/50566"}],"wp:attachment":[{"href":"https:\/\/mouldking.store\/hu\/wp-json\/wp\/v2\/media?parent=50574"}],"wp:term":[{"taxonomy":"product_cat","embeddable":true,"href":"https:\/\/mouldking.store\/hu\/wp-json\/wp\/v2\/product_cat?post=50574"},{"taxonomy":"product_tag","embeddable":true,"href":"https:\/\/mouldking.store\/hu\/wp-json\/wp\/v2\/product_tag?post=50574"}],"curies":[{"name":"wp","href":"https:\/\/api.w.org\/{rel}","templated":true}]}}