{"id":50590,"date":"2023-09-15T10:03:09","date_gmt":"2023-09-15T03:03:09","guid":{"rendered":"https:\/\/mouldking.store\/shop\/moc-factory-153219-gundam-msm-07s-zgok-with-218-pieces\/"},"modified":"2025-12-16T20:59:24","modified_gmt":"2025-12-16T13:59:24","slug":"moc-factory-153219-gundam-msm-07s-zgok-with-218-pieces","status":"publish","type":"product","link":"https:\/\/mouldking.store\/hu\/shop\/moc-factory-153219-gundam-msm-07s-zgok-with-218-pieces\/","title":{"rendered":"MOC Factory 153219 Gundam MSM-07S Z&#8217;Gok with 218 Pieces"},"content":{"rendered":"<div>\u2705 MOC-153219 Gundam MSM-07S Z&#8217;Gok<\/p>\n<p>\u2705The MSM-07S Z&#8217;Gok is a mobile suit featured in the popular anime and manga series &#8220;Mobile Suit Gundam.&#8221; This amphibious mobile suit is part of the Zeon forces and was introduced in the original &#8220;Mobile Suit Gundam&#8221; series, which first aired in 1979.<\/p>\n<p>\ud83d\udeab FONTOS!<\/p>\n<p>Product Name: Gundam MSM-07S Z&#8217;Gok<\/p>\n<p>Kateg\u00f3ria: Film<\/p>\n<p>This Kit Contains: C9660<\/p>\n<p>218 pcs Good Quality Bricks<\/p>\n<p>Size:&nbsp; 10 x 8 x 12 cm<\/p>\n<p>Weight: 0.11 kg<\/p>\n<p>PDF \u00datmutat\u00f3<\/p>\n<p>\ud83d\udcccA f\u0151szerepl\u0151 term\u00e9szete<\/p>\n<p>Introducing our proud collection named \u201cGundam MSM-07S Z&#8217;Gok\u201d you should not miss.<\/p>\n<p>The Z&#8217;Gok has a distinctive design with a rounded, aquatic appearance, resembling a lobster or crab. It is painted in a blue color scheme to match its underwater combat capabilities.The Z&#8217;Gok is designed primarily for underwater combat, and it is highly maneuverable in aquatic environments. It is equipped with powerful melee weapons, including pincer claws and a heat rod, which can be used to electrocute enemies on contact. The mobile suit is armed with torpedo launchers and can fire torpedoes both underwater and on the surface. The Z&#8217;Gok is part of the Zeon forces and is used during the early stages of the One Year War, the conflict central to the original &#8220;Mobile Suit Gundam&#8221; series.<\/p><\/div>","protected":false},"excerpt":{"rendered":"<p>M\u00e1rka: MOC Factory<br \/>\nNem: Uniszex<br \/>\nKoroszt\u00e1ly: &gt; 6 \u00e9v<br \/>\nModel Number: 153219<br \/>\nBesorol\u00e1s: \u00d6sszeszerel\u00e9s<br \/>\nM\u0171anyag blokk forma: \u00f6nz\u00e1r\u00f3 t\u00e9gla<br \/>\nAnyaga: M\u0171anyag<br \/>\nM\u0171anyag t\u00edpus: ABS<br \/>\nBricks Blocks: 218 +<br \/>\nEredeti doboza nincs<\/p>","protected":false},"featured_media":50584,"comment_status":"open","ping_status":"closed","template":"","meta":{"_acf_changed":false},"product_cat":[1365,371,581,1408,1922],"product_tag":[11072,8452,2581,434,12635,590,12636],"class_list":["product","first","instock","shipping-taxable","purchasable","product-type-simple"],"acf":[],"_links":{"self":[{"href":"https:\/\/mouldking.store\/hu\/wp-json\/wp\/v2\/product\/50590","targetHints":{"allow":["GET"]}}],"collection":[{"href":"https:\/\/mouldking.store\/hu\/wp-json\/wp\/v2\/product"}],"about":[{"href":"https:\/\/mouldking.store\/hu\/wp-json\/wp\/v2\/types\/product"}],"replies":[{"embeddable":true,"href":"https:\/\/mouldking.store\/hu\/wp-json\/wp\/v2\/comments?post=50590"}],"wp:featuredmedia":[{"embeddable":true,"href":"https:\/\/mouldking.store\/hu\/wp-json\/wp\/v2\/media\/50584"}],"wp:attachment":[{"href":"https:\/\/mouldking.store\/hu\/wp-json\/wp\/v2\/media?parent=50590"}],"wp:term":[{"taxonomy":"product_cat","embeddable":true,"href":"https:\/\/mouldking.store\/hu\/wp-json\/wp\/v2\/product_cat?post=50590"},{"taxonomy":"product_tag","embeddable":true,"href":"https:\/\/mouldking.store\/hu\/wp-json\/wp\/v2\/product_tag?post=50590"}],"curies":[{"name":"wp","href":"https:\/\/api.w.org\/{rel}","templated":true}]}}