{"id":50679,"date":"2023-09-25T16:28:44","date_gmt":"2023-09-25T09:28:44","guid":{"rendered":"https:\/\/mouldking.store\/shop\/52toys-bb-53cl-roseus-with-100-pieces\/"},"modified":"2023-09-25T16:28:44","modified_gmt":"2023-09-25T09:28:44","slug":"52toys-bb-53cl-roseus-with-100-pieces","status":"publish","type":"product","link":"https:\/\/mouldking.store\/hu\/shop\/52toys-bb-53cl-roseus-with-100-pieces\/","title":{"rendered":"52TOYS BB-53CL ROSEUS with 100 Pieces"},"content":{"rendered":"<div>\u270552TOYS BB-53CL ROSEUS<br \/>&nbsp;<br \/>\u2705The 52TOYS BeastBox BB-53CL ROSEUS is a specific figure in the BeastBox toy line produced by 52TOYS. BeastBox figures are known for their innovative designs and transformation features. The BB-53CL ROSEUS is one of the variations within this series.<br \/>&nbsp;<br \/>\ud83d\udeab FONTOS!&nbsp;<br \/>&nbsp;<br \/>Product Name: ROSEUS<br \/>&nbsp;<br \/>Kateg\u00f3ria: Alkot\u00f3&nbsp;<br \/>&nbsp;<br \/>This Kit Contains: 52TOYS BB-53CL&nbsp;<br \/>&nbsp;<br \/>100 db j\u00f3 min\u0151s\u00e9g\u0171 t\u00e9gla&nbsp;<br \/>&nbsp;<br \/>M\u00e9rete: 16 cm<br \/>&nbsp;<br \/>K\u00e9zi utas\u00edt\u00e1sok&nbsp;<br \/>&nbsp;<br \/>\ud83d\udcccA f\u0151szerepl\u0151 term\u00e9szete&nbsp;<br \/>&nbsp;<br \/>Introducing our proud collection named \u201cROSEUS\u201d you should not miss.&nbsp;<br \/>&nbsp;<br \/>BB-53CL Roseus is the newest member of the &#8220;BeastBOX&#8221; lineup from 52Toys! He transforms from a 5cm cube to a beautiful mechanical flamingo, fully posable with a wide range of movable parts! His wingspan is an impressive 25cm when his wings are spread; this is a different color version of BB-53 Floyd!&nbsp;<\/div>","protected":false},"excerpt":{"rendered":"<p>M\u00e1rka: 52TOYS<br \/>\nNem: Uniszex<br \/>\nKoroszt\u00e1ly: &gt; 6 \u00e9v<br \/>\nModel Number: BB-53CL<br \/>\nBesorol\u00e1s: \u00d6sszeszerel\u00e9s<br \/>\nM\u0171anyag blokk forma: \u00f6nz\u00e1r\u00f3 t\u00e9gla<br \/>\nAnyaga: M\u0171anyag<br \/>\nM\u0171anyag t\u00edpus: ABS<br \/>\nT\u00e9gla T\u00e9gla: 100+<br \/>\nEredeti doboza nincs<\/p>","protected":false},"author":83,"featured_media":50668,"comment_status":"open","ping_status":"closed","template":"","meta":{"_acf_changed":false},"product_cat":[1365,371],"product_tag":[11072,8452,12641,590,12640],"class_list":["product","first","instock","shipping-taxable","purchasable","product-type-simple"],"acf":[],"_links":{"self":[{"href":"https:\/\/mouldking.store\/hu\/wp-json\/wp\/v2\/product\/50679","targetHints":{"allow":["GET"]}}],"collection":[{"href":"https:\/\/mouldking.store\/hu\/wp-json\/wp\/v2\/product"}],"about":[{"href":"https:\/\/mouldking.store\/hu\/wp-json\/wp\/v2\/types\/product"}],"author":[{"embeddable":true,"href":"https:\/\/mouldking.store\/hu\/wp-json\/wp\/v2\/users\/83"}],"replies":[{"embeddable":true,"href":"https:\/\/mouldking.store\/hu\/wp-json\/wp\/v2\/comments?post=50679"}],"wp:featuredmedia":[{"embeddable":true,"href":"https:\/\/mouldking.store\/hu\/wp-json\/wp\/v2\/media\/50668"}],"wp:attachment":[{"href":"https:\/\/mouldking.store\/hu\/wp-json\/wp\/v2\/media?parent=50679"}],"wp:term":[{"taxonomy":"product_cat","embeddable":true,"href":"https:\/\/mouldking.store\/hu\/wp-json\/wp\/v2\/product_cat?post=50679"},{"taxonomy":"product_tag","embeddable":true,"href":"https:\/\/mouldking.store\/hu\/wp-json\/wp\/v2\/product_tag?post=50679"}],"curies":[{"name":"wp","href":"https:\/\/api.w.org\/{rel}","templated":true}]}}