{"id":50692,"date":"2023-09-25T16:29:39","date_gmt":"2023-09-25T09:29:39","guid":{"rendered":"https:\/\/mouldking.store\/shop\/custom-3301-iron-book-marvel-super-heroes-with-2009-pieces\/"},"modified":"2023-09-25T16:29:39","modified_gmt":"2023-09-25T09:29:39","slug":"custom-3301-iron-book-marvel-super-heroes-with-2009-pieces","status":"publish","type":"product","link":"https:\/\/mouldking.store\/hu\/shop\/custom-3301-iron-book-marvel-super-heroes-with-2009-pieces\/","title":{"rendered":"Custom 3301 Iron Book Marvel Super Heroes with 2009 Pieces"},"content":{"rendered":"<div>\u2705 Custom 3301 J15 Iron Book Marvel Super Heroes<br \/>&nbsp;<br \/>\u2705Iron Man, whose real name is Tony Stark, is a prominent character in the Marvel Universe known for his armored suits and technological genius. He has appeared in numerous comic book series, story arcs, and graphic novels over the years.<br \/>&nbsp;<br \/>\ud83d\udeab FONTOS!&nbsp;<br \/>&nbsp;<br \/>Product Name: Iron Book Marvel Super Heroes<br \/>&nbsp;<br \/>Kateg\u00f3ria: Alkot\u00f3&nbsp;<br \/>&nbsp;<br \/>This Kit Contains:&nbsp; Custom 3301<br \/>&nbsp;<br \/>2009 pcs Good Quality Bricks&nbsp;<br \/>&nbsp;<br \/>Size: 57 \u00d7 26.6 cm<br \/>&nbsp;<br \/>K\u00e9zi utas\u00edt\u00e1sok&nbsp;<br \/>&nbsp;<br \/>\ud83d\udcccA f\u0151szerepl\u0151 term\u00e9szete&nbsp;<br \/>&nbsp;<br \/>Introducing our proud collection named \u201cIron Book Marvel Super Heroes\u201d you should not miss.&nbsp;<br \/>&nbsp;<br \/>Iron Man has been a central character in numerous comic book series, as well as in the Marvel Cinematic Universe (MCU) where he is portrayed by actor Robert Downey Jr. in several films.&nbsp;<\/div>","protected":false},"excerpt":{"rendered":"<p>M\u00e1rka: Custom<br \/>\nNem: Uniszex<br \/>\nKoroszt\u00e1ly: &gt; 6 \u00e9v<br \/>\nModel Number: 3301<br \/>\nBesorol\u00e1s: \u00d6sszeszerel\u00e9s<br \/>\nM\u0171anyag blokk forma: \u00f6nz\u00e1r\u00f3 t\u00e9gla<br \/>\nAnyaga: M\u0171anyag<br \/>\nM\u0171anyag t\u00edpus: ABS<br \/>\nBricks Blocks: 2009 +<br \/>\nEredeti doboza nincs<\/p>","protected":false},"featured_media":50687,"comment_status":"open","ping_status":"closed","template":"","meta":{"_acf_changed":false},"product_cat":[1365,1373,1848,371,581,1408],"product_tag":[1411,11072,8452,8789,1496,434,1498],"class_list":["product","first","instock","shipping-taxable","purchasable","product-type-simple"],"acf":[],"_links":{"self":[{"href":"https:\/\/mouldking.store\/hu\/wp-json\/wp\/v2\/product\/50692","targetHints":{"allow":["GET"]}}],"collection":[{"href":"https:\/\/mouldking.store\/hu\/wp-json\/wp\/v2\/product"}],"about":[{"href":"https:\/\/mouldking.store\/hu\/wp-json\/wp\/v2\/types\/product"}],"replies":[{"embeddable":true,"href":"https:\/\/mouldking.store\/hu\/wp-json\/wp\/v2\/comments?post=50692"}],"wp:featuredmedia":[{"embeddable":true,"href":"https:\/\/mouldking.store\/hu\/wp-json\/wp\/v2\/media\/50687"}],"wp:attachment":[{"href":"https:\/\/mouldking.store\/hu\/wp-json\/wp\/v2\/media?parent=50692"}],"wp:term":[{"taxonomy":"product_cat","embeddable":true,"href":"https:\/\/mouldking.store\/hu\/wp-json\/wp\/v2\/product_cat?post=50692"},{"taxonomy":"product_tag","embeddable":true,"href":"https:\/\/mouldking.store\/hu\/wp-json\/wp\/v2\/product_tag?post=50692"}],"curies":[{"name":"wp","href":"https:\/\/api.w.org\/{rel}","templated":true}]}}