{"id":50705,"date":"2023-09-25T16:30:59","date_gmt":"2023-09-25T09:30:59","guid":{"rendered":"https:\/\/mouldking.store\/shop\/lwck-2052-hulk-destroyer-mk-48-hulkbuster-armor-with-1529-pieces\/"},"modified":"2023-09-25T16:30:59","modified_gmt":"2023-09-25T09:30:59","slug":"lwck-2052-hulk-destroyer-mk-48-hulkbuster-armor-with-1529-pieces","status":"publish","type":"product","link":"https:\/\/mouldking.store\/hu\/shop\/lwck-2052-hulk-destroyer-mk-48-hulkbuster-armor-with-1529-pieces\/","title":{"rendered":"LWCK 2052 Hulk Destroyer MK-48 Hulkbuster Armor with 1529 Pieces"},"content":{"rendered":"<div>\u2705LWCK 2052 Hulk Destroyer MK-48 Hulkbuster Armor<br \/>&nbsp;<br \/>\u2705The Hulkbuster armor is typically associated with Tony Stark (Iron Man) and has been used in the comics and the Marvel Cinematic Universe (MCU) to combat the Hulk, who is known for his incredible strength and durability.<br \/>&nbsp;<br \/>\ud83d\udeab FONTOS!&nbsp;<br \/>&nbsp;<br \/>Product Name: Hulk Destroyer MK-48 Hulkbuster Armor<br \/>&nbsp;<br \/>Kateg\u00f3ria: Film<br \/>&nbsp;<br \/>This Kit Contains: LWCK 2052<br \/>&nbsp;<br \/>1529 pcs Good Quality Bricks&nbsp;<br \/>&nbsp;<br \/>Size: 20.6 \u00d7 22.8 cm<br \/>&nbsp;<br \/>K\u00e9zi utas\u00edt\u00e1sok&nbsp;<br \/>&nbsp;<br \/>\ud83d\udcccA f\u0151szerepl\u0151 term\u00e9szete&nbsp;<br \/>&nbsp;<br \/>Introducing our proud collection named \u201cHulk Destroyer MK-48 Hulkbuster Armor\u201d you should not miss.&nbsp;<br \/>&nbsp;<br \/>The Hulkbuster is a powered exoskeleton or suit of armor designed specifically for combating the Hulk, one of the most powerful and unpredictable characters in the Marvel Comics universe. The Hulkbuster armor is most closely associated with Tony Stark, also known as Iron Man.<\/div>","protected":false},"excerpt":{"rendered":"<p>Brand: LWCK<br \/>\nNem: Uniszex<br \/>\nKoroszt\u00e1ly: &gt; 6 \u00e9v<br \/>\nModel Number: 2052<br \/>\nBesorol\u00e1s: \u00d6sszeszerel\u00e9s<br \/>\nM\u0171anyag blokk forma: \u00f6nz\u00e1r\u00f3 t\u00e9gla<br \/>\nAnyaga: M\u0171anyag<br \/>\nM\u0171anyag t\u00edpus: ABS<br \/>\nBricks Blocks: 1529 +<br \/>\nEredeti doboza nincs<\/p>","protected":false},"featured_media":50700,"comment_status":"open","ping_status":"closed","template":"","meta":{"_acf_changed":false},"product_cat":[1365,1848,371,581,1408],"product_tag":[11072,8452,682,11591,1496,12065,434],"class_list":["product","first","instock","shipping-taxable","purchasable","product-type-simple"],"acf":[],"_links":{"self":[{"href":"https:\/\/mouldking.store\/hu\/wp-json\/wp\/v2\/product\/50705","targetHints":{"allow":["GET"]}}],"collection":[{"href":"https:\/\/mouldking.store\/hu\/wp-json\/wp\/v2\/product"}],"about":[{"href":"https:\/\/mouldking.store\/hu\/wp-json\/wp\/v2\/types\/product"}],"replies":[{"embeddable":true,"href":"https:\/\/mouldking.store\/hu\/wp-json\/wp\/v2\/comments?post=50705"}],"wp:featuredmedia":[{"embeddable":true,"href":"https:\/\/mouldking.store\/hu\/wp-json\/wp\/v2\/media\/50700"}],"wp:attachment":[{"href":"https:\/\/mouldking.store\/hu\/wp-json\/wp\/v2\/media?parent=50705"}],"wp:term":[{"taxonomy":"product_cat","embeddable":true,"href":"https:\/\/mouldking.store\/hu\/wp-json\/wp\/v2\/product_cat?post=50705"},{"taxonomy":"product_tag","embeddable":true,"href":"https:\/\/mouldking.store\/hu\/wp-json\/wp\/v2\/product_tag?post=50705"}],"curies":[{"name":"wp","href":"https:\/\/api.w.org\/{rel}","templated":true}]}}