{"id":50736,"date":"2023-09-25T16:34:39","date_gmt":"2023-09-25T09:34:39","guid":{"rendered":"https:\/\/mouldking.store\/shop\/lwck-90023-flourishing-age-strengthen-the-army-panzerkampfwagen-tiger-ausfuhrung-e-with-1053-pieces\/"},"modified":"2023-09-25T16:34:39","modified_gmt":"2023-09-25T09:34:39","slug":"lwck-90023-flourishing-age-strengthen-the-army-panzerkampfwagen-tiger-ausfuhrung-e-with-1053-pieces","status":"publish","type":"product","link":"https:\/\/mouldking.store\/hu\/shop\/lwck-90023-flourishing-age-strengthen-the-army-panzerkampfwagen-tiger-ausfuhrung-e-with-1053-pieces\/","title":{"rendered":"LWCK 90023 Flourishing Age Strengthen The Army Panzerkampfwagen Tiger Ausf\u00fchrung E with 1053 Pieces"},"content":{"rendered":"<div>\u2705 LWCK 90023 Flourishing Age Strengthen The Army Panzerkampfwagen Tiger Ausf\u00fchrung E&nbsp;<br \/>&nbsp;<br \/>\u2705The Tiger Ausf\u00fchrung E, commonly known as the Tiger I, was developed by Henschel and Porsche during World War II. It entered production in 1942 and saw action on the Eastern Front, Western Front, and in North Africa.<br \/>&nbsp;<br \/>\ud83d\udeab FONTOS!&nbsp;<br \/>&nbsp;<br \/>Product Name: Flourishing Age Strengthen The Army Panzerkampfwagen Tiger Ausf\u00fchrung E&nbsp;<br \/>&nbsp;<br \/>Kateg\u00f3ria: Alkot\u00f3&nbsp;<br \/>&nbsp;<br \/>This Kit Contains:&nbsp; LWCK 90023&nbsp;<br \/>&nbsp;<br \/>1053 pcs Good Quality Bricks&nbsp;<br \/>&nbsp;<br \/>K\u00e9zi utas\u00edt\u00e1sok&nbsp;<br \/>&nbsp;<br \/>\ud83d\udcccA f\u0151szerepl\u0151 term\u00e9szete&nbsp;<br \/>&nbsp;<br \/>Introducing our proud collection named \u201cFlourishing Age Strengthen The Army Panzerkampfwagen Tiger Ausf\u00fchrung E \u201d you should not miss.&nbsp;<br \/>&nbsp;<br \/>&nbsp;The Tiger I was heavily armored, making it one of the most well-protected tanks of its time. It was armed with an 88mm KwK 36 L\/56 gun, which was highly effective against enemy tanks and fortifications. The tank had a crew of five, including a commander, gunner, loader, driver, and radio operator. Despite its heavy armor, the Tiger I had a relatively powerful engine that allowed it to move at decent speeds, though it was not as agile as smaller tanks.<\/div>","protected":false},"excerpt":{"rendered":"<p>Brand: LWCK<br \/>\nNem: Uniszex<br \/>\nKoroszt\u00e1ly: &gt; 6 \u00e9v<br \/>\nModel Number: 90023<br \/>\nBesorol\u00e1s: \u00d6sszeszerel\u00e9s<br \/>\nM\u0171anyag blokk forma: \u00f6nz\u00e1r\u00f3 t\u00e9gla<br \/>\nAnyaga: M\u0171anyag<br \/>\nM\u0171anyag t\u00edpus: ABS<br \/>\nBricks Blocks: 1053 +<br \/>\nEredeti doboza nincs<\/p>","protected":false},"featured_media":50731,"comment_status":"open","ping_status":"closed","template":"","meta":{"_acf_changed":false},"product_cat":[1350,1357,372,364],"product_tag":[11928,12646,12645,374,12071,389,6482],"class_list":["product","first","instock","shipping-taxable","purchasable","product-type-simple"],"acf":[],"_links":{"self":[{"href":"https:\/\/mouldking.store\/hu\/wp-json\/wp\/v2\/product\/50736","targetHints":{"allow":["GET"]}}],"collection":[{"href":"https:\/\/mouldking.store\/hu\/wp-json\/wp\/v2\/product"}],"about":[{"href":"https:\/\/mouldking.store\/hu\/wp-json\/wp\/v2\/types\/product"}],"replies":[{"embeddable":true,"href":"https:\/\/mouldking.store\/hu\/wp-json\/wp\/v2\/comments?post=50736"}],"wp:featuredmedia":[{"embeddable":true,"href":"https:\/\/mouldking.store\/hu\/wp-json\/wp\/v2\/media\/50731"}],"wp:attachment":[{"href":"https:\/\/mouldking.store\/hu\/wp-json\/wp\/v2\/media?parent=50736"}],"wp:term":[{"taxonomy":"product_cat","embeddable":true,"href":"https:\/\/mouldking.store\/hu\/wp-json\/wp\/v2\/product_cat?post=50736"},{"taxonomy":"product_tag","embeddable":true,"href":"https:\/\/mouldking.store\/hu\/wp-json\/wp\/v2\/product_tag?post=50736"}],"curies":[{"name":"wp","href":"https:\/\/api.w.org\/{rel}","templated":true}]}}