{"id":50742,"date":"2023-09-25T16:35:39","date_gmt":"2023-09-25T09:35:39","guid":{"rendered":"https:\/\/mouldking.store\/shop\/mould-king-17002-crane-liebherr-ltr-11200-with-motor-with-3719-pieces\/"},"modified":"2023-09-25T16:35:39","modified_gmt":"2023-09-25T09:35:39","slug":"mould-king-17002-crane-liebherr-ltr-11200-with-motor-with-3719-pieces","status":"publish","type":"product","link":"https:\/\/mouldking.store\/hu\/shop\/mould-king-17002-crane-liebherr-ltr-11200-with-motor-with-3719-pieces\/","title":{"rendered":"MOULD KING 17002 Daru Liebherr LTR 11200 Motorral, 3719 Darabos"},"content":{"rendered":"<div>\u2705Mould King 17002 Crane Liebherr LTR 11200 With Motor<br \/>&nbsp;<br \/>\u2705The Liebherr LTR 11200 is a massive telescopic crawler crane produced by the German company Liebherr Group. It&#8217;s one of the largest crawler cranes in the world, known for its impressive lifting capacity and versatility.&nbsp;<br \/>&nbsp;<br \/>\ud83d\udeab FONTOS!&nbsp;<br \/>&nbsp;<br \/>Product Name: Crane Liebherr LTR 11200 With Motor<br \/>&nbsp;<br \/>Kateg\u00f3ria: M\u0171szaki<br \/>&nbsp;<br \/>This Kit Contains:Mould King 17002<br \/>&nbsp;<br \/>3719 pcs Good Quality Bricks&nbsp;<br \/>&nbsp;<br \/>Size: 148 \u00d7 97 \u00d7 41 cm<br \/>&nbsp;<br \/>K\u00e9zi utas\u00edt\u00e1sok&nbsp;<br \/>&nbsp;<br \/>\ud83d\udcccA f\u0151szerepl\u0151 term\u00e9szete&nbsp;<br \/>&nbsp;<br \/>Introducing our proud collection named \u201cCrane Liebherr LTR 11200 With Motor\u201d you should not miss.&nbsp;<br \/>&nbsp;<br \/>The Liebherr LTR 11200 is capable of lifting extremely heavy loads. Its maximum lifting capacity can vary depending on the configuration and setup, but it&#8217;s typically in the range of 1,200 metric tons (approximately 1,323 U.S. tons). This makes it suitable for handling very large and heavy objects, such as industrial equipment, construction materials, and more.The crane is equipped with a telescopic boom, which can be extended to reach different heights and distances. The boom&#8217;s length and capacity can be adjusted to meet specific job requirements.<\/div>","protected":false},"excerpt":{"rendered":"<p>M\u00e1rka: MOLD KING<br \/>\nNem: Uniszex<br \/>\nKoroszt\u00e1ly: 8 \u00e9v felett<br \/>\nModel Number: 17002<br \/>\nBesorol\u00e1s: \u00d6sszeszerel\u00e9s<br \/>\nM\u0171anyag blokk forma: \u00f6nz\u00e1r\u00f3 t\u00e9gla<br \/>\nAnyaga: M\u0171anyag<br \/>\nM\u0171anyag t\u00edpus: ABS<br \/>\nBricks Blocks: 3719 +<br \/>\nEredeti doboza nincs<\/p>","protected":false},"featured_media":50740,"comment_status":"open","ping_status":"closed","template":"","meta":{"_acf_changed":false},"product_cat":[1357,364],"product_tag":[5205,11648,12647,389,11080],"class_list":["product","first","instock","shipping-taxable","purchasable","product-type-simple"],"acf":[],"_links":{"self":[{"href":"https:\/\/mouldking.store\/hu\/wp-json\/wp\/v2\/product\/50742","targetHints":{"allow":["GET"]}}],"collection":[{"href":"https:\/\/mouldking.store\/hu\/wp-json\/wp\/v2\/product"}],"about":[{"href":"https:\/\/mouldking.store\/hu\/wp-json\/wp\/v2\/types\/product"}],"replies":[{"embeddable":true,"href":"https:\/\/mouldking.store\/hu\/wp-json\/wp\/v2\/comments?post=50742"}],"wp:featuredmedia":[{"embeddable":true,"href":"https:\/\/mouldking.store\/hu\/wp-json\/wp\/v2\/media\/50740"}],"wp:attachment":[{"href":"https:\/\/mouldking.store\/hu\/wp-json\/wp\/v2\/media?parent=50742"}],"wp:term":[{"taxonomy":"product_cat","embeddable":true,"href":"https:\/\/mouldking.store\/hu\/wp-json\/wp\/v2\/product_cat?post=50742"},{"taxonomy":"product_tag","embeddable":true,"href":"https:\/\/mouldking.store\/hu\/wp-json\/wp\/v2\/product_tag?post=50742"}],"curies":[{"name":"wp","href":"https:\/\/api.w.org\/{rel}","templated":true}]}}