{"id":50749,"date":"2023-09-25T16:36:26","date_gmt":"2023-09-25T09:36:26","guid":{"rendered":"https:\/\/mouldking.store\/shop\/lw-7058-deformed-mecha-with-1457-pieces\/"},"modified":"2023-09-25T16:36:26","modified_gmt":"2023-09-25T09:36:26","slug":"lw-7058-deformed-mecha-with-1457-pieces","status":"publish","type":"product","link":"https:\/\/mouldking.store\/hu\/shop\/lw-7058-deformed-mecha-with-1457-pieces\/","title":{"rendered":"LW 7058 Deformed Mecha with 1457 Pieces"},"content":{"rendered":"<div>\u2705LW 7058 Deformed Mecha<br \/>&nbsp;<br \/>\ud83d\udeab FONTOS!&nbsp;<br \/>&nbsp;<br \/>Product Name: Deformed Mecha<br \/>&nbsp;<br \/>Kateg\u00f3ria: Alkot\u00f3&nbsp;<br \/>&nbsp;<br \/>This Kit Contains: LW 7058<br \/>&nbsp;<br \/>1457 pcs Good Quality Bricks&nbsp;<br \/>&nbsp;<br \/>Size: 24.2 \u00d7 28.4 cm<br \/>&nbsp;<br \/>K\u00e9zi utas\u00edt\u00e1sok&nbsp;<br \/>&nbsp;<br \/>\ud83d\udcccA f\u0151szerepl\u0151 term\u00e9szete&nbsp;<br \/>&nbsp;<br \/>Introducing our proud collection named \u201cDeformed Mecha\u201d you should not miss.&nbsp;<br \/>&nbsp;<br \/>&#8220;Deformed Mecha&#8221; is a mecha design that deviates from the typical humanoid or sleek robot appearance. These mecha might have unconventional shapes, asymmetrical features, or exaggerated proportions. They could be designed for specialized purposes, unique combat tactics, or purely for artistic expression.<\/div>","protected":false},"excerpt":{"rendered":"<p>M\u00e1rka: LW<br \/>\nNem: Uniszex<br \/>\nKoroszt\u00e1ly: &gt; 6 \u00e9v<br \/>\nModel Number: 7058<br \/>\nBesorol\u00e1s: \u00d6sszeszerel\u00e9s<br \/>\nM\u0171anyag blokk forma: \u00f6nz\u00e1r\u00f3 t\u00e9gla<br \/>\nAnyaga: M\u0171anyag<br \/>\nM\u0171anyag t\u00edpus: ABS<br \/>\nBricks Blocks: 1457 +<br \/>\nEredeti doboza nincs<\/p>","protected":false},"featured_media":50743,"comment_status":"open","ping_status":"closed","template":"","meta":{"_acf_changed":false},"product_cat":[1365,371],"product_tag":[11072,8452,12648,9302],"class_list":["product","first","instock","shipping-taxable","purchasable","product-type-simple"],"acf":[],"_links":{"self":[{"href":"https:\/\/mouldking.store\/hu\/wp-json\/wp\/v2\/product\/50749","targetHints":{"allow":["GET"]}}],"collection":[{"href":"https:\/\/mouldking.store\/hu\/wp-json\/wp\/v2\/product"}],"about":[{"href":"https:\/\/mouldking.store\/hu\/wp-json\/wp\/v2\/types\/product"}],"replies":[{"embeddable":true,"href":"https:\/\/mouldking.store\/hu\/wp-json\/wp\/v2\/comments?post=50749"}],"wp:featuredmedia":[{"embeddable":true,"href":"https:\/\/mouldking.store\/hu\/wp-json\/wp\/v2\/media\/50743"}],"wp:attachment":[{"href":"https:\/\/mouldking.store\/hu\/wp-json\/wp\/v2\/media?parent=50749"}],"wp:term":[{"taxonomy":"product_cat","embeddable":true,"href":"https:\/\/mouldking.store\/hu\/wp-json\/wp\/v2\/product_cat?post=50749"},{"taxonomy":"product_tag","embeddable":true,"href":"https:\/\/mouldking.store\/hu\/wp-json\/wp\/v2\/product_tag?post=50749"}],"curies":[{"name":"wp","href":"https:\/\/api.w.org\/{rel}","templated":true}]}}