{"id":50779,"date":"2023-09-25T16:43:54","date_gmt":"2023-09-25T09:43:54","guid":{"rendered":"https:\/\/mouldking.store\/shop\/kaido-kd99007-chinese-traditional-festivals-koi-carp-with-678-pieces\/"},"modified":"2023-09-25T16:43:54","modified_gmt":"2023-09-25T09:43:54","slug":"kaido-kd99007-chinese-traditional-festivals-koi-carp-with-678-pieces","status":"publish","type":"product","link":"https:\/\/mouldking.store\/hu\/shop\/kaido-kd99007-chinese-traditional-festivals-koi-carp-with-678-pieces\/","title":{"rendered":"KAIDO KD99007 Chinese Traditional Festivals Koi Carp with 678 Pieces"},"content":{"rendered":"<div>\u2705 KAIDO KD99007 Chinese Traditional Festivals Koi Carp<br \/>&nbsp;<br \/>\u2705Chinese traditional festivals often incorporate various cultural symbols and customs, and while the koi carp itself is not a festival, it does hold significance in Chinese culture and can be associated with certain celebrations.<br \/>&nbsp;<br \/>\ud83d\udeab FONTOS!&nbsp;<br \/>&nbsp;<br \/>Product Name: Chinese Traditional Festivals Koi Carp<br \/>&nbsp;<br \/>Kateg\u00f3ria: Alkot\u00f3&nbsp;<br \/>&nbsp;<br \/>This Kit Contains:&nbsp; KAIDO KD99007&nbsp;<br \/>&nbsp;<br \/>678 db J\u00f3 min\u0151s\u00e9g\u0171 t\u00e9gla&nbsp;<br \/>&nbsp;<br \/>Size: 20.8 \u00d7 11.6 \u00d7 18.8 cm<br \/>&nbsp;<br \/>K\u00e9zi utas\u00edt\u00e1sok&nbsp;<br \/>&nbsp;<br \/>\ud83d\udcccA f\u0151szerepl\u0151 term\u00e9szete&nbsp;<br \/>&nbsp;<br \/>Introducing our proud collection named \u201cChinese Traditional Festivals Koi Carp\u201d you should not miss.&nbsp;<br \/>&nbsp;<br \/>Koi carp are sometimes featured in Chinese New Year decorations and celebrations. They symbolize wealth and good luck because the pronunciation of &#8220;koi&#8221; in Chinese (\u9ca4) is similar to the word for &#8220;surplus&#8221; (\u4f59). While dragon boat racing is the highlight of this festival, koi carp imagery can sometimes be found in the decorations or on the boats. It adds an element of beauty and symbolism to the festivities. Koi carp might not be a central element, but they can be incorporated into lantern designs or other decorations during this festival, which celebrates the harvest and the full moon. In Chinese art and traditional gardens, koi carp are often depicted in ponds. These fish symbolize perseverance and overcoming obstacles because they are known for swimming upstream and even transforming into dragons in some legends.<\/div>","protected":false},"excerpt":{"rendered":"<p>Brand: KAIDO<br \/>\nNem: Uniszex<br \/>\nKoroszt\u00e1ly: 8 \u00e9v felett<br \/>\nModel Number: KD99007<br \/>\nBesorol\u00e1s: \u00d6sszeszerel\u00e9s<br \/>\nM\u0171anyag blokk forma: \u00f6nz\u00e1r\u00f3 t\u00e9gla<br \/>\nAnyaga: M\u0171anyag<br \/>\nM\u0171anyag t\u00edpus: ABS<br \/>\nT\u00e9gla blokkok: 678 +<br \/>\nEredeti doboza nincs<\/p>","protected":false},"featured_media":50773,"comment_status":"open","ping_status":"closed","template":"","meta":{"_acf_changed":false},"product_cat":[1365,371],"product_tag":[6462,12652,11072,8452,12654,11074,12653],"class_list":["product","first","instock","shipping-taxable","purchasable","product-type-simple"],"acf":[],"_links":{"self":[{"href":"https:\/\/mouldking.store\/hu\/wp-json\/wp\/v2\/product\/50779","targetHints":{"allow":["GET"]}}],"collection":[{"href":"https:\/\/mouldking.store\/hu\/wp-json\/wp\/v2\/product"}],"about":[{"href":"https:\/\/mouldking.store\/hu\/wp-json\/wp\/v2\/types\/product"}],"replies":[{"embeddable":true,"href":"https:\/\/mouldking.store\/hu\/wp-json\/wp\/v2\/comments?post=50779"}],"wp:featuredmedia":[{"embeddable":true,"href":"https:\/\/mouldking.store\/hu\/wp-json\/wp\/v2\/media\/50773"}],"wp:attachment":[{"href":"https:\/\/mouldking.store\/hu\/wp-json\/wp\/v2\/media?parent=50779"}],"wp:term":[{"taxonomy":"product_cat","embeddable":true,"href":"https:\/\/mouldking.store\/hu\/wp-json\/wp\/v2\/product_cat?post=50779"},{"taxonomy":"product_tag","embeddable":true,"href":"https:\/\/mouldking.store\/hu\/wp-json\/wp\/v2\/product_tag?post=50779"}],"curies":[{"name":"wp","href":"https:\/\/api.w.org\/{rel}","templated":true}]}}