{"id":50810,"date":"2023-09-25T16:46:37","date_gmt":"2023-09-25T09:46:37","guid":{"rendered":"https:\/\/mouldking.store\/shop\/kaido-kd99004-revolving-restaurant-with-766-pieces\/"},"modified":"2023-09-25T16:46:37","modified_gmt":"2023-09-25T09:46:37","slug":"kaido-kd99004-revolving-restaurant-with-766-pieces","status":"publish","type":"product","link":"https:\/\/mouldking.store\/hu\/shop\/kaido-kd99004-revolving-restaurant-with-766-pieces\/","title":{"rendered":"KAIDO KD99004 Revolving Restaurant with 766 Pieces"},"content":{"rendered":"<div>\u2705 KAIDO KD99004 Revolving Restaurant<br \/>&nbsp;<br \/>\u2705A revolving restaurant is a type of dining establishment designed with a rotating platform or floor that provides panoramic views of the surrounding scenery. These restaurants are typically located in tall buildings or structures with commanding views, such as skyscrapers, towers, or mountain resorts.&nbsp;<br \/>&nbsp;<br \/>\ud83d\udeab FONTOS!&nbsp;<br \/>&nbsp;<br \/>Product Name: Revolving Restaurant<br \/>&nbsp;<br \/>Kateg\u00f3ria: Alkot\u00f3&nbsp;<br \/>&nbsp;<br \/>This Kit Contains:&nbsp; KAIDO KD99004<br \/>&nbsp;<br \/>766 pcs Good Quality Bricks&nbsp;<br \/>&nbsp;<br \/>Size: 26.4 \u00d7 21.5 \u00d7 18 cm<br \/>&nbsp;<br \/>K\u00e9zi utas\u00edt\u00e1sok&nbsp;<br \/>&nbsp;<br \/>\ud83d\udcccA f\u0151szerepl\u0151 term\u00e9szete&nbsp;<br \/>&nbsp;<br \/>Introducing our proud collection named \u201cRevolving Restaurant\u201d you should not miss.&nbsp;<br \/>&nbsp;<br \/>The primary attraction of a revolving restaurant is its ability to offer diners a complete 360-degree view of the surrounding landscape. As the platform slowly rotates, patrons can enjoy different perspectives of the city skyline, natural scenery, or landmarks. Revolving restaurants are often situated in locations known for their breathtaking views, such as overlooking a city&#8217;s skyline, perched on a mountain peak, or positioned near a coastline. These restaurants typically offer a fine dining experience, with upscale menus featuring a range of cuisines, from international to regional specialties. The combination of gourmet cuisine and stunning views makes for a memorable dining experience.<\/div>","protected":false},"excerpt":{"rendered":"<p>Brand: KAIDO<br \/>\nNem: Uniszex<br \/>\nKoroszt\u00e1ly: 8 \u00e9v felett<br \/>\nModel Number: KD99004<br \/>\nBesorol\u00e1s: \u00d6sszeszerel\u00e9s<br \/>\nM\u0171anyag blokk forma: \u00f6nz\u00e1r\u00f3 t\u00e9gla<br \/>\nAnyaga: M\u0171anyag<br \/>\nM\u0171anyag t\u00edpus: ABS<br \/>\nBricks Blocks: 766 +<br \/>\nEredeti doboza nincs<\/p>","protected":false},"featured_media":50802,"comment_status":"open","ping_status":"closed","template":"","meta":{"_acf_changed":false},"product_cat":[1365,371],"product_tag":[11072,8452,2870,12659],"class_list":["product","first","instock","shipping-taxable","purchasable","product-type-simple"],"acf":[],"_links":{"self":[{"href":"https:\/\/mouldking.store\/hu\/wp-json\/wp\/v2\/product\/50810","targetHints":{"allow":["GET"]}}],"collection":[{"href":"https:\/\/mouldking.store\/hu\/wp-json\/wp\/v2\/product"}],"about":[{"href":"https:\/\/mouldking.store\/hu\/wp-json\/wp\/v2\/types\/product"}],"replies":[{"embeddable":true,"href":"https:\/\/mouldking.store\/hu\/wp-json\/wp\/v2\/comments?post=50810"}],"wp:featuredmedia":[{"embeddable":true,"href":"https:\/\/mouldking.store\/hu\/wp-json\/wp\/v2\/media\/50802"}],"wp:attachment":[{"href":"https:\/\/mouldking.store\/hu\/wp-json\/wp\/v2\/media?parent=50810"}],"wp:term":[{"taxonomy":"product_cat","embeddable":true,"href":"https:\/\/mouldking.store\/hu\/wp-json\/wp\/v2\/product_cat?post=50810"},{"taxonomy":"product_tag","embeddable":true,"href":"https:\/\/mouldking.store\/hu\/wp-json\/wp\/v2\/product_tag?post=50810"}],"curies":[{"name":"wp","href":"https:\/\/api.w.org\/{rel}","templated":true}]}}