{"id":50818,"date":"2023-09-25T16:47:07","date_gmt":"2023-09-25T09:47:07","guid":{"rendered":"https:\/\/mouldking.store\/shop\/kaido-kd99003-colorful-candy-factory-with-695-pieces\/"},"modified":"2023-09-25T16:47:07","modified_gmt":"2023-09-25T09:47:07","slug":"kaido-kd99003-colorful-candy-factory-with-695-pieces","status":"publish","type":"product","link":"https:\/\/mouldking.store\/hu\/shop\/kaido-kd99003-colorful-candy-factory-with-695-pieces\/","title":{"rendered":"KAIDO KD99003 Colorful Candy Factory with 695 Pieces"},"content":{"rendered":"<div>\u2705 KAIDO KD99003 Colorful Candy Factory<br \/>&nbsp;<br \/>\u2705A &#8220;Colorful Candy Factory&#8221; typically refers to a facility where candies and sweets are manufactured, often with a focus on producing a wide variety of colorful and visually appealing confections. These factories are known for their vibrant and creative candy-making processes.<br \/>&nbsp;<br \/>\ud83d\udeab FONTOS!&nbsp;<br \/>&nbsp;<br \/>Product Name: Colorful Candy Factory<br \/>&nbsp;<br \/>Kateg\u00f3ria: Alkot\u00f3&nbsp;<br \/>&nbsp;<br \/>This Kit Contains: KAIDO KD99003<br \/>&nbsp;<br \/>695 pcs Good Quality Bricks&nbsp;<br \/>&nbsp;<br \/>Size: 15.5 \u00d7 26.6 \u00d7 28 cm<br \/>&nbsp;<br \/>K\u00e9zi utas\u00edt\u00e1sok&nbsp;<br \/>&nbsp;<br \/>\ud83d\udcccA f\u0151szerepl\u0151 term\u00e9szete&nbsp;<br \/>&nbsp;<br \/>Introducing our proud collection named \u201cColorful Candy Factory\u201d you should not miss.&nbsp;<br \/>&nbsp;<br \/>The primary purpose of a colorful candy factory is to produce candies and sweets. These can include a wide range of confections such as hard candies, gummies, chocolates, lollipops, and more. The candies are often made in various shapes, sizes, and flavors. As the name suggests, one of the defining features of a colorful candy factory is the use of vibrant and eye-catching colors. Candy makers use food coloring and dyes to create candies in a wide spectrum of hues, appealing to both children and adults. Candy factories often focus on creating candies with creative and fun designs. This can include novelty shapes, patterns, and even candies with images or messages embedded within them.<\/div>","protected":false},"excerpt":{"rendered":"<p>Brand: KAIDO<br \/>\nNem: Uniszex<br \/>\nKoroszt\u00e1ly: 8 \u00e9v felett<br \/>\nModel Number: KD99003<br \/>\nBesorol\u00e1s: \u00d6sszeszerel\u00e9s<br \/>\nM\u0171anyag blokk forma: \u00f6nz\u00e1r\u00f3 t\u00e9gla<br \/>\nAnyaga: M\u0171anyag<br \/>\nM\u0171anyag t\u00edpus: ABS<br \/>\nBricks Blocks: 695 +<br \/>\nEredeti doboza nincs<\/p>","protected":false},"featured_media":50811,"comment_status":"open","ping_status":"closed","template":"","meta":{"_acf_changed":false},"product_cat":[1365,371],"product_tag":[7921,12660,11072,8452,8879],"class_list":["product","first","instock","shipping-taxable","purchasable","product-type-simple"],"acf":[],"_links":{"self":[{"href":"https:\/\/mouldking.store\/hu\/wp-json\/wp\/v2\/product\/50818","targetHints":{"allow":["GET"]}}],"collection":[{"href":"https:\/\/mouldking.store\/hu\/wp-json\/wp\/v2\/product"}],"about":[{"href":"https:\/\/mouldking.store\/hu\/wp-json\/wp\/v2\/types\/product"}],"replies":[{"embeddable":true,"href":"https:\/\/mouldking.store\/hu\/wp-json\/wp\/v2\/comments?post=50818"}],"wp:featuredmedia":[{"embeddable":true,"href":"https:\/\/mouldking.store\/hu\/wp-json\/wp\/v2\/media\/50811"}],"wp:attachment":[{"href":"https:\/\/mouldking.store\/hu\/wp-json\/wp\/v2\/media?parent=50818"}],"wp:term":[{"taxonomy":"product_cat","embeddable":true,"href":"https:\/\/mouldking.store\/hu\/wp-json\/wp\/v2\/product_cat?post=50818"},{"taxonomy":"product_tag","embeddable":true,"href":"https:\/\/mouldking.store\/hu\/wp-json\/wp\/v2\/product_tag?post=50818"}],"curies":[{"name":"wp","href":"https:\/\/api.w.org\/{rel}","templated":true}]}}