{"id":50836,"date":"2023-09-25T16:48:52","date_gmt":"2023-09-25T09:48:52","guid":{"rendered":"https:\/\/mouldking.store\/shop\/52toys-bb-03ik-jostak-with-100-pieces\/"},"modified":"2023-09-25T16:48:52","modified_gmt":"2023-09-25T09:48:52","slug":"52toys-bb-03ik-jostak-with-100-pieces","status":"publish","type":"product","link":"https:\/\/mouldking.store\/hu\/shop\/52toys-bb-03ik-jostak-with-100-pieces\/","title":{"rendered":"52TOYS BB-03IK Jostak with 100 Pieces"},"content":{"rendered":"<div>\u2705 52TOYS BB-03IK Jostak<br \/>&nbsp;<br \/>\u2705The 52TOYS BeastBox BB-03IK is a specific figure within the BeastBox series by 52TOYS. The BeastBox series is known for producing collectible toy figures that can transform between various animal forms and robot forms. Each figure in the series features unique designs and transformations.<br \/>&nbsp;<br \/>\ud83d\udeab FONTOS!&nbsp;<br \/>&nbsp;<br \/>Product Name: Jostak<br \/>&nbsp;<br \/>Kateg\u00f3ria: Alkot\u00f3&nbsp;<br \/>&nbsp;<br \/>This Kit Contains: 52TOYS BB-03IK<br \/>&nbsp;<br \/>100 db j\u00f3 min\u0151s\u00e9g\u0171 t\u00e9gla&nbsp;<br \/>&nbsp;<br \/>Size:&nbsp; 15 cm<br \/>&nbsp;<br \/>K\u00e9zi utas\u00edt\u00e1sok&nbsp;<br \/>&nbsp;<br \/>\ud83d\udcccA f\u0151szerepl\u0151 term\u00e9szete&nbsp;<br \/>&nbsp;<br \/>Introducing our proud collection named \u201cOJostak\u201d you should not miss.&nbsp;<br \/>&nbsp;<br \/>The &#8220;BB-03IK&#8221; designation likely indicates the model number or identifier for this particular BeastBox figure. The &#8220;IK&#8221; part may refer to a specific variant or version of the BB-03 figure, possibly denoting its color scheme or other design features.<\/div>","protected":false},"excerpt":{"rendered":"<p>M\u00e1rka: 52TOYS<br \/>\nNem: Uniszex<br \/>\nKoroszt\u00e1ly: &gt; 6 \u00e9v<br \/>\nModel Number: BB-03IK<br \/>\nBesorol\u00e1s: \u00d6sszeszerel\u00e9s<br \/>\nM\u0171anyag blokk forma: \u00f6nz\u00e1r\u00f3 t\u00e9gla<br \/>\nAnyaga: M\u0171anyag<br \/>\nM\u0171anyag t\u00edpus: ABS<br \/>\nT\u00e9gla T\u00e9gla: 100+<br \/>\nEredeti doboza nincs<\/p>","protected":false},"featured_media":50832,"comment_status":"open","ping_status":"closed","template":"","meta":{"_acf_changed":false},"product_cat":[1365,371],"product_tag":[11072,8452,12662,590],"class_list":["product","first","instock","shipping-taxable","purchasable","product-type-simple"],"acf":[],"_links":{"self":[{"href":"https:\/\/mouldking.store\/hu\/wp-json\/wp\/v2\/product\/50836","targetHints":{"allow":["GET"]}}],"collection":[{"href":"https:\/\/mouldking.store\/hu\/wp-json\/wp\/v2\/product"}],"about":[{"href":"https:\/\/mouldking.store\/hu\/wp-json\/wp\/v2\/types\/product"}],"replies":[{"embeddable":true,"href":"https:\/\/mouldking.store\/hu\/wp-json\/wp\/v2\/comments?post=50836"}],"wp:featuredmedia":[{"embeddable":true,"href":"https:\/\/mouldking.store\/hu\/wp-json\/wp\/v2\/media\/50832"}],"wp:attachment":[{"href":"https:\/\/mouldking.store\/hu\/wp-json\/wp\/v2\/media?parent=50836"}],"wp:term":[{"taxonomy":"product_cat","embeddable":true,"href":"https:\/\/mouldking.store\/hu\/wp-json\/wp\/v2\/product_cat?post=50836"},{"taxonomy":"product_tag","embeddable":true,"href":"https:\/\/mouldking.store\/hu\/wp-json\/wp\/v2\/product_tag?post=50836"}],"curies":[{"name":"wp","href":"https:\/\/api.w.org\/{rel}","templated":true}]}}