{"id":50896,"date":"2023-09-25T16:57:29","date_gmt":"2023-09-25T09:57:29","guid":{"rendered":"https:\/\/mouldking.store\/shop\/reobrix-33031-ch-47-heavy-multi-functional-transport-helicopter-with-1622-pieces\/"},"modified":"2023-09-25T16:57:29","modified_gmt":"2023-09-25T09:57:29","slug":"reobrix-33031-ch-47-heavy-multi-functional-transport-helicopter-with-1622-pieces","status":"publish","type":"product","link":"https:\/\/mouldking.store\/hu\/shop\/reobrix-33031-ch-47-heavy-multi-functional-transport-helicopter-with-1622-pieces\/","title":{"rendered":"REOBRIX 33031 CH-47 Heavy Multi Functional Transport Helicopter with 1622 Pieces"},"content":{"rendered":"<div>\u2705Reobrix 33031 CH-47 Heavy Multi Functional Transport Helicopter<br \/>&nbsp;<br \/>\u2705The CH-47 Chinook is a heavy multi-functional transport helicopter used by various military forces around the world. It is known for its versatility, lifting capacity, and ability to perform a wide range of missions.<br \/>&nbsp;<br \/>\ud83d\udeab FONTOS!&nbsp;<br \/>&nbsp;<br \/>Product Name: CH-47 Heavy Multi Functional Transport Helicopter<br \/>&nbsp;<br \/>Kateg\u00f3ria: Katonai&nbsp;<br \/>&nbsp;<br \/>This Kit Contains: Reobrix 33031<br \/>&nbsp;<br \/>1622 pcs Good Quality Bricks&nbsp;<br \/>&nbsp;<br \/>Size: 79 \u00d7 52 \u00d7 23 cm<br \/>&nbsp;<br \/>K\u00e9zi utas\u00edt\u00e1sok&nbsp;<br \/>&nbsp;<br \/>\ud83d\udcccA f\u0151szerepl\u0151 term\u00e9szete&nbsp;<br \/>&nbsp;<br \/>Introducing our proud collection named \u201cCH-47 Heavy Multi Functional Transport Helicopter\u201d you should not miss.&nbsp;<br \/>&nbsp;<br \/>The CH-47 Chinook was developed by the American aerospace company Boeing Vertol (now part of Boeing) in the early 1960s. It was initially developed for the U.S. Army to serve as a medium- to heavy-lift transport helicopter. The Chinook has a distinctive twin-engine design with two rotors, one mounted on each side of the helicopter&#8217;s cabin. This design provides excellent lifting capability and stability. It has a large, spacious cargo bay capable of carrying troops, equipment, vehicles, or cargo. The helicopter&#8217;s rear ramp allows for easy loading and unloading of cargo and personnel.<\/div>","protected":false},"excerpt":{"rendered":"<p>M\u00e1rka: REOBRIX<br \/>\nNem: Uniszex<br \/>\nKoroszt\u00e1ly: &gt; 6 \u00e9v<br \/>\nModel Number: 33031<br \/>\nBesorol\u00e1s: \u00d6sszeszerel\u00e9s<br \/>\nM\u0171anyag blokk forma: \u00f6nz\u00e1r\u00f3 t\u00e9gla<br \/>\nAnyaga: M\u0171anyag<br \/>\nM\u0171anyag t\u00edpus: ABS<br \/>\nBricks Blocks: 1622 +<br \/>\nEredeti doboza nincs<\/p>","protected":false},"featured_media":50891,"comment_status":"open","ping_status":"closed","template":"","meta":{"_acf_changed":false},"product_cat":[1350,1357,372,364],"product_tag":[12679,8243,5298,374,12680,11147,389,11222],"class_list":["product","first","instock","shipping-taxable","purchasable","product-type-simple"],"acf":[],"_links":{"self":[{"href":"https:\/\/mouldking.store\/hu\/wp-json\/wp\/v2\/product\/50896","targetHints":{"allow":["GET"]}}],"collection":[{"href":"https:\/\/mouldking.store\/hu\/wp-json\/wp\/v2\/product"}],"about":[{"href":"https:\/\/mouldking.store\/hu\/wp-json\/wp\/v2\/types\/product"}],"replies":[{"embeddable":true,"href":"https:\/\/mouldking.store\/hu\/wp-json\/wp\/v2\/comments?post=50896"}],"wp:featuredmedia":[{"embeddable":true,"href":"https:\/\/mouldking.store\/hu\/wp-json\/wp\/v2\/media\/50891"}],"wp:attachment":[{"href":"https:\/\/mouldking.store\/hu\/wp-json\/wp\/v2\/media?parent=50896"}],"wp:term":[{"taxonomy":"product_cat","embeddable":true,"href":"https:\/\/mouldking.store\/hu\/wp-json\/wp\/v2\/product_cat?post=50896"},{"taxonomy":"product_tag","embeddable":true,"href":"https:\/\/mouldking.store\/hu\/wp-json\/wp\/v2\/product_tag?post=50896"}],"curies":[{"name":"wp","href":"https:\/\/api.w.org\/{rel}","templated":true}]}}