{"id":50903,"date":"2023-09-25T16:58:09","date_gmt":"2023-09-25T09:58:09","guid":{"rendered":"https:\/\/mouldking.store\/shop\/mould-king-13105-pagani-zonda-cinque-roadster-racers-with-960-pieces\/"},"modified":"2023-09-25T16:58:09","modified_gmt":"2023-09-25T09:58:09","slug":"mould-king-13105-pagani-zonda-cinque-roadster-racers-with-960-pieces","status":"publish","type":"product","link":"https:\/\/mouldking.store\/hu\/shop\/mould-king-13105-pagani-zonda-cinque-roadster-racers-with-960-pieces\/","title":{"rendered":"MOULD KING 13105 Pagani Zonda Cinque Roadster Racers with 960 Pieces"},"content":{"rendered":"<div>\u2705Mould King 13105 Pagani Zonda Cinque Roadster Racers&nbsp;<br \/>&nbsp;<br \/>\u2705The Pagani Zonda Cinque Roadster is a high-performance sports car created by the Italian manufacturer Pagani. The &#8220;Cinque&#8221; in its name, which means &#8220;five&#8221; in Italian, refers to the limited production run of only five units. This exclusive and rare supercar is known for its stunning design and exceptional performance characteristics.&nbsp;<br \/>&nbsp;<br \/>\ud83d\udeab FONTOS!&nbsp;<br \/>&nbsp;<br \/>Product Name: Pagani Zonda Cinque Roadster Racers&nbsp;<br \/>&nbsp;<br \/>Kateg\u00f3ria: M\u0171szaki<br \/>&nbsp;<br \/>This Kit Contains: Mould King 13105<br \/>&nbsp;<br \/>960 pcs Good Quality Bricks&nbsp;<br \/>&nbsp;<br \/>Size:&nbsp; 29.5 \u00d7 13.5 \u00d7 8.5 cm<br \/>&nbsp;<br \/>K\u00e9zi utas\u00edt\u00e1sok&nbsp;<br \/>&nbsp;<br \/>\ud83d\udcccA f\u0151szerepl\u0151 term\u00e9szete&nbsp;<br \/>&nbsp;<br \/>Introducing our proud collection named \u201cPagani Zonda Cinque Roadster Racers \u201d you should not miss.&nbsp;<br \/>&nbsp;<br \/>The Zonda Cinque Roadster boasts an eye-catching and aerodynamic design. It features a carbon fiber body, which is lightweight and strong. The car is equipped with a removable carbon fiber roof panel that can be stowed away for open-top driving. Inside, the Zonda Cinque offers a luxurious and custom-crafted interior, featuring premium materials and attention to detail. Under the hood, the Zonda Cinque Roadster is powered by a naturally aspirated 7.3-liter V12 engine developed by Mercedes-AMG. This engine is capable of producing substantial horsepower and torque, resulting in exceptional acceleration and top speeds.<\/div>","protected":false},"excerpt":{"rendered":"<p>M\u00e1rka: MOLD KING<br \/>\nNem: Uniszex<br \/>\nKoroszt\u00e1ly: 8 \u00e9v felett<br \/>\nModel Number: 13105<br \/>\nBesorol\u00e1s: \u00d6sszeszerel\u00e9s<br \/>\nM\u0171anyag blokk forma: \u00f6nz\u00e1r\u00f3 t\u00e9gla<br \/>\nAnyaga: M\u0171anyag<br \/>\nM\u0171anyag t\u00edpus: ABS<br \/>\nBricks Blocks: 960 +<br \/>\nEredeti doboza nincs<\/p>","protected":false},"featured_media":50897,"comment_status":"open","ping_status":"closed","template":"","meta":{"_acf_changed":false},"product_cat":[1360,1357,364,1875],"product_tag":[457,11814,11813,7761,1527,389,6304],"class_list":["product","first","instock","shipping-taxable","purchasable","product-type-simple"],"acf":[],"_links":{"self":[{"href":"https:\/\/mouldking.store\/hu\/wp-json\/wp\/v2\/product\/50903","targetHints":{"allow":["GET"]}}],"collection":[{"href":"https:\/\/mouldking.store\/hu\/wp-json\/wp\/v2\/product"}],"about":[{"href":"https:\/\/mouldking.store\/hu\/wp-json\/wp\/v2\/types\/product"}],"replies":[{"embeddable":true,"href":"https:\/\/mouldking.store\/hu\/wp-json\/wp\/v2\/comments?post=50903"}],"wp:featuredmedia":[{"embeddable":true,"href":"https:\/\/mouldking.store\/hu\/wp-json\/wp\/v2\/media\/50897"}],"wp:attachment":[{"href":"https:\/\/mouldking.store\/hu\/wp-json\/wp\/v2\/media?parent=50903"}],"wp:term":[{"taxonomy":"product_cat","embeddable":true,"href":"https:\/\/mouldking.store\/hu\/wp-json\/wp\/v2\/product_cat?post=50903"},{"taxonomy":"product_tag","embeddable":true,"href":"https:\/\/mouldking.store\/hu\/wp-json\/wp\/v2\/product_tag?post=50903"}],"curies":[{"name":"wp","href":"https:\/\/api.w.org\/{rel}","templated":true}]}}