{"id":50915,"date":"2023-09-25T16:59:38","date_gmt":"2023-09-25T09:59:38","guid":{"rendered":"https:\/\/mouldking.store\/shop\/wange-4004-f15-eagle-fighter-military-aircraft-with-270-pieces\/"},"modified":"2023-12-27T16:38:05","modified_gmt":"2023-12-27T09:38:05","slug":"wange-4004-f15-eagle-fighter-military-aircraft-with-270-pieces","status":"publish","type":"product","link":"https:\/\/mouldking.store\/hu\/shop\/wange-4004-f15-eagle-fighter-military-aircraft-with-270-pieces\/","title":{"rendered":"WANGE 4004 F15 Eagle vad\u00e1szrep\u00fcl\u0151g\u00e9p 270 darabbal"},"content":{"rendered":"<div>\u2705Wange 4004 F15 Eagle Fighter Military Aircraft<br \/>&nbsp;<br \/>\u2705The F-15 Eagle is a highly regarded twin-engine fighter aircraft developed by McDonnell Douglas, which is now part of Boeing. It is known for its exceptional performance, versatility, and air superiority capabilities. The F-15 has been a key component of the United States Air Force (USAF) and the air forces of several other countries.&nbsp;<br \/>&nbsp;<br \/>\ud83d\udeab FONTOS!&nbsp;<br \/>&nbsp;<br \/>Product Name: F15 Eagle Fighter Military Aircraft<br \/>&nbsp;<br \/>Kateg\u00f3ria: Katonai<br \/>&nbsp;<br \/>This Kit Contains: Wange 4004<br \/>&nbsp;<br \/>270 pcs Good Quality Bricks&nbsp;<br \/>&nbsp;<br \/>Size: 40 \u00d7 25 \u00d7 8.5 cm<br \/>&nbsp;<br \/>K\u00e9zi utas\u00edt\u00e1sok&nbsp;<br \/>&nbsp;<br \/>\ud83d\udcccA f\u0151szerepl\u0151 term\u00e9szete&nbsp;<br \/>&nbsp;<br \/>Introducing our proud collection named \u201c F15 Eagle Fighter Military Aircraft\u201d you should not miss.&nbsp;<br \/>&nbsp;<br \/>The development of the F-15 began in the late 1960s, and it first entered service with the USAF in the 1970s. It was designed to be an air superiority fighter, with a primary focus on achieving and maintaining control of the skies. The F-15 Eagle features a sleek and aerodynamic design, with a long fuselage, large wings, and twin tail fins. Its design emphasizes speed, agility, and combat capabilities. It is a two-seat, twin-engine fighter aircraft, with one pilot in the front and a weapons systems officer (WSO) or co-pilot in the rear seat in some variants.<\/div>","protected":false},"excerpt":{"rendered":"<p>M\u00e1rka: WANGE<br \/>\nNem: Uniszex<br \/>\nKoroszt\u00e1ly: &gt; 6 \u00e9v<br \/>\nModel Number: 4004<br \/>\nBesorol\u00e1s: \u00d6sszeszerel\u00e9s<br \/>\nM\u0171anyag blokk forma: \u00f6nz\u00e1r\u00f3 t\u00e9gla<br \/>\nAnyaga: M\u0171anyag<br \/>\nM\u0171anyag t\u00edpus: ABS<br \/>\nBricks Blocks: 270 +<br \/>\nEredeti doboza nincs<\/p>","protected":false},"featured_media":50911,"comment_status":"open","ping_status":"closed","template":"","meta":{"_acf_changed":false},"product_cat":[1350,1357,372,364],"product_tag":[5271,11540,12681,7374,374,389],"class_list":["product","first","instock","shipping-taxable","purchasable","product-type-simple"],"acf":[],"_links":{"self":[{"href":"https:\/\/mouldking.store\/hu\/wp-json\/wp\/v2\/product\/50915","targetHints":{"allow":["GET"]}}],"collection":[{"href":"https:\/\/mouldking.store\/hu\/wp-json\/wp\/v2\/product"}],"about":[{"href":"https:\/\/mouldking.store\/hu\/wp-json\/wp\/v2\/types\/product"}],"replies":[{"embeddable":true,"href":"https:\/\/mouldking.store\/hu\/wp-json\/wp\/v2\/comments?post=50915"}],"wp:featuredmedia":[{"embeddable":true,"href":"https:\/\/mouldking.store\/hu\/wp-json\/wp\/v2\/media\/50911"}],"wp:attachment":[{"href":"https:\/\/mouldking.store\/hu\/wp-json\/wp\/v2\/media?parent=50915"}],"wp:term":[{"taxonomy":"product_cat","embeddable":true,"href":"https:\/\/mouldking.store\/hu\/wp-json\/wp\/v2\/product_cat?post=50915"},{"taxonomy":"product_tag","embeddable":true,"href":"https:\/\/mouldking.store\/hu\/wp-json\/wp\/v2\/product_tag?post=50915"}],"curies":[{"name":"wp","href":"https:\/\/api.w.org\/{rel}","templated":true}]}}