{"id":50925,"date":"2023-09-25T17:01:03","date_gmt":"2023-09-25T10:01:03","guid":{"rendered":"https:\/\/mouldking.store\/shop\/forange-fc9303-engine-morph-motorcycle-with-479-pieces\/"},"modified":"2023-09-25T17:01:03","modified_gmt":"2023-09-25T10:01:03","slug":"forange-fc9303-engine-morph-motorcycle-with-479-pieces","status":"publish","type":"product","link":"https:\/\/mouldking.store\/hu\/shop\/forange-fc9303-engine-morph-motorcycle-with-479-pieces\/","title":{"rendered":"Forange FC9303 Engine Morph Motorcycle with 479 Pieces"},"content":{"rendered":"<div>\u2705Forange FC9303 Engine Morph Motorcycle<br \/>&nbsp;<br \/>\u2705 These motorcycles typically feature larger, more relaxed engines designed for comfortable, long-distance cruising. Harley-Davidson is a well-known manufacturer of cruiser motorcycles.<br \/>&nbsp;<br \/>\ud83d\udeab FONTOS!&nbsp;<br \/>&nbsp;<br \/>Product Name:&nbsp; Engine Morph Motorcycle<br \/>&nbsp;<br \/>Kateg\u00f3ria: M\u0171szaki<br \/>&nbsp;<br \/>This Kit Contains: Forange FC9303<br \/>&nbsp;<br \/>479 pcs Good Quality Bricks&nbsp;<br \/>&nbsp;<br \/>K\u00e9zi utas\u00edt\u00e1sok&nbsp;<br \/>&nbsp;<br \/>\ud83d\udcccA f\u0151szerepl\u0151 term\u00e9szete&nbsp;<br \/>&nbsp;<br \/>Introducing our proud collection named \u201cEngine Morph Motorcycle\u201d you should not miss.&nbsp;<br \/>&nbsp;<br \/>Sportbikes are known for their high-performance engines and aerodynamic designs, making them ideal for speed and agility on the road or racetrack. Brands like Yamaha, Suzuki, and Kawasaki produce sport motorcycles. Touring bikes are designed for long-distance travel and often come equipped with powerful engines to handle the weight of luggage and passengers. The Honda Gold Wing is a famous example.<\/div>","protected":false},"excerpt":{"rendered":"<p>M\u00e1rka: Forange<br \/>\nNem: Uniszex<br \/>\nKoroszt\u00e1ly: &gt; 6 \u00e9v<br \/>\nModel Number: FC9303<br \/>\nBesorol\u00e1s: \u00d6sszeszerel\u00e9s<br \/>\nM\u0171anyag blokk forma: \u00f6nz\u00e1r\u00f3 t\u00e9gla<br \/>\nAnyaga: M\u0171anyag<br \/>\nM\u0171anyag t\u00edpus: ABS<br \/>\nBricks Blocks: 479 +<br \/>\nEredeti doboza nincs<\/p>","protected":false},"featured_media":50921,"comment_status":"open","ping_status":"closed","template":"","meta":{"_acf_changed":false},"product_cat":[1357,364],"product_tag":[10493,12682,2449,389,11080],"class_list":["product","first","instock","shipping-taxable","purchasable","product-type-simple"],"acf":[],"_links":{"self":[{"href":"https:\/\/mouldking.store\/hu\/wp-json\/wp\/v2\/product\/50925","targetHints":{"allow":["GET"]}}],"collection":[{"href":"https:\/\/mouldking.store\/hu\/wp-json\/wp\/v2\/product"}],"about":[{"href":"https:\/\/mouldking.store\/hu\/wp-json\/wp\/v2\/types\/product"}],"replies":[{"embeddable":true,"href":"https:\/\/mouldking.store\/hu\/wp-json\/wp\/v2\/comments?post=50925"}],"wp:featuredmedia":[{"embeddable":true,"href":"https:\/\/mouldking.store\/hu\/wp-json\/wp\/v2\/media\/50921"}],"wp:attachment":[{"href":"https:\/\/mouldking.store\/hu\/wp-json\/wp\/v2\/media?parent=50925"}],"wp:term":[{"taxonomy":"product_cat","embeddable":true,"href":"https:\/\/mouldking.store\/hu\/wp-json\/wp\/v2\/product_cat?post=50925"},{"taxonomy":"product_tag","embeddable":true,"href":"https:\/\/mouldking.store\/hu\/wp-json\/wp\/v2\/product_tag?post=50925"}],"curies":[{"name":"wp","href":"https:\/\/api.w.org\/{rel}","templated":true}]}}