{"id":50995,"date":"2023-09-25T17:11:26","date_gmt":"2023-09-25T10:11:26","guid":{"rendered":"https:\/\/mouldking.store\/shop\/toptoy-tc1910-kuromi-dual-slr-camera-with-400-pieces\/"},"modified":"2023-09-25T17:11:26","modified_gmt":"2023-09-25T10:11:26","slug":"toptoy-tc1910-kuromi-dual-slr-camera-with-400-pieces","status":"publish","type":"product","link":"https:\/\/mouldking.store\/hu\/shop\/toptoy-tc1910-kuromi-dual-slr-camera-with-400-pieces\/","title":{"rendered":"TOPTOY TC1910 Kuromi Dual SLR Camera with 400 Pieces"},"content":{"rendered":"<div>\u2705TOP TOY TC1910 Kuromi Dual SLR Camera<br \/>&nbsp;<br \/>\u2705Kuromi is a popular character from the Sanrio company, which is best known for creating the iconic Hello Kitty character and a wide range of other cute and adorable characters. Kuromi, however, stands out due to her punk and edgy appearance, in contrast to the more traditionally cute Sanrio characters.<br \/>&nbsp;<br \/>\ud83d\udeab FONTOS!&nbsp;<br \/>&nbsp;<br \/>Product Name: Kuromi Dual SLR Camera<br \/>&nbsp;<br \/>Kateg\u00f3ria: Alkot\u00f3&nbsp;<br \/>&nbsp;<br \/>This Kit Contains: TOP TOY TC1910<br \/>&nbsp;<br \/>400 db j\u00f3 min\u0151s\u00e9g\u0171 t\u00e9gla&nbsp;<br \/>&nbsp;<br \/>Size:&nbsp; 14.3 \u00d7 14.6 \u00d7 15.4 cm<br \/>&nbsp;<br \/>K\u00e9zi utas\u00edt\u00e1sok&nbsp;<br \/>&nbsp;<br \/>\ud83d\udcccA f\u0151szerepl\u0151 term\u00e9szete&nbsp;<br \/>&nbsp;<br \/>Introducing our proud collection named \u201cKuromi Dual SLR Camera\u201d you should not miss.&nbsp;<br \/>&nbsp;<br \/>Kuromi is typically depicted as a mischievous and punky girl with a gothic or punk-rock style. She has long, dark pink hair, a black jester&#8217;s hat with a pink skull on it, and a skull on her chest. Her appearance includes other punk elements like a black eye mask, fingerless gloves, and a pink devil&#8217;s tail. Kuromi is known for her rebellious and sassy personality. She often engages in mischievous or naughty behavior, but she also has a lovable side. She&#8217;s known to be competitive and not afraid to speak her mind.<\/div>","protected":false},"excerpt":{"rendered":"<p>Brand: TOPTOY<br \/>\nNem: Uniszex<br \/>\nKoroszt\u00e1ly: 8 \u00e9v felett<br \/>\nModel Number: TC1910<br \/>\nBesorol\u00e1s: \u00d6sszeszerel\u00e9s<br \/>\nM\u0171anyag blokk forma: \u00f6nz\u00e1r\u00f3 t\u00e9gla<br \/>\nAnyaga: M\u0171anyag<br \/>\nM\u0171anyag t\u00edpus: ABS<br \/>\nT\u00e9gla T\u00e9gla: 400+<br \/>\nNpo original box<\/p>","protected":false},"featured_media":50989,"comment_status":"open","ping_status":"closed","template":"","meta":{"_acf_changed":false},"product_cat":[1365,371,581,1408],"product_tag":[11430,11072,8452,12017,11610,434],"class_list":["product","first","instock","shipping-taxable","purchasable","product-type-simple"],"acf":[],"_links":{"self":[{"href":"https:\/\/mouldking.store\/hu\/wp-json\/wp\/v2\/product\/50995","targetHints":{"allow":["GET"]}}],"collection":[{"href":"https:\/\/mouldking.store\/hu\/wp-json\/wp\/v2\/product"}],"about":[{"href":"https:\/\/mouldking.store\/hu\/wp-json\/wp\/v2\/types\/product"}],"replies":[{"embeddable":true,"href":"https:\/\/mouldking.store\/hu\/wp-json\/wp\/v2\/comments?post=50995"}],"wp:featuredmedia":[{"embeddable":true,"href":"https:\/\/mouldking.store\/hu\/wp-json\/wp\/v2\/media\/50989"}],"wp:attachment":[{"href":"https:\/\/mouldking.store\/hu\/wp-json\/wp\/v2\/media?parent=50995"}],"wp:term":[{"taxonomy":"product_cat","embeddable":true,"href":"https:\/\/mouldking.store\/hu\/wp-json\/wp\/v2\/product_cat?post=50995"},{"taxonomy":"product_tag","embeddable":true,"href":"https:\/\/mouldking.store\/hu\/wp-json\/wp\/v2\/product_tag?post=50995"}],"curies":[{"name":"wp","href":"https:\/\/api.w.org\/{rel}","templated":true}]}}