{"id":51002,"date":"2023-09-25T17:12:00","date_gmt":"2023-09-25T10:12:00","guid":{"rendered":"https:\/\/mouldking.store\/shop\/toptoy-tc1909-my-melody-vinyl-record-player-with-500-pieces\/"},"modified":"2023-09-25T17:12:00","modified_gmt":"2023-09-25T10:12:00","slug":"toptoy-tc1909-my-melody-vinyl-record-player-with-500-pieces","status":"publish","type":"product","link":"https:\/\/mouldking.store\/hu\/shop\/toptoy-tc1909-my-melody-vinyl-record-player-with-500-pieces\/","title":{"rendered":"TOPTOY TC1909 My Melody Vinyl Record Player with 500 Pieces"},"content":{"rendered":"<div>\u2705 TOP TOY TC1909 My Melody Vinyl Record Player<br \/>&nbsp;<br \/>\u2705My Melody is another popular character created by Sanrio, the same company responsible for Hello Kitty and Kuromi. My Melody is known for her sweet and gentle personality, which is quite different from the edgier character of Kuromi.&nbsp;<br \/>&nbsp;<br \/>\ud83d\udeab FONTOS!&nbsp;<br \/>&nbsp;<br \/>Product Name: My Melody Vinyl Record Player<br \/>&nbsp;<br \/>Kateg\u00f3ria: Alkot\u00f3&nbsp;<br \/>&nbsp;<br \/>This Kit Contains:&nbsp; TOP TOY TC1909<br \/>&nbsp;<br \/>500 db j\u00f3 min\u0151s\u00e9g\u0171 t\u00e9gla&nbsp;<br \/>&nbsp;<br \/>Size: 18.8 \u00d7 14.1 \u00d7 14.5 cm<br \/>&nbsp;<br \/>K\u00e9zi utas\u00edt\u00e1sok&nbsp;<br \/>&nbsp;<br \/>\ud83d\udcccA f\u0151szerepl\u0151 term\u00e9szete&nbsp;<br \/>&nbsp;<br \/>Introducing our proud collection named \u201cMy Melody Vinyl Record Player\u201d you should not miss.&nbsp;<br \/>&nbsp;<br \/>My Melody is a cute and girly character with distinctive features. She is a white rabbit with long pink ears and a pink hood, which she always wears. Her signature look includes a red or pink ribbon on her ear or in her hair. My Melody is known for her friendly, kind, and gentle nature. She is always willing to help others and spread happiness wherever she goes. Her character embodies the themes of love, friendship, and positivity. My Melody was first introduced by Sanrio in 1975 and quickly became one of the company&#8217;s most beloved characters. She originated from the &#8220;Little Red Riding Hood&#8221; fairy tale, which served as inspiration for her design.<\/div>","protected":false},"excerpt":{"rendered":"<p>Brand: TOPTOY<br \/>\nNem: Uniszex<br \/>\nKoroszt\u00e1ly: 8 \u00e9v felett<br \/>\nModel Number: TC1909<br \/>\nBesorol\u00e1s: \u00d6sszeszerel\u00e9s<br \/>\nM\u0171anyag blokk forma: \u00f6nz\u00e1r\u00f3 t\u00e9gla<br \/>\nAnyaga: M\u0171anyag<br \/>\nM\u0171anyag t\u00edpus: ABS<br \/>\nT\u00e9gla T\u00e9gla: 500+<br \/>\nEredeti doboza nincs<\/p>","protected":false},"featured_media":50996,"comment_status":"open","ping_status":"closed","template":"","meta":{"_acf_changed":false},"product_cat":[1365,371,581,1408],"product_tag":[11072,8452,12688,434,12690,11203,12689],"class_list":["product","first","instock","shipping-taxable","purchasable","product-type-simple"],"acf":[],"_links":{"self":[{"href":"https:\/\/mouldking.store\/hu\/wp-json\/wp\/v2\/product\/51002","targetHints":{"allow":["GET"]}}],"collection":[{"href":"https:\/\/mouldking.store\/hu\/wp-json\/wp\/v2\/product"}],"about":[{"href":"https:\/\/mouldking.store\/hu\/wp-json\/wp\/v2\/types\/product"}],"replies":[{"embeddable":true,"href":"https:\/\/mouldking.store\/hu\/wp-json\/wp\/v2\/comments?post=51002"}],"wp:featuredmedia":[{"embeddable":true,"href":"https:\/\/mouldking.store\/hu\/wp-json\/wp\/v2\/media\/50996"}],"wp:attachment":[{"href":"https:\/\/mouldking.store\/hu\/wp-json\/wp\/v2\/media?parent=51002"}],"wp:term":[{"taxonomy":"product_cat","embeddable":true,"href":"https:\/\/mouldking.store\/hu\/wp-json\/wp\/v2\/product_cat?post=51002"},{"taxonomy":"product_tag","embeddable":true,"href":"https:\/\/mouldking.store\/hu\/wp-json\/wp\/v2\/product_tag?post=51002"}],"curies":[{"name":"wp","href":"https:\/\/api.w.org\/{rel}","templated":true}]}}