{"id":51060,"date":"2023-09-29T14:30:35","date_gmt":"2023-09-29T07:30:35","guid":{"rendered":"https:\/\/mouldking.store\/shop\/mould-king-21047-interstellar-ring-fighter-with-6003-pieces\/"},"modified":"2023-09-29T14:30:35","modified_gmt":"2023-09-29T07:30:35","slug":"mould-king-21047-interstellar-ring-fighter-with-6003-pieces","status":"publish","type":"product","link":"https:\/\/mouldking.store\/hu\/shop\/mould-king-21047-interstellar-ring-fighter-with-6003-pieces\/","title":{"rendered":"MOULD KING 21047 Csillagk\u00f6zi gy\u0171r\u0171s harcos 6003 darabbal"},"content":{"rendered":"<div>\u2705Mould King 21047 Interstellar Ring Fighter<br \/>&nbsp;<br \/>\ud83d\udeab FONTOS!&nbsp;<br \/>&nbsp;<br \/>Product Name: Interstellar Ring Fighter<br \/>&nbsp;<br \/>Kateg\u00f3ria: Star Wars<br \/>&nbsp;<br \/>This Kit Contains: Mould King 21047<br \/>&nbsp;<br \/>6003 pcs Good Quality Bricks&nbsp;<br \/>&nbsp;<br \/>Size: 52 \u00d7 44 \u00d7 36.4 cm&nbsp;<br \/>&nbsp;<br \/>K\u00e9zi utas\u00edt\u00e1sok&nbsp;<br \/>&nbsp;<br \/>\ud83d\udcccA f\u0151szerepl\u0151 term\u00e9szete&nbsp;<br \/>&nbsp;<br \/>Introducing our proud collection named \u201cInterstellar Ring Fighter\u201d you should not miss.&nbsp;<br \/>&nbsp;<br \/>The Interstellar Ring Fighter spaceship model has detailed and realistic designs. It has a ring shape, just like the spaceship in the movie. It has a cockpit, spaceship engine, and weapon launchers.<\/div>","protected":false},"excerpt":{"rendered":"<p>M\u00e1rka: MOLD KING<br \/>\nNem: Uniszex<br \/>\nKorhat\u00e1r: 14 \u00e9v felett<br \/>\nModel Number: 21047<br \/>\nBesorol\u00e1s: \u00d6sszeszerel\u00e9s<br \/>\nM\u0171anyag blokk forma: \u00f6nz\u00e1r\u00f3 t\u00e9gla<br \/>\nAnyaga: M\u0171anyag<br \/>\nM\u0171anyag t\u00edpus: ABS<br \/>\nBricks Blocks: 6003 +<br \/>\nEredeti doboza nincs<\/p>","protected":false},"featured_media":51055,"comment_status":"open","ping_status":"closed","template":"","meta":{"_acf_changed":false},"product_cat":[1357,581,6016,415,364,1408],"product_tag":[7374,434,2276,12694,436,389],"class_list":["product","first","instock","shipping-taxable","purchasable","product-type-simple"],"acf":[],"_links":{"self":[{"href":"https:\/\/mouldking.store\/hu\/wp-json\/wp\/v2\/product\/51060","targetHints":{"allow":["GET"]}}],"collection":[{"href":"https:\/\/mouldking.store\/hu\/wp-json\/wp\/v2\/product"}],"about":[{"href":"https:\/\/mouldking.store\/hu\/wp-json\/wp\/v2\/types\/product"}],"replies":[{"embeddable":true,"href":"https:\/\/mouldking.store\/hu\/wp-json\/wp\/v2\/comments?post=51060"}],"wp:featuredmedia":[{"embeddable":true,"href":"https:\/\/mouldking.store\/hu\/wp-json\/wp\/v2\/media\/51055"}],"wp:attachment":[{"href":"https:\/\/mouldking.store\/hu\/wp-json\/wp\/v2\/media?parent=51060"}],"wp:term":[{"taxonomy":"product_cat","embeddable":true,"href":"https:\/\/mouldking.store\/hu\/wp-json\/wp\/v2\/product_cat?post=51060"},{"taxonomy":"product_tag","embeddable":true,"href":"https:\/\/mouldking.store\/hu\/wp-json\/wp\/v2\/product_tag?post=51060"}],"curies":[{"name":"wp","href":"https:\/\/api.w.org\/{rel}","templated":true}]}}