{"id":51226,"date":"2023-10-02T18:17:09","date_gmt":"2023-10-02T11:17:09","guid":{"rendered":"https:\/\/mouldking.store\/shop\/forange-fc1701-orbital-adventure-trains-with-830-pieces\/"},"modified":"2023-10-02T18:17:09","modified_gmt":"2023-10-02T11:17:09","slug":"forange-fc1701-orbital-adventure-trains-with-830-pieces","status":"publish","type":"product","link":"https:\/\/mouldking.store\/hu\/shop\/forange-fc1701-orbital-adventure-trains-with-830-pieces\/","title":{"rendered":"Forange FC1701 Orbital Adventure Trains with 830 Pieces"},"content":{"rendered":"<div>\u2705Forange FC1701 Orbital Adventure Trains<br \/>&nbsp;<br \/>\ud83d\udeab FONTOS!&nbsp;<\/p>\n<p>Product Name:&nbsp; Orbital Adventure Trains<br \/>&nbsp;<br \/>Kateg\u00f3ria: M\u0171szaki&nbsp;<br \/>&nbsp;<br \/>This Kit Contains: Forange FC1701&nbsp;<br \/>&nbsp;<br \/>830 pcs Good Quality Bricks&nbsp;<br \/>&nbsp;<br \/>Size: 35.3 \u00d7 6.8 \u00d7 10.7 cm<br \/>&nbsp;<br \/>K\u00e9zi utas\u00edt\u00e1sok&nbsp;<br \/>&nbsp;<br \/>\ud83d\udcccA f\u0151szerepl\u0151 term\u00e9szete&nbsp;<br \/>&nbsp;<br \/>Introducing our proud collection named \u201cOrbital Adventure Trains\u201d you should not miss.&nbsp;<br \/>&nbsp;<br \/>Orbital Adventure: Metro (Orbital Adventure) belongs to the train series building block set. The entire set contains 830 building block particles. First released in 2023.<\/div>","protected":false},"excerpt":{"rendered":"<p>M\u00e1rka: Forange<br \/>\nNem: Uniszex<br \/>\nKoroszt\u00e1ly: &gt; 6 \u00e9v<br \/>\nModel Number: FC1701<br \/>\nBesorol\u00e1s: \u00d6sszeszerel\u00e9s<br \/>\nM\u0171anyag blokk forma: \u00f6nz\u00e1r\u00f3 t\u00e9gla<br \/>\nAnyaga: M\u0171anyag<br \/>\nM\u0171anyag t\u00edpus: ABS<br \/>\nBricks Blocks: 830 +<br \/>\nEredeti doboza nincs<\/p>","protected":false},"featured_media":51221,"comment_status":"open","ping_status":"closed","template":"","meta":{"_acf_changed":false},"product_cat":[1357,364],"product_tag":[6470,12713,11608,12358,3806,389,11080,6736],"class_list":["product","first","instock","shipping-taxable","purchasable","product-type-simple"],"acf":[],"_links":{"self":[{"href":"https:\/\/mouldking.store\/hu\/wp-json\/wp\/v2\/product\/51226","targetHints":{"allow":["GET"]}}],"collection":[{"href":"https:\/\/mouldking.store\/hu\/wp-json\/wp\/v2\/product"}],"about":[{"href":"https:\/\/mouldking.store\/hu\/wp-json\/wp\/v2\/types\/product"}],"replies":[{"embeddable":true,"href":"https:\/\/mouldking.store\/hu\/wp-json\/wp\/v2\/comments?post=51226"}],"wp:featuredmedia":[{"embeddable":true,"href":"https:\/\/mouldking.store\/hu\/wp-json\/wp\/v2\/media\/51221"}],"wp:attachment":[{"href":"https:\/\/mouldking.store\/hu\/wp-json\/wp\/v2\/media?parent=51226"}],"wp:term":[{"taxonomy":"product_cat","embeddable":true,"href":"https:\/\/mouldking.store\/hu\/wp-json\/wp\/v2\/product_cat?post=51226"},{"taxonomy":"product_tag","embeddable":true,"href":"https:\/\/mouldking.store\/hu\/wp-json\/wp\/v2\/product_tag?post=51226"}],"curies":[{"name":"wp","href":"https:\/\/api.w.org\/{rel}","templated":true}]}}