{"id":51324,"date":"2023-10-09T11:22:18","date_gmt":"2023-10-09T04:22:18","guid":{"rendered":"https:\/\/mouldking.store\/shop\/small-angle-jd005-dragon-ball-suspended-motorcycle-air-vehicle-with-601-pieces\/"},"modified":"2023-10-09T11:22:18","modified_gmt":"2023-10-09T04:22:18","slug":"small-angle-jd005-dragon-ball-suspended-motorcycle-air-vehicle-with-601-pieces","status":"publish","type":"product","link":"https:\/\/mouldking.store\/hu\/shop\/small-angle-jd005-dragon-ball-suspended-motorcycle-air-vehicle-with-601-pieces\/","title":{"rendered":"Small Angle JD005 Dragon Ball Suspended Motorcycle Air Vehicle with 601 Pieces"},"content":{"rendered":"<div>\u2705 Small Angle JD005 Dragon Ball Suspended Motorcycle Air Vehicle<br \/>&nbsp;<br \/>\ud83d\udeab FONTOS!&nbsp;<br \/>&nbsp;<br \/>Product Name: Dragon Ball Suspended Motorcycle Air Vehicle<br \/>&nbsp;<br \/>Kateg\u00f3ria: Alkot\u00f3&nbsp;<br \/>&nbsp;<br \/>This Kit Contains:&nbsp; Small Angle JD005&nbsp;<br \/>&nbsp;<br \/>601 pcs Good Quality Bricks&nbsp;<br \/>&nbsp;<br \/>Size: 30.5 \u00d7 18.1 \u00d7 15.2 cm<br \/>&nbsp;<br \/>K\u00e9zi utas\u00edt\u00e1sok&nbsp;<br \/>&nbsp;<br \/>\ud83d\udcccA f\u0151szerepl\u0151 term\u00e9szete&nbsp;<br \/>&nbsp;<br \/>Introducing our proud collection named \u201cDragon Ball Suspended Motorcycle Air Vehicle\u201d you should not miss.&nbsp;<br \/>&nbsp;<br \/>The Dragon Ball Air Vehicle belongs to the themed series of building block sets. The entire set contains 601 building block particles. First released in 2023.<\/div>","protected":false},"excerpt":{"rendered":"<p>Brand: Small Angle<br \/>\nNem: Uniszex<br \/>\nKoroszt\u00e1ly: &gt; 6 \u00e9v<br \/>\nModel Number: JD005<br \/>\nBesorol\u00e1s: \u00d6sszeszerel\u00e9s<br \/>\nM\u0171anyag blokk forma: \u00f6nz\u00e1r\u00f3 t\u00e9gla<br \/>\nAnyaga: M\u0171anyag<br \/>\nM\u0171anyag t\u00edpus: ABS<br \/>\nBricks Blocks: 601 +<br \/>\nEredeti doboza nincs<\/p>","protected":false},"featured_media":51320,"comment_status":"open","ping_status":"closed","template":"","meta":{"_acf_changed":false},"product_cat":[1384,1365,371],"product_tag":[11072,8452,12197,2449,12718,2803],"class_list":["product","first","instock","shipping-taxable","purchasable","product-type-simple"],"acf":[],"_links":{"self":[{"href":"https:\/\/mouldking.store\/hu\/wp-json\/wp\/v2\/product\/51324","targetHints":{"allow":["GET"]}}],"collection":[{"href":"https:\/\/mouldking.store\/hu\/wp-json\/wp\/v2\/product"}],"about":[{"href":"https:\/\/mouldking.store\/hu\/wp-json\/wp\/v2\/types\/product"}],"replies":[{"embeddable":true,"href":"https:\/\/mouldking.store\/hu\/wp-json\/wp\/v2\/comments?post=51324"}],"wp:featuredmedia":[{"embeddable":true,"href":"https:\/\/mouldking.store\/hu\/wp-json\/wp\/v2\/media\/51320"}],"wp:attachment":[{"href":"https:\/\/mouldking.store\/hu\/wp-json\/wp\/v2\/media?parent=51324"}],"wp:term":[{"taxonomy":"product_cat","embeddable":true,"href":"https:\/\/mouldking.store\/hu\/wp-json\/wp\/v2\/product_cat?post=51324"},{"taxonomy":"product_tag","embeddable":true,"href":"https:\/\/mouldking.store\/hu\/wp-json\/wp\/v2\/product_tag?post=51324"}],"curies":[{"name":"wp","href":"https:\/\/api.w.org\/{rel}","templated":true}]}}