{"id":51338,"date":"2023-10-09T11:43:34","date_gmt":"2023-10-09T04:43:34","guid":{"rendered":"https:\/\/mouldking.store\/shop\/qd-66005-primordial-titan-with-2072-pieces\/"},"modified":"2023-10-09T11:43:34","modified_gmt":"2023-10-09T04:43:34","slug":"qd-66005-primordial-titan-with-2072-pieces","status":"publish","type":"product","link":"https:\/\/mouldking.store\/hu\/shop\/qd-66005-primordial-titan-with-2072-pieces\/","title":{"rendered":"QD 66005 Primordial Titan with 2072 Pieces"},"content":{"rendered":"<div>\u2705 QD 66005 Primordial Titan<br \/>&nbsp;<br \/>\u2705In Greek mythology, the Titans were a group of primordial deities who came before the Olympian gods and goddesses, such as Zeus, Hera, and Poseidon. These Titans were associated with various aspects of the natural world and cosmic forces.<br \/>&nbsp;<br \/>\ud83d\udeab FONTOS!&nbsp;<br \/>&nbsp;<br \/>Product Name:&nbsp; Primordial Titan<br \/>&nbsp;<br \/>Kateg\u00f3ria: Alkot\u00f3&nbsp;<br \/>&nbsp;<br \/>This Kit Contains:&nbsp; QD 66005&nbsp;<br \/>&nbsp;<br \/>2072 pcs Good Quality Bricks&nbsp;<br \/>&nbsp;<br \/>Size: 27cm&nbsp;<br \/>&nbsp;<br \/>K\u00e9zi utas\u00edt\u00e1sok&nbsp;<br \/>&nbsp;<br \/>\ud83d\udcccA f\u0151szerepl\u0151 term\u00e9szete&nbsp;<br \/>&nbsp;<br \/>Introducing our proud collection named \u201cPrimordial Titan\u201d you should not miss.&nbsp;<br \/>&nbsp;<br \/>&#8220;Ancestors Titan&#8221; might refer to Titans who are considered the ancestors of other beings, deities, or creatures. In mythology, ancestry and lineage often play significant roles, so these could be Titans from whom other divine or mythological figures descended.<\/div>","protected":false},"excerpt":{"rendered":"<p>M\u00e1rka: QD<br \/>\nNem: Uniszex<br \/>\nKoroszt\u00e1ly: &gt; 6 \u00e9v<br \/>\nModel Number: 66005<br \/>\nBesorol\u00e1s: \u00d6sszeszerel\u00e9s<br \/>\nM\u0171anyag blokk forma: \u00f6nz\u00e1r\u00f3 t\u00e9gla<br \/>\nAnyaga: M\u0171anyag<br \/>\nM\u0171anyag t\u00edpus: ABS<br \/>\nBricks Blocks: 2072 +<br \/>\nEredeti doboza nincs<\/p>","protected":false},"featured_media":51334,"comment_status":"open","ping_status":"closed","template":"","meta":{"_acf_changed":false},"product_cat":[1365,371],"product_tag":[11072,8452,6869,8220],"class_list":["product","first","instock","shipping-taxable","purchasable","product-type-simple"],"acf":[],"_links":{"self":[{"href":"https:\/\/mouldking.store\/hu\/wp-json\/wp\/v2\/product\/51338","targetHints":{"allow":["GET"]}}],"collection":[{"href":"https:\/\/mouldking.store\/hu\/wp-json\/wp\/v2\/product"}],"about":[{"href":"https:\/\/mouldking.store\/hu\/wp-json\/wp\/v2\/types\/product"}],"replies":[{"embeddable":true,"href":"https:\/\/mouldking.store\/hu\/wp-json\/wp\/v2\/comments?post=51338"}],"wp:featuredmedia":[{"embeddable":true,"href":"https:\/\/mouldking.store\/hu\/wp-json\/wp\/v2\/media\/51334"}],"wp:attachment":[{"href":"https:\/\/mouldking.store\/hu\/wp-json\/wp\/v2\/media?parent=51338"}],"wp:term":[{"taxonomy":"product_cat","embeddable":true,"href":"https:\/\/mouldking.store\/hu\/wp-json\/wp\/v2\/product_cat?post=51338"},{"taxonomy":"product_tag","embeddable":true,"href":"https:\/\/mouldking.store\/hu\/wp-json\/wp\/v2\/product_tag?post=51338"}],"curies":[{"name":"wp","href":"https:\/\/api.w.org\/{rel}","templated":true}]}}