{"id":51342,"date":"2023-10-09T11:51:08","date_gmt":"2023-10-09T04:51:08","guid":{"rendered":"https:\/\/mouldking.store\/shop\/panlosbrick-672110-harley-night-luther-dark-night-phantom-with-2427-pieces\/"},"modified":"2023-10-09T11:51:08","modified_gmt":"2023-10-09T04:51:08","slug":"panlosbrick-672110-harley-night-luther-dark-night-phantom-with-2427-pieces","status":"publish","type":"product","link":"https:\/\/mouldking.store\/hu\/shop\/panlosbrick-672110-harley-night-luther-dark-night-phantom-with-2427-pieces\/","title":{"rendered":"PANLOSBRICK 672110 Harley Night Luther-Dark Night Phantom with 2427 Pieces"},"content":{"rendered":"<div>\u2705&nbsp; PANLOS 672110 Harley Night Luther-Dark Night Phantom<br \/>&nbsp;<br \/>\ud83d\udeab FONTOS!&nbsp;<br \/>&nbsp;<br \/>Product Name: Harley Night Luther-Dark Night Phantom<br \/>&nbsp;<br \/>Kateg\u00f3ria: M\u0171szaki&nbsp;<br \/>&nbsp;<br \/>This Kit Contains: PANLOS 672110<br \/>&nbsp;<br \/>2427 pcs Good Quality Bricks&nbsp;<br \/>&nbsp;<br \/>Size:&nbsp; 56 \u00d7 17 \u00d7 22 cm<\/p>\n<p>K\u00e9zi utas\u00edt\u00e1sok&nbsp;<br \/>&nbsp;<br \/>\ud83d\udcccA f\u0151szerepl\u0151 term\u00e9szete&nbsp;<br \/>&nbsp;<br \/>Introducing our proud collection named \u201cHarley Night Luther-Dark Night Phantom you should not miss.&nbsp;<br \/>&nbsp;<br \/>Night Phantom Locomotive 1:5 (Locomotive) belongs to the mechanical series building block set. The entire set contains 2427 building block particles. First released in 2023.<\/div>","protected":false},"excerpt":{"rendered":"<p>M\u00e1rka: PANLOSBRICK<br \/>\nNem: Uniszex<br \/>\nKoroszt\u00e1ly: &gt; 6 \u00e9v<br \/>\nModel Number: 672110<br \/>\nBesorol\u00e1s: \u00d6sszeszerel\u00e9s<br \/>\nM\u0171anyag blokk forma: \u00f6nz\u00e1r\u00f3 t\u00e9gla<br \/>\nAnyaga: M\u0171anyag<br \/>\nM\u0171anyag t\u00edpus: ABS<br \/>\nBricks Blocks: 2427 +<br \/>\nEredeti doboza nincs<\/p>","protected":false},"featured_media":51339,"comment_status":"open","ping_status":"closed","template":"","meta":{"_acf_changed":false},"product_cat":[1357,364],"product_tag":[12719,12720,7779,389,11080],"class_list":["product","first","instock","shipping-taxable","purchasable","product-type-simple"],"acf":[],"_links":{"self":[{"href":"https:\/\/mouldking.store\/hu\/wp-json\/wp\/v2\/product\/51342","targetHints":{"allow":["GET"]}}],"collection":[{"href":"https:\/\/mouldking.store\/hu\/wp-json\/wp\/v2\/product"}],"about":[{"href":"https:\/\/mouldking.store\/hu\/wp-json\/wp\/v2\/types\/product"}],"replies":[{"embeddable":true,"href":"https:\/\/mouldking.store\/hu\/wp-json\/wp\/v2\/comments?post=51342"}],"wp:featuredmedia":[{"embeddable":true,"href":"https:\/\/mouldking.store\/hu\/wp-json\/wp\/v2\/media\/51339"}],"wp:attachment":[{"href":"https:\/\/mouldking.store\/hu\/wp-json\/wp\/v2\/media?parent=51342"}],"wp:term":[{"taxonomy":"product_cat","embeddable":true,"href":"https:\/\/mouldking.store\/hu\/wp-json\/wp\/v2\/product_cat?post=51342"},{"taxonomy":"product_tag","embeddable":true,"href":"https:\/\/mouldking.store\/hu\/wp-json\/wp\/v2\/product_tag?post=51342"}],"curies":[{"name":"wp","href":"https:\/\/api.w.org\/{rel}","templated":true}]}}