{"id":51408,"date":"2023-10-11T12:33:48","date_gmt":"2023-10-11T05:33:48","guid":{"rendered":"https:\/\/mouldking.store\/shop\/mould-king-13163-bugatti-la-voiture-noire-with-motor-with-4688-pieces\/"},"modified":"2023-10-11T12:33:48","modified_gmt":"2023-10-11T05:33:48","slug":"mould-king-13163-bugatti-la-voiture-noire-with-motor-with-4688-pieces","status":"publish","type":"product","link":"https:\/\/mouldking.store\/hu\/shop\/mould-king-13163-bugatti-la-voiture-noire-with-motor-with-4688-pieces\/","title":{"rendered":"MOLD KING 13163 Bugatti La Voiture Noire motorral 4688 darabbal"},"content":{"rendered":"<div>\u2705 Mould King 13163 Bugatti La Voiture Noire With Motor<br \/>&nbsp;<br \/>\u2705The Bugatti La Voiture Noire, which translates to &#8220;The Black Car,&#8221; is a limited-edition luxury sports car produced by Bugatti, a French automotive manufacturer known for its high-performance and exclusive supercars. The La Voiture Noire is often considered one of the most expensive and exclusive production cars in the world.<br \/>&nbsp;<br \/>\ud83d\udeab FONTOS!&nbsp;<br \/>&nbsp;<br \/>Product Name: Bugatti La Voiture Noire With Motor<br \/>&nbsp;<br \/>Kateg\u00f3ria: M\u0171szaki&nbsp;<br \/>&nbsp;<br \/>This Kit Contains: Mould King 13163&nbsp;<br \/>&nbsp;<br \/>4688 pcs Good Quality Bricks&nbsp;<br \/>&nbsp;<br \/>Size: 62.4 \u00d7 25.8 \u00d7 13.6 cm<br \/>&nbsp;<br \/>K\u00e9zi utas\u00edt\u00e1sok&nbsp;<br \/>&nbsp;<br \/>\ud83d\udcccA f\u0151szerepl\u0151 term\u00e9szete&nbsp;<br \/>&nbsp;<br \/>Introducing our proud collection named \u201cBugatti La Voiture Noire With Motor\u201d you should not miss.&nbsp;<br \/>&nbsp;<br \/>The car features a striking, aerodynamic design with a distinctive all-black exterior, which contributes to its name. It has a unique, sleek appearance that is both modern and elegant. La Voiture Noire is powered by an 8.0-liter quad-turbocharged W16 engine, the same powertrain found in the Bugatti Chiron. It produces a staggering 1,479 horsepower (1,103 kW) and 1,600 Nm (1,180 lb-ft) of torque. This incredible power enables the car to accelerate from 0 to 60 mph (0 to 100 km\/h) in just 2.5 seconds. Bugatti produced only one unit of La Voiture Noire, making it an extremely limited and exclusive automobile. This one-of-a-kind car was unveiled at the 2019 Geneva International Motor Show.<\/div>","protected":false},"excerpt":{"rendered":"<p>M\u00e1rka: MOLD KING<br \/>\nNem: Uniszex<br \/>\nKorhat\u00e1r: 14 \u00e9v felett<br \/>\nModel Number: 13163<br \/>\nBesorol\u00e1s: \u00d6sszeszerel\u00e9s<br \/>\nM\u0171anyag blokk forma: \u00f6nz\u00e1r\u00f3 t\u00e9gla<br \/>\nAnyaga: M\u0171anyag<br \/>\nM\u0171anyag t\u00edpus: ABS<br \/>\nBricks Blocks: 4688 +<br \/>\nEredeti doboza nincs<\/p>","protected":false},"featured_media":51396,"comment_status":"open","ping_status":"closed","template":"","meta":{"_acf_changed":false},"product_cat":[1360,1357,364,1875],"product_tag":[1730,11385,12726,457,389,11080],"class_list":["product","first","instock","shipping-taxable","purchasable","product-type-simple"],"acf":[],"_links":{"self":[{"href":"https:\/\/mouldking.store\/hu\/wp-json\/wp\/v2\/product\/51408","targetHints":{"allow":["GET"]}}],"collection":[{"href":"https:\/\/mouldking.store\/hu\/wp-json\/wp\/v2\/product"}],"about":[{"href":"https:\/\/mouldking.store\/hu\/wp-json\/wp\/v2\/types\/product"}],"replies":[{"embeddable":true,"href":"https:\/\/mouldking.store\/hu\/wp-json\/wp\/v2\/comments?post=51408"}],"wp:featuredmedia":[{"embeddable":true,"href":"https:\/\/mouldking.store\/hu\/wp-json\/wp\/v2\/media\/51396"}],"wp:attachment":[{"href":"https:\/\/mouldking.store\/hu\/wp-json\/wp\/v2\/media?parent=51408"}],"wp:term":[{"taxonomy":"product_cat","embeddable":true,"href":"https:\/\/mouldking.store\/hu\/wp-json\/wp\/v2\/product_cat?post=51408"},{"taxonomy":"product_tag","embeddable":true,"href":"https:\/\/mouldking.store\/hu\/wp-json\/wp\/v2\/product_tag?post=51408"}],"curies":[{"name":"wp","href":"https:\/\/api.w.org\/{rel}","templated":true}]}}