{"id":51478,"date":"2023-10-11T12:35:54","date_gmt":"2023-10-11T05:35:54","guid":{"rendered":"https:\/\/mouldking.store\/shop\/panlosbrick-685012-wuling-authorized-with-3072-pieces\/"},"modified":"2023-10-11T12:35:54","modified_gmt":"2023-10-11T05:35:54","slug":"panlosbrick-685012-wuling-authorized-with-3072-pieces","status":"publish","type":"product","link":"https:\/\/mouldking.store\/hu\/shop\/panlosbrick-685012-wuling-authorized-with-3072-pieces\/","title":{"rendered":"PANLOSBRICK 685012 Wuling Enged\u00e9lyezett 3072 Darab"},"content":{"rendered":"<div>\u2705Panlos 685012 Wuling Authorized&nbsp;<br \/>&nbsp;<br \/>\u2705Vehicle enthusiasts and aftermarket companies often modify vehicles to enhance their appearance, performance, or functionality. These modifications can include changes to the engine, suspension, exterior, and interior features.<br \/>&nbsp;<br \/>\ud83d\udeab FONTOS!&nbsp;<br \/>&nbsp;<br \/>Product Name: Wuling Authorized&nbsp;<br \/>&nbsp;<br \/>Kateg\u00f3ria: M\u0171szaki<br \/>&nbsp;<br \/>This Kit Contains: Panlos 685012<br \/>&nbsp;<br \/>3072 pcs Good Quality Bricks&nbsp;<br \/>&nbsp;<br \/>Size: 55 \u00d7 23 \u00d7 21 cm<br \/>&nbsp;<br \/>K\u00e9zi utas\u00edt\u00e1sok&nbsp;<br \/>&nbsp;<br \/>\ud83d\udcccA f\u0151szerepl\u0151 term\u00e9szete&nbsp;<br \/>&nbsp;<br \/>Introducing our proud collection named \u201cWuling Authorized \u201d you should not miss.&nbsp;<br \/>&nbsp;<br \/>Modifications to vehicles are typically not authorized or endorsed by the original vehicle manufacturer, such as Wuling, as they may alter the vehicle&#8217;s original design and specifications. When modifying a vehicle, it&#8217;s important to consider safety and legal regulations. Modifications that impact vehicle safety or emissions may not comply with local laws and regulations.<\/div>","protected":false},"excerpt":{"rendered":"<p>M\u00e1rka: PANLOSBRICK<br \/>\nNem: Uniszex<br \/>\nKoroszt\u00e1ly: &gt; 6 \u00e9v<br \/>\nModel Number: 685012<br \/>\nBesorol\u00e1s: \u00d6sszeszerel\u00e9s<br \/>\nM\u0171anyag blokk forma: \u00f6nz\u00e1r\u00f3 t\u00e9gla<br \/>\nAnyaga: M\u0171anyag<br \/>\nM\u0171anyag t\u00edpus: ABS<br \/>\nBricks Blocks: 3072 +<br \/>\nEredeti doboza nincs<\/p>","protected":false},"featured_media":51471,"comment_status":"open","ping_status":"closed","template":"","meta":{"_acf_changed":false},"product_cat":[1357,364],"product_tag":[12737,389,11080,466,12738],"class_list":["product","first","instock","shipping-taxable","purchasable","product-type-simple"],"acf":[],"_links":{"self":[{"href":"https:\/\/mouldking.store\/hu\/wp-json\/wp\/v2\/product\/51478","targetHints":{"allow":["GET"]}}],"collection":[{"href":"https:\/\/mouldking.store\/hu\/wp-json\/wp\/v2\/product"}],"about":[{"href":"https:\/\/mouldking.store\/hu\/wp-json\/wp\/v2\/types\/product"}],"replies":[{"embeddable":true,"href":"https:\/\/mouldking.store\/hu\/wp-json\/wp\/v2\/comments?post=51478"}],"wp:featuredmedia":[{"embeddable":true,"href":"https:\/\/mouldking.store\/hu\/wp-json\/wp\/v2\/media\/51471"}],"wp:attachment":[{"href":"https:\/\/mouldking.store\/hu\/wp-json\/wp\/v2\/media?parent=51478"}],"wp:term":[{"taxonomy":"product_cat","embeddable":true,"href":"https:\/\/mouldking.store\/hu\/wp-json\/wp\/v2\/product_cat?post=51478"},{"taxonomy":"product_tag","embeddable":true,"href":"https:\/\/mouldking.store\/hu\/wp-json\/wp\/v2\/product_tag?post=51478"}],"curies":[{"name":"wp","href":"https:\/\/api.w.org\/{rel}","templated":true}]}}