{"id":51481,"date":"2023-10-11T12:35:59","date_gmt":"2023-10-11T05:35:59","guid":{"rendered":"https:\/\/mouldking.store\/shop\/xingbao-06050-mtw-m-113-with-735-pieces\/"},"modified":"2023-10-11T12:35:59","modified_gmt":"2023-10-11T05:35:59","slug":"xingbao-06050-mtw-m-113-with-735-pieces","status":"publish","type":"product","link":"https:\/\/mouldking.store\/hu\/shop\/xingbao-06050-mtw-m-113-with-735-pieces\/","title":{"rendered":"XINGBAO 06050 MTW M 113 with 735 Pieces"},"content":{"rendered":"<div>\u2705XINGBAO 06050 MTW M 113<br \/>&nbsp;<br \/>\u2705The MTW M113 is a German armored personnel carrier (APC) that is based on the M113 armored vehicle. The M113, initially designed by the United States, is one of the most widely used armored vehicles in the world and has been adapted for various roles by many countries. The MTW M113 is the German version of the M113 and has been used by the German military.<br \/>&nbsp;<br \/>\ud83d\udeab FONTOS!&nbsp;<br \/>&nbsp;<br \/>Product Name: MTW M 113<br \/>&nbsp;<br \/>Kateg\u00f3ria: Katonai<br \/>&nbsp;<br \/>This Kit Contains: XINGBAO 06050<br \/>&nbsp;<br \/>735 pcs Good Quality Bricks&nbsp;<br \/>&nbsp;<br \/>K\u00e9zi utas\u00edt\u00e1sok&nbsp;<br \/>&nbsp;<br \/>\ud83d\udcccA f\u0151szerepl\u0151 term\u00e9szete&nbsp;<br \/>&nbsp;<br \/>Introducing our proud collection named \u201cMTW M 113\u201d you should not miss.&nbsp;<br \/>&nbsp;<br \/>The MTW M113 is derived from the American M113 armored personnel carrier, which was originally developed in the 1950s.The M113 and its variants are tracked armored vehicles designed for transporting infantry on the battlefield. They typically have a crew compartment for the driver and commander and can carry several fully equipped infantry troops. The M113 design has been adapted for a wide range of roles, including troop transport, command and control, medical evacuation, anti-tank guided missile carriers, mortar carriers, and more.<\/div>","protected":false},"excerpt":{"rendered":"<p>Brand: XINGBAO<br \/>\nNem: Uniszex<br \/>\nKoroszt\u00e1ly: &gt; 6 \u00e9v<br \/>\nModel Number: 06050<br \/>\nBesorol\u00e1s: \u00d6sszeszerel\u00e9s<br \/>\nM\u0171anyag blokk forma: \u00f6nz\u00e1r\u00f3 t\u00e9gla<br \/>\nAnyaga: M\u0171anyag<br \/>\nM\u0171anyag t\u00edpus: ABS<br \/>\nBricks Blocks: 735 +<br \/>\nEredeti doboza nincs<\/p>","protected":false},"featured_media":51479,"comment_status":"open","ping_status":"closed","template":"","meta":{"_acf_changed":false},"product_cat":[1384,1350,1357,372,364],"product_tag":[11221,374,12739,389,11222,2803],"class_list":["product","first","instock","shipping-taxable","purchasable","product-type-simple"],"acf":[],"_links":{"self":[{"href":"https:\/\/mouldking.store\/hu\/wp-json\/wp\/v2\/product\/51481","targetHints":{"allow":["GET"]}}],"collection":[{"href":"https:\/\/mouldking.store\/hu\/wp-json\/wp\/v2\/product"}],"about":[{"href":"https:\/\/mouldking.store\/hu\/wp-json\/wp\/v2\/types\/product"}],"replies":[{"embeddable":true,"href":"https:\/\/mouldking.store\/hu\/wp-json\/wp\/v2\/comments?post=51481"}],"wp:featuredmedia":[{"embeddable":true,"href":"https:\/\/mouldking.store\/hu\/wp-json\/wp\/v2\/media\/51479"}],"wp:attachment":[{"href":"https:\/\/mouldking.store\/hu\/wp-json\/wp\/v2\/media?parent=51481"}],"wp:term":[{"taxonomy":"product_cat","embeddable":true,"href":"https:\/\/mouldking.store\/hu\/wp-json\/wp\/v2\/product_cat?post=51481"},{"taxonomy":"product_tag","embeddable":true,"href":"https:\/\/mouldking.store\/hu\/wp-json\/wp\/v2\/product_tag?post=51481"}],"curies":[{"name":"wp","href":"https:\/\/api.w.org\/{rel}","templated":true}]}}