{"id":51545,"date":"2023-10-17T12:02:45","date_gmt":"2023-10-17T05:02:45","guid":{"rendered":"https:\/\/mouldking.store\/shop\/moc-factory-89230-mobile-suit-girl-with-331-pieces\/"},"modified":"2025-12-16T20:59:23","modified_gmt":"2025-12-16T13:59:23","slug":"moc-factory-89230-mobile-suit-girl-with-331-pieces","status":"publish","type":"product","link":"https:\/\/mouldking.store\/hu\/shop\/moc-factory-89230-mobile-suit-girl-with-331-pieces\/","title":{"rendered":"MOC Factory 89230 Mobile Suit Girl with 331 Pieces"},"content":{"rendered":"<div>\u2705 MOC-89230 Mobile Suit Girl<\/p>\n<p>\u2705A &#8220;Mobile Suit Girl&#8221; typically refers to a character or concept found in the realm of mecha or giant robot anime and manga. In this context, a &#8220;mobile suit&#8221; is a type of humanoid or mecha robot, often piloted by a human or humanoid character.<\/p>\n<p>\ud83d\udeab FONTOS!<\/p>\n<p>Product Name: Mobile Suit Girl<\/p>\n<p>Kateg\u00f3ria: Alkot\u00f3<\/p>\n<p>This Kit Contains: C9719<\/p>\n<p>331&nbsp; pcs Good Quality Bricks<\/p>\n<p>Size:17.9 x 9.6 x 26.7 cm<\/p>\n<p>Weight: 0.13 kg<\/p>\n<p>PDF \u00datmutat\u00f3<\/p>\n<p>\ud83d\udcccA f\u0151szerepl\u0151 term\u00e9szete<\/p>\n<p>Introducing our proud collection named \u201cMobile Suit Girl\u201d you should not miss.<\/p>\n<p>Mobile suits are typically equipped with advanced technology, weaponry, and often have the ability to transform or adapt to different combat scenarios. While the mobile suit itself is mechanical or robotic in appearance, the pilot, or &#8220;Mobile Suit Girl,&#8221; is usually a human or humanoid character. Mobile Suit Girls often undergo character development and face moral or ethical dilemmas in the context of warfare.<\/p><\/div>","protected":false},"excerpt":{"rendered":"<p>M\u00e1rka: MOC Factory<br \/>\nNem: Uniszex<br \/>\nKoroszt\u00e1ly: &gt; 6 \u00e9v<br \/>\nModel Number: 89230<br \/>\nBesorol\u00e1s: \u00d6sszeszerel\u00e9s<br \/>\nM\u0171anyag blokk forma: \u00f6nz\u00e1r\u00f3 t\u00e9gla<br \/>\nAnyaga: M\u0171anyag<br \/>\nM\u0171anyag t\u00edpus: ABS<br \/>\nBricks Blocks: 331 +<br \/>\nEredeti doboza nincs<\/p>","protected":false},"featured_media":51536,"comment_status":"open","ping_status":"closed","template":"","meta":{"_acf_changed":false},"product_cat":[1365,1475,371],"product_tag":[11072,8452,11035,590,8564],"class_list":["product","first","instock","shipping-taxable","purchasable","product-type-simple"],"acf":[],"_links":{"self":[{"href":"https:\/\/mouldking.store\/hu\/wp-json\/wp\/v2\/product\/51545","targetHints":{"allow":["GET"]}}],"collection":[{"href":"https:\/\/mouldking.store\/hu\/wp-json\/wp\/v2\/product"}],"about":[{"href":"https:\/\/mouldking.store\/hu\/wp-json\/wp\/v2\/types\/product"}],"replies":[{"embeddable":true,"href":"https:\/\/mouldking.store\/hu\/wp-json\/wp\/v2\/comments?post=51545"}],"wp:featuredmedia":[{"embeddable":true,"href":"https:\/\/mouldking.store\/hu\/wp-json\/wp\/v2\/media\/51536"}],"wp:attachment":[{"href":"https:\/\/mouldking.store\/hu\/wp-json\/wp\/v2\/media?parent=51545"}],"wp:term":[{"taxonomy":"product_cat","embeddable":true,"href":"https:\/\/mouldking.store\/hu\/wp-json\/wp\/v2\/product_cat?post=51545"},{"taxonomy":"product_tag","embeddable":true,"href":"https:\/\/mouldking.store\/hu\/wp-json\/wp\/v2\/product_tag?post=51545"}],"curies":[{"name":"wp","href":"https:\/\/api.w.org\/{rel}","templated":true}]}}