{"id":51568,"date":"2023-10-17T12:12:44","date_gmt":"2023-10-17T05:12:44","guid":{"rendered":"https:\/\/mouldking.store\/shop\/forange-fc8531-dream-cottage-villa-linghai-with-2228-pieces\/"},"modified":"2023-10-17T12:12:44","modified_gmt":"2023-10-17T05:12:44","slug":"forange-fc8531-dream-cottage-villa-linghai-with-2228-pieces","status":"publish","type":"product","link":"https:\/\/mouldking.store\/hu\/shop\/forange-fc8531-dream-cottage-villa-linghai-with-2228-pieces\/","title":{"rendered":"Forange FC8531 Dream Cottage Villa Linghai with 2228 Pieces"},"content":{"rendered":"<div>\u2705Forange FC8531 Dream Cottage Villa Linghai<br \/>&nbsp;<br \/>\u2705&#8221;Dream Cottage&#8221; typically refers to a picturesque and idyllic small house or vacation home that is often associated with a charming, cozy, and fantasy-like setting. The term is often used to describe a cottage or cabin that people imagine as their ideal or dream getaway. These cottages are usually located in serene rural or natural surroundings, and they are designed to provide a peaceful and tranquil escape from the hustle and bustle of everyday life.<br \/>&nbsp;<br \/>\ud83d\udeab FONTOS!&nbsp;<br \/>&nbsp;<br \/>Product Name: Dream Cottage Villa Linghai<br \/>&nbsp;<br \/>Kateg\u00f3ria: Modul\u00e1ris \u00e9p\u00fclet<br \/>&nbsp;<br \/>This Kit Contains: Forange FC8531<br \/>&nbsp;<br \/>2228 pcs Good Quality Bricks&nbsp;<br \/>&nbsp;<br \/>Size: 39.2 \u00d7 25.6 \u00d7 22 cm<br \/>&nbsp;<br \/>K\u00e9zi utas\u00edt\u00e1sok&nbsp;<br \/>&nbsp;<br \/>\ud83d\udcccA f\u0151szerepl\u0151 term\u00e9szete&nbsp;<br \/>&nbsp;<br \/>Introducing our proud collection named \u201cDream Cottage Villa Linghai\u201d you should not miss.&nbsp;<br \/>&nbsp;<br \/>Dream cottages are often characterized by features such as Quaint and rustic architecture, A peaceful and scenic location, such as by a lake, in the woods, or in the countryside, Cozy and inviting interiors with warm, natural materials. These cottages are often a popular theme in literature, art, and real estate marketing, as they represent a romanticized idea of a quiet and simple life in nature. Many people dream of having their own dream cottage as a vacation retreat or even as a primary residence, away from the hustle and stress of urban living.<\/div>","protected":false},"excerpt":{"rendered":"<p>M\u00e1rka: Forange<br \/>\nNem: Uniszex<br \/>\nKoroszt\u00e1ly: &gt; 6 \u00e9v<br \/>\nModel Number: FC8531<br \/>\nBesorol\u00e1s: \u00d6sszeszerel\u00e9s<br \/>\nM\u0171anyag blokk forma: \u00f6nz\u00e1r\u00f3 t\u00e9gla<br \/>\nAnyaga: M\u0171anyag<br \/>\nM\u0171anyag t\u00edpus: ABS<br \/>\nBricks Blocks: 2228 +<br \/>\nEredeti doboza nincs<\/p>","protected":false},"featured_media":51563,"comment_status":"open","ping_status":"closed","template":"","meta":{"_acf_changed":false},"product_cat":[1365,1395,371,390],"product_tag":[11072,8452,2722,11201,392,6614],"class_list":["product","first","instock","shipping-taxable","purchasable","product-type-simple"],"acf":[],"_links":{"self":[{"href":"https:\/\/mouldking.store\/hu\/wp-json\/wp\/v2\/product\/51568","targetHints":{"allow":["GET"]}}],"collection":[{"href":"https:\/\/mouldking.store\/hu\/wp-json\/wp\/v2\/product"}],"about":[{"href":"https:\/\/mouldking.store\/hu\/wp-json\/wp\/v2\/types\/product"}],"replies":[{"embeddable":true,"href":"https:\/\/mouldking.store\/hu\/wp-json\/wp\/v2\/comments?post=51568"}],"wp:featuredmedia":[{"embeddable":true,"href":"https:\/\/mouldking.store\/hu\/wp-json\/wp\/v2\/media\/51563"}],"wp:attachment":[{"href":"https:\/\/mouldking.store\/hu\/wp-json\/wp\/v2\/media?parent=51568"}],"wp:term":[{"taxonomy":"product_cat","embeddable":true,"href":"https:\/\/mouldking.store\/hu\/wp-json\/wp\/v2\/product_cat?post=51568"},{"taxonomy":"product_tag","embeddable":true,"href":"https:\/\/mouldking.store\/hu\/wp-json\/wp\/v2\/product_tag?post=51568"}],"curies":[{"name":"wp","href":"https:\/\/api.w.org\/{rel}","templated":true}]}}