{"id":51579,"date":"2023-10-17T12:13:56","date_gmt":"2023-10-17T05:13:56","guid":{"rendered":"https:\/\/mouldking.store\/shop\/zhegao-662010-ocean-view-boat-dream-trip-with-579-pieces\/"},"modified":"2023-10-17T12:13:56","modified_gmt":"2023-10-17T05:13:56","slug":"zhegao-662010-ocean-view-boat-dream-trip-with-579-pieces","status":"publish","type":"product","link":"https:\/\/mouldking.store\/hu\/shop\/zhegao-662010-ocean-view-boat-dream-trip-with-579-pieces\/","title":{"rendered":"ZHEGAO 662010 Ocean View Boat Dream Trip with 579 Pieces"},"content":{"rendered":"<div>\u2705ZHEGAO 662010 Ocean View Boat Dream Trip<br \/>&nbsp;<br \/>\u2705The centerpiece of the aquarium toy would be a highly detailed and scaled-down replica of the RMS Titanic, the famous ocean liner. The replica would feature realistic elements such as the ship&#8217;s distinct four funnels, multiple decks, portholes, and intricate detailing on the hull, making it instantly recognizable. It would be made from safe materials suitable for underwater use, such as aquarium-safe plastic or resin.<br \/>&nbsp;<br \/>\ud83d\udeab FONTOS!&nbsp;<br \/>&nbsp;<br \/>Product Name: Ocean View Boat Dream Trip<br \/>&nbsp;<br \/>Kateg\u00f3ria: Alkot\u00f3&nbsp;<br \/>&nbsp;<br \/>This Kit Contains: ZHEGAO 662010<br \/>&nbsp;<br \/>579 pcs Good Quality Bricks&nbsp;<br \/>&nbsp;<br \/>Size: 17 \u00d7 8.5 \u00d7 12.5 cm<br \/>&nbsp;<br \/>K\u00e9zi utas\u00edt\u00e1sok&nbsp;<br \/>&nbsp;<br \/>\ud83d\udcccA f\u0151szerepl\u0151 term\u00e9szete&nbsp;<br \/>&nbsp;<br \/>Introducing our proud collection named \u201cOcean View Boat Dream Trip\u201d you should not miss.&nbsp;<\/p>\n<p>To create an authentic representation of the iceberg that the Titanic famously struck, the toy would include a meticulously crafted, translucent iceberg. It would be designed to float partially submerged beneath the water&#8217;s surface, so it appears as though the ship is sailing near the iceberg. The iceberg would have jagged edges and a realistic, icy appearance, adding to the dramatic effect. Beneath and around the Titanic ship, various fish figurines would populate the aquarium, creating a dynamic and lively underwater scene. You could choose a variety of colorful fish species to provide contrast and movement, enhancing the visual appeal of the aquarium.<\/p><\/div>","protected":false},"excerpt":{"rendered":"<p>M\u00e1rka: ZHEGAO<br \/>\nNem: Uniszex<br \/>\nKorhat\u00e1r: 14 \u00e9v felett<br \/>\nModel Number: 662010<br \/>\nBesorol\u00e1s: \u00d6sszeszerel\u00e9s<br \/>\nM\u0171anyag blokk forma: \u00f6nz\u00e1r\u00f3 t\u00e9gla<br \/>\nAnyaga: M\u0171anyag<br \/>\nM\u0171anyag t\u00edpus: ABS<br \/>\nBricks Blocks: 579 +<br \/>\nEredeti doboza nincs<\/p>","protected":false},"featured_media":51574,"comment_status":"open","ping_status":"closed","template":"","meta":{"_acf_changed":false},"product_cat":[1365,371],"product_tag":[3043,12743,11072,8452,2722,6469],"class_list":["product","first","instock","shipping-taxable","purchasable","product-type-simple"],"acf":[],"_links":{"self":[{"href":"https:\/\/mouldking.store\/hu\/wp-json\/wp\/v2\/product\/51579","targetHints":{"allow":["GET"]}}],"collection":[{"href":"https:\/\/mouldking.store\/hu\/wp-json\/wp\/v2\/product"}],"about":[{"href":"https:\/\/mouldking.store\/hu\/wp-json\/wp\/v2\/types\/product"}],"replies":[{"embeddable":true,"href":"https:\/\/mouldking.store\/hu\/wp-json\/wp\/v2\/comments?post=51579"}],"wp:featuredmedia":[{"embeddable":true,"href":"https:\/\/mouldking.store\/hu\/wp-json\/wp\/v2\/media\/51574"}],"wp:attachment":[{"href":"https:\/\/mouldking.store\/hu\/wp-json\/wp\/v2\/media?parent=51579"}],"wp:term":[{"taxonomy":"product_cat","embeddable":true,"href":"https:\/\/mouldking.store\/hu\/wp-json\/wp\/v2\/product_cat?post=51579"},{"taxonomy":"product_tag","embeddable":true,"href":"https:\/\/mouldking.store\/hu\/wp-json\/wp\/v2\/product_tag?post=51579"}],"curies":[{"name":"wp","href":"https:\/\/api.w.org\/{rel}","templated":true}]}}