{"id":51696,"date":"2023-10-18T12:22:58","date_gmt":"2023-10-18T05:22:58","guid":{"rendered":"https:\/\/mouldking.store\/shop\/balody-21164-eternal-light-love-mark-with-1116-pieces\/"},"modified":"2023-10-18T12:22:58","modified_gmt":"2023-10-18T05:22:58","slug":"balody-21164-eternal-light-love-mark-with-1116-pieces","status":"publish","type":"product","link":"https:\/\/mouldking.store\/hu\/shop\/balody-21164-eternal-light-love-mark-with-1116-pieces\/","title":{"rendered":"BALODY 21164 ETERNAL LIGHT LOVE MARK with 1116 Pieces"},"content":{"rendered":"<div>\u2705BALODY 21164 ETERNAL LIGHT LOVE MARK<br \/>&nbsp;<br \/>\u2705Eternal Light Love Mark could be used to describe a romantic or sentimental experience at a lighthouse, where the presence of flowers and the light of the lighthouse come together to create a memorable and enduring moment of love and affection.<br \/>&nbsp;<br \/>\ud83d\udeab FONTOS!&nbsp;<br \/>&nbsp;<br \/>Product Name:&nbsp; ETERNAL LIGHT LOVE MARK<br \/>&nbsp;<br \/>Kateg\u00f3ria: Alkot\u00f3&nbsp;<br \/>&nbsp;<br \/>This Kit Contains: BALODY 21164<br \/>&nbsp;<br \/>1116 pcs Good Quality Bricks&nbsp;<br \/>&nbsp;<br \/>K\u00e9zi utas\u00edt\u00e1sok&nbsp;<br \/>&nbsp;<br \/>\ud83d\udcccA f\u0151szerepl\u0151 term\u00e9szete&nbsp;<br \/>&nbsp;<br \/>Introducing our proud collection named \u201cETERNAL LIGHT LOVE MARK\u201d you should not miss.&nbsp;<br \/>&nbsp;<br \/>A romantic lighthouse with flowers might be a unique and poetic way to describe a special place or moment in a romantic setting. A lighthouse often symbolizes guidance, safety, and a beacon of hope, and when combined with the imagery of flowers, it can convey a sense of beauty, love, and the eternal nature of the emotions being experienced.<\/div>","protected":false},"excerpt":{"rendered":"<p>M\u00e1rka: BALODY<br \/>\nNem: Uniszex<br \/>\nKoroszt\u00e1ly: &gt; 6 \u00e9v<br \/>\nModel Number: 21164<br \/>\nBesorol\u00e1s: \u00d6sszeszerel\u00e9s<br \/>\nM\u0171anyag blokk forma: \u00f6nz\u00e1r\u00f3 t\u00e9gla<br \/>\nAnyaga: M\u0171anyag<br \/>\nM\u0171anyag t\u00edpus: ABS<br \/>\nBricks Blocks: 1116 +<br \/>\nEredeti doboza nincs<\/p>","protected":false},"featured_media":51690,"comment_status":"open","ping_status":"closed","template":"","meta":{"_acf_changed":false},"product_cat":[1365,371],"product_tag":[11072,8452,12760,10465,6522,12571],"class_list":["product","first","instock","shipping-taxable","purchasable","product-type-simple"],"acf":[],"_links":{"self":[{"href":"https:\/\/mouldking.store\/hu\/wp-json\/wp\/v2\/product\/51696","targetHints":{"allow":["GET"]}}],"collection":[{"href":"https:\/\/mouldking.store\/hu\/wp-json\/wp\/v2\/product"}],"about":[{"href":"https:\/\/mouldking.store\/hu\/wp-json\/wp\/v2\/types\/product"}],"replies":[{"embeddable":true,"href":"https:\/\/mouldking.store\/hu\/wp-json\/wp\/v2\/comments?post=51696"}],"wp:featuredmedia":[{"embeddable":true,"href":"https:\/\/mouldking.store\/hu\/wp-json\/wp\/v2\/media\/51690"}],"wp:attachment":[{"href":"https:\/\/mouldking.store\/hu\/wp-json\/wp\/v2\/media?parent=51696"}],"wp:term":[{"taxonomy":"product_cat","embeddable":true,"href":"https:\/\/mouldking.store\/hu\/wp-json\/wp\/v2\/product_cat?post=51696"},{"taxonomy":"product_tag","embeddable":true,"href":"https:\/\/mouldking.store\/hu\/wp-json\/wp\/v2\/product_tag?post=51696"}],"curies":[{"name":"wp","href":"https:\/\/api.w.org\/{rel}","templated":true}]}}