{"id":51703,"date":"2023-10-18T12:23:17","date_gmt":"2023-10-18T05:23:17","guid":{"rendered":"https:\/\/mouldking.store\/shop\/balody-21163-love-contract-love-mark-with-1454-pieces\/"},"modified":"2023-10-18T12:23:17","modified_gmt":"2023-10-18T05:23:17","slug":"balody-21163-love-contract-love-mark-with-1454-pieces","status":"publish","type":"product","link":"https:\/\/mouldking.store\/hu\/shop\/balody-21163-love-contract-love-mark-with-1454-pieces\/","title":{"rendered":"BALODY 21163 LOVE CONTRACT LOVE MARK with 1454 Pieces"},"content":{"rendered":"<div>\u2705 BALODY 21163 LOVE CONTRACT LOVE MARK<br \/>&nbsp;<br \/>\u2705&#8221;Love Contract&#8221; is a term often used to refer to a romantic or affectionate agreement between two people in a relationship. It is not a legally binding contract but rather a symbolic or informal understanding between partners. This type of &#8220;contract&#8221; typically outlines the expectations, commitments, and terms of the relationship, emphasizing shared values, goals, and expressions of love and affection.<br \/>&nbsp;<br \/>\ud83d\udeab FONTOS!&nbsp;<br \/>&nbsp;<br \/>Product Name: LOVE CONTRACT LOVE MARK<br \/>&nbsp;<br \/>Kateg\u00f3ria: Alkot\u00f3&nbsp;<br \/>&nbsp;<br \/>This Kit Contains: BALODY 21163&nbsp;<br \/>&nbsp;<br \/>1454&nbsp; pcs Good Quality Bricks&nbsp;<br \/>&nbsp;<br \/>K\u00e9zi utas\u00edt\u00e1sok&nbsp;<br \/>&nbsp;<br \/>\ud83d\udcccA f\u0151szerepl\u0151 term\u00e9szete&nbsp;<br \/>&nbsp;<br \/>Introducing our proud collection named \u201cLOVE CONTRACT LOVE MARK\u201d you should not miss.&nbsp;<br \/>&nbsp;<br \/>&#8220;Love Mark&#8221; could be interpreted as a symbolic or metaphorical representation of a visible or tangible sign of affection or love within the context of this &#8220;Love Contract. The presence of flowers adds to the romantic ambiance. Flowers are a classic symbol of love, beauty, and appreciation. The type and arrangement of flowers can further enhance the romantic atmosphere.<\/div>","protected":false},"excerpt":{"rendered":"<p>M\u00e1rka: BALODY<br \/>\nNem: Uniszex<br \/>\nKoroszt\u00e1ly: &gt; 6 \u00e9v<br \/>\nModel Number: 21163<br \/>\nBesorol\u00e1s: \u00d6sszeszerel\u00e9s<br \/>\nM\u0171anyag blokk forma: \u00f6nz\u00e1r\u00f3 t\u00e9gla<br \/>\nAnyaga: M\u0171anyag<br \/>\nM\u0171anyag t\u00edpus: ABS<br \/>\nBricks Blocks: 1454 +<br \/>\nEredeti doboza nincs<\/p>","protected":false},"featured_media":51697,"comment_status":"open","ping_status":"closed","template":"","meta":{"_acf_changed":false},"product_cat":[1365,371],"product_tag":[12761,11072,8452,6522,12571,7786,12762],"class_list":["product","first","instock","shipping-taxable","purchasable","product-type-simple"],"acf":[],"_links":{"self":[{"href":"https:\/\/mouldking.store\/hu\/wp-json\/wp\/v2\/product\/51703","targetHints":{"allow":["GET"]}}],"collection":[{"href":"https:\/\/mouldking.store\/hu\/wp-json\/wp\/v2\/product"}],"about":[{"href":"https:\/\/mouldking.store\/hu\/wp-json\/wp\/v2\/types\/product"}],"replies":[{"embeddable":true,"href":"https:\/\/mouldking.store\/hu\/wp-json\/wp\/v2\/comments?post=51703"}],"wp:featuredmedia":[{"embeddable":true,"href":"https:\/\/mouldking.store\/hu\/wp-json\/wp\/v2\/media\/51697"}],"wp:attachment":[{"href":"https:\/\/mouldking.store\/hu\/wp-json\/wp\/v2\/media?parent=51703"}],"wp:term":[{"taxonomy":"product_cat","embeddable":true,"href":"https:\/\/mouldking.store\/hu\/wp-json\/wp\/v2\/product_cat?post=51703"},{"taxonomy":"product_tag","embeddable":true,"href":"https:\/\/mouldking.store\/hu\/wp-json\/wp\/v2\/product_tag?post=51703"}],"curies":[{"name":"wp","href":"https:\/\/api.w.org\/{rel}","templated":true}]}}