{"id":51709,"date":"2023-10-18T12:23:31","date_gmt":"2023-10-18T05:23:31","guid":{"rendered":"https:\/\/mouldking.store\/shop\/balody-21162-music-of-love-love-mark-with-1338-pieces\/"},"modified":"2023-10-18T12:23:31","modified_gmt":"2023-10-18T05:23:31","slug":"balody-21162-music-of-love-love-mark-with-1338-pieces","status":"publish","type":"product","link":"https:\/\/mouldking.store\/hu\/shop\/balody-21162-music-of-love-love-mark-with-1338-pieces\/","title":{"rendered":"BALODY 21162 MUSIC OF LOVE LOVE MARK with 1338 Pieces"},"content":{"rendered":"<div>\u2705 BALODY 21162 MUSIC OF LOVE LOVE MARK<br \/>&nbsp;<br \/>\u2705&#8221;Music of Love, Love Mark&#8221; describes a romantic and sentimental setting with a piano inside a room adorned with flowers on top. This description conveys a sense of love and music, combining elements that are often associated with romance and emotional expression.<br \/>&nbsp;<br \/>\ud83d\udeab FONTOS!&nbsp;<br \/>&nbsp;<br \/>Product Name: MUSIC OF LOVE LOVE MARK<br \/>&nbsp;<br \/>Kateg\u00f3ria: Alkot\u00f3&nbsp;<br \/>&nbsp;<br \/>This Kit Contains:&nbsp; BALODY 21162&nbsp;<br \/>&nbsp;<br \/>1338 pcs Good Quality Bricks&nbsp;<br \/>&nbsp;<br \/>K\u00e9zi utas\u00edt\u00e1sok&nbsp;<br \/>&nbsp;<br \/>\ud83d\udcccA f\u0151szerepl\u0151 term\u00e9szete&nbsp;<br \/>&nbsp;<br \/>Introducing our proud collection named \u201cMUSIC OF LOVE LOVE MARK\u201d you should not miss.&nbsp;<br \/>&nbsp;<br \/>The presence of a piano in the room indicates that music, particularly piano music, is a central element of this romantic ambiance. A piano is often associated with playing beautiful and emotional melodies. The flowers on top of the piano or in the room add a decorative and romantic touch. Flowers are often used to convey love and appreciation and can enhance the overall atmosphere.<\/div>","protected":false},"excerpt":{"rendered":"<p>M\u00e1rka: BALODY<br \/>\nNem: Uniszex<br \/>\nKoroszt\u00e1ly: &gt; 6 \u00e9v<br \/>\nModel Number: 21162<br \/>\nBesorol\u00e1s: \u00d6sszeszerel\u00e9s<br \/>\nM\u0171anyag blokk forma: \u00f6nz\u00e1r\u00f3 t\u00e9gla<br \/>\nAnyaga: M\u0171anyag<br \/>\nM\u0171anyag t\u00edpus: ABS<br \/>\nBricks Blocks: 1338 +<br \/>\nEredeti doboza nincs<\/p>","protected":false},"featured_media":51704,"comment_status":"open","ping_status":"closed","template":"","meta":{"_acf_changed":false},"product_cat":[1365,371],"product_tag":[11072,8452,6522,12571,1465,1466],"class_list":["product","first","instock","shipping-taxable","purchasable","product-type-simple"],"acf":[],"_links":{"self":[{"href":"https:\/\/mouldking.store\/hu\/wp-json\/wp\/v2\/product\/51709","targetHints":{"allow":["GET"]}}],"collection":[{"href":"https:\/\/mouldking.store\/hu\/wp-json\/wp\/v2\/product"}],"about":[{"href":"https:\/\/mouldking.store\/hu\/wp-json\/wp\/v2\/types\/product"}],"replies":[{"embeddable":true,"href":"https:\/\/mouldking.store\/hu\/wp-json\/wp\/v2\/comments?post=51709"}],"wp:featuredmedia":[{"embeddable":true,"href":"https:\/\/mouldking.store\/hu\/wp-json\/wp\/v2\/media\/51704"}],"wp:attachment":[{"href":"https:\/\/mouldking.store\/hu\/wp-json\/wp\/v2\/media?parent=51709"}],"wp:term":[{"taxonomy":"product_cat","embeddable":true,"href":"https:\/\/mouldking.store\/hu\/wp-json\/wp\/v2\/product_cat?post=51709"},{"taxonomy":"product_tag","embeddable":true,"href":"https:\/\/mouldking.store\/hu\/wp-json\/wp\/v2\/product_tag?post=51709"}],"curies":[{"name":"wp","href":"https:\/\/api.w.org\/{rel}","templated":true}]}}