{"id":51722,"date":"2023-10-18T12:24:24","date_gmt":"2023-10-18T05:24:24","guid":{"rendered":"https:\/\/mouldking.store\/shop\/zhegao-662024-gift-box-christmas-house-with-714-pieces\/"},"modified":"2023-10-18T12:24:24","modified_gmt":"2023-10-18T05:24:24","slug":"zhegao-662024-gift-box-christmas-house-with-714-pieces","status":"publish","type":"product","link":"https:\/\/mouldking.store\/hu\/shop\/zhegao-662024-gift-box-christmas-house-with-714-pieces\/","title":{"rendered":"ZHEGAO 662024 Gift Box Christmas House with 714 Pieces"},"content":{"rendered":"<div>\u2705ZHEGAO 662024 Gift Box Christmas House<br \/>&nbsp;<br \/>\u2705A &#8220;Gift Box Christmas House&#8221; is a decorative or artistic representation of a house, often used as a holiday decoration during the Christmas season. It combines the imagery of a gift box with that of a cozy home, creating a festive and whimsical decoration.&nbsp;<br \/>&nbsp;<br \/>\ud83d\udeab FONTOS!&nbsp;<br \/>&nbsp;<br \/>Product Name: Gift Box Christmas House<br \/>&nbsp;<br \/>Kateg\u00f3ria: Alkot\u00f3&nbsp;<br \/>&nbsp;<br \/>This Kit Contains: ZHEGAO 662024<br \/>&nbsp;<br \/>714 pcs Good Quality Bricks&nbsp;<br \/>&nbsp;<br \/>Size: 10.5 \u00d7 10.5 \u00d7 11 cm<br \/>&nbsp;<br \/>K\u00e9zi utas\u00edt\u00e1sok&nbsp;<br \/>&nbsp;<br \/>\ud83d\udcccA f\u0151szerepl\u0151 term\u00e9szete&nbsp;<br \/>&nbsp;<br \/>Introducing our proud collection named \u201cGift Box Christmas House\u201d you should not miss.&nbsp;<br \/>&nbsp;<br \/>The house is designed to resemble a gift box, complete with wrapping paper, ribbons, and a bow on top. This design element conveys a sense of surprise and celebration, which is common during the holiday season. The structure is shaped like a house, often with doors, windows, and other architectural details. It can be illuminated from within or decorated with festive lights, creating a warm and inviting appearance. A Gift Box Christmas House is typically used as a decorative item during the Christmas season. It can be placed indoors as part of your home decor, or it might be set up outside to contribute to the festive ambiance of your neighborhood.<\/div>","protected":false},"excerpt":{"rendered":"<p>M\u00e1rka: ZHEGAO<br \/>\nNem: Uniszex<br \/>\nKoroszt\u00e1ly: &gt; 6 \u00e9v<br \/>\nModel Number: 662024<br \/>\nBesorol\u00e1s: \u00d6sszeszerel\u00e9s<br \/>\nM\u0171anyag blokk forma: \u00f6nz\u00e1r\u00f3 t\u00e9gla<br \/>\nAnyaga: M\u0171anyag<br \/>\nM\u0171anyag t\u00edpus: ABS<br \/>\nBricks Blocks: 714 +<br \/>\nEredeti doboza nincs<\/p>","protected":false},"featured_media":51716,"comment_status":"open","ping_status":"closed","template":"","meta":{"_acf_changed":false},"product_cat":[1365,371],"product_tag":[1066,11072,8452,4948,6532,2318],"class_list":["product","first","instock","shipping-taxable","purchasable","product-type-simple"],"acf":[],"_links":{"self":[{"href":"https:\/\/mouldking.store\/hu\/wp-json\/wp\/v2\/product\/51722","targetHints":{"allow":["GET"]}}],"collection":[{"href":"https:\/\/mouldking.store\/hu\/wp-json\/wp\/v2\/product"}],"about":[{"href":"https:\/\/mouldking.store\/hu\/wp-json\/wp\/v2\/types\/product"}],"replies":[{"embeddable":true,"href":"https:\/\/mouldking.store\/hu\/wp-json\/wp\/v2\/comments?post=51722"}],"wp:featuredmedia":[{"embeddable":true,"href":"https:\/\/mouldking.store\/hu\/wp-json\/wp\/v2\/media\/51716"}],"wp:attachment":[{"href":"https:\/\/mouldking.store\/hu\/wp-json\/wp\/v2\/media?parent=51722"}],"wp:term":[{"taxonomy":"product_cat","embeddable":true,"href":"https:\/\/mouldking.store\/hu\/wp-json\/wp\/v2\/product_cat?post=51722"},{"taxonomy":"product_tag","embeddable":true,"href":"https:\/\/mouldking.store\/hu\/wp-json\/wp\/v2\/product_tag?post=51722"}],"curies":[{"name":"wp","href":"https:\/\/api.w.org\/{rel}","templated":true}]}}