{"id":51751,"date":"2023-10-18T12:26:21","date_gmt":"2023-10-18T05:26:21","guid":{"rendered":"https:\/\/mouldking.store\/shop\/reobrix-11032-g-class-the-beast-with-1204-pieces\/"},"modified":"2023-10-18T12:26:21","modified_gmt":"2023-10-18T05:26:21","slug":"reobrix-11032-g-class-the-beast-with-1204-pieces","status":"publish","type":"product","link":"https:\/\/mouldking.store\/hu\/shop\/reobrix-11032-g-class-the-beast-with-1204-pieces\/","title":{"rendered":"REOBRIX 11032 G Class The Beast with 1204 Pieces"},"content":{"rendered":"<div>\u2705 Reobrix 11032 G Class The Beast<br \/>&nbsp;<br \/>\u2705Off-road vehicles, often referred to as ORVs, are vehicles designed to operate on rugged and uneven terrain rather than on traditional paved roads. These vehicles are built to handle various types of off-road conditions, including dirt trails, rocky paths, sand dunes, mud, snow, and other challenging landscapes. Off-road vehicles come in various shapes and sizes, and they are used for recreational, sport, utility, and commercial purposes.<br \/>&nbsp;<br \/>\ud83d\udeab FONTOS!&nbsp;<br \/>&nbsp;<br \/>Product Name: G Class The Beast<br \/>&nbsp;<br \/>Kateg\u00f3ria: M\u0171szaki<br \/>&nbsp;<br \/>This Kit Contains:&nbsp; Reobrix 11032<br \/>&nbsp;<br \/>1204 pcs Good Quality Bricks&nbsp;<br \/>&nbsp;<br \/>Size: 29.6 \u00d7 13.6 \u00d7 12 cm<br \/>&nbsp;<br \/>K\u00e9zi utas\u00edt\u00e1sok&nbsp;<br \/>&nbsp;<br \/>\ud83d\udcccA f\u0151szerepl\u0151 term\u00e9szete&nbsp;<br \/>&nbsp;<br \/>Introducing our proud collection named \u201cG Class The Beast\u201d you should not miss.&nbsp;<br \/>&nbsp;<br \/>Off-road trucks and sport utility vehicles (SUVs), including vehicles like the Jeep Wrangler and Toyota Land Cruiser, are designed for both on-road and off-road use. They have features such as four-wheel drive, high ground clearance, and rugged tires.<\/div>","protected":false},"excerpt":{"rendered":"<p>M\u00e1rka: REOBRIX<br \/>\nNem: Uniszex<br \/>\nKorhat\u00e1r: 14 \u00e9v felett<br \/>\nModel Number: 11032<br \/>\nBesorol\u00e1s: \u00d6sszeszerel\u00e9s<br \/>\nM\u0171anyag blokk forma: \u00f6nz\u00e1r\u00f3 t\u00e9gla<br \/>\nAnyaga: M\u0171anyag<br \/>\nM\u0171anyag t\u00edpus: ABS<br \/>\nBricks Blocks: 1204 +<br \/>\nEredeti doboza nincs<\/p>","protected":false},"featured_media":51748,"comment_status":"open","ping_status":"closed","template":"","meta":{"_acf_changed":false},"product_cat":[1360,1357,364,1875],"product_tag":[7153,457,12768,4734,11590,389,11080],"class_list":["product","first","instock","shipping-taxable","purchasable","product-type-simple"],"acf":[],"_links":{"self":[{"href":"https:\/\/mouldking.store\/hu\/wp-json\/wp\/v2\/product\/51751","targetHints":{"allow":["GET"]}}],"collection":[{"href":"https:\/\/mouldking.store\/hu\/wp-json\/wp\/v2\/product"}],"about":[{"href":"https:\/\/mouldking.store\/hu\/wp-json\/wp\/v2\/types\/product"}],"replies":[{"embeddable":true,"href":"https:\/\/mouldking.store\/hu\/wp-json\/wp\/v2\/comments?post=51751"}],"wp:featuredmedia":[{"embeddable":true,"href":"https:\/\/mouldking.store\/hu\/wp-json\/wp\/v2\/media\/51748"}],"wp:attachment":[{"href":"https:\/\/mouldking.store\/hu\/wp-json\/wp\/v2\/media?parent=51751"}],"wp:term":[{"taxonomy":"product_cat","embeddable":true,"href":"https:\/\/mouldking.store\/hu\/wp-json\/wp\/v2\/product_cat?post=51751"},{"taxonomy":"product_tag","embeddable":true,"href":"https:\/\/mouldking.store\/hu\/wp-json\/wp\/v2\/product_tag?post=51751"}],"curies":[{"name":"wp","href":"https:\/\/api.w.org\/{rel}","templated":true}]}}