{"id":51767,"date":"2023-10-18T12:26:44","date_gmt":"2023-10-18T05:26:44","guid":{"rendered":"https:\/\/mouldking.store\/shop\/jiestar-89141-santas-house-with-2355-pieces\/"},"modified":"2023-10-18T12:26:44","modified_gmt":"2023-10-18T05:26:44","slug":"jiestar-89141-santas-house-with-2355-pieces","status":"publish","type":"product","link":"https:\/\/mouldking.store\/hu\/shop\/jiestar-89141-santas-house-with-2355-pieces\/","title":{"rendered":"JIESTAR 89141 Santa&#8217;s House with 2355 Pieces"},"content":{"rendered":"<div>\u2705JIESTAR 89141 Santa&#8217;s House<br \/>&nbsp;<br \/>\u2705Santa&#8217;s House is a popular and cherished concept associated with the Christmas holiday. It is often depicted as the home or residence of Santa Claus, the legendary figure who is said to deliver gifts to children around the world on Christmas Eve. Santa&#8217;s House is portrayed in various ways in literature, folklore, and holiday decorations, and its appearance can differ across different cultures and traditions.<br \/>&nbsp;<br \/>\ud83d\udeab FONTOS!&nbsp;<br \/>&nbsp;<br \/>Product Name: Santa&#8217;s House<br \/>&nbsp;<br \/>Kateg\u00f3ria: Alkot\u00f3&nbsp;<br \/>&nbsp;<br \/>This Kit Contains: JIESTAR 89141<br \/>&nbsp;<br \/>2355 pcs Good Quality Bricks&nbsp;<br \/>&nbsp;<br \/>Size: 40 \u00d7 18 \u00d7 28 cm<br \/>&nbsp;<br \/>K\u00e9zi utas\u00edt\u00e1sok&nbsp;<br \/>&nbsp;<br \/>\ud83d\udcccA f\u0151szerepl\u0151 term\u00e9szete&nbsp;<br \/>&nbsp;<br \/>Introducing our proud collection named \u201cSanta&#8217;s House\u201d you should not miss.&nbsp;<br \/>&nbsp;<br \/>Santa&#8217;s House is typically depicted as a warm and inviting place, adorned with festive decorations, holiday lights, and cozy furnishings. It exudes a feeling of comfort and joy.&nbsp; Santa&#8217;s House often features a large fireplace or chimney, which Santa is said to use as an entry point to deliver gifts to children&#8217;s homes. Santa&#8217;s House is often associated with magical elements, such as the ability to teleport or travel around the world in a single night, thanks to Santa&#8217;s sleigh and reindeer.<\/div>","protected":false},"excerpt":{"rendered":"<p>M\u00e1rka: JIESTAR<br \/>\nNem: Uniszex<br \/>\nKoroszt\u00e1ly: &gt; 6 \u00e9v<br \/>\nModel Number: 89141<br \/>\nBesorol\u00e1s: \u00d6sszeszerel\u00e9s<br \/>\nM\u0171anyag blokk forma: \u00f6nz\u00e1r\u00f3 t\u00e9gla<br \/>\nAnyaga: M\u0171anyag<br \/>\nM\u0171anyag t\u00edpus: ABS<br \/>\nBricks Blocks: 2355 +<br \/>\nEredeti doboza nincs<\/p>","protected":false},"featured_media":51745,"comment_status":"open","ping_status":"closed","template":"","meta":{"_acf_changed":false},"product_cat":[1365,371],"product_tag":[1066,11072,8452,2318,2727],"class_list":["product","first","instock","shipping-taxable","purchasable","product-type-simple"],"acf":[],"_links":{"self":[{"href":"https:\/\/mouldking.store\/hu\/wp-json\/wp\/v2\/product\/51767","targetHints":{"allow":["GET"]}}],"collection":[{"href":"https:\/\/mouldking.store\/hu\/wp-json\/wp\/v2\/product"}],"about":[{"href":"https:\/\/mouldking.store\/hu\/wp-json\/wp\/v2\/types\/product"}],"replies":[{"embeddable":true,"href":"https:\/\/mouldking.store\/hu\/wp-json\/wp\/v2\/comments?post=51767"}],"wp:featuredmedia":[{"embeddable":true,"href":"https:\/\/mouldking.store\/hu\/wp-json\/wp\/v2\/media\/51745"}],"wp:attachment":[{"href":"https:\/\/mouldking.store\/hu\/wp-json\/wp\/v2\/media?parent=51767"}],"wp:term":[{"taxonomy":"product_cat","embeddable":true,"href":"https:\/\/mouldking.store\/hu\/wp-json\/wp\/v2\/product_cat?post=51767"},{"taxonomy":"product_tag","embeddable":true,"href":"https:\/\/mouldking.store\/hu\/wp-json\/wp\/v2\/product_tag?post=51767"}],"curies":[{"name":"wp","href":"https:\/\/api.w.org\/{rel}","templated":true}]}}