{"id":51772,"date":"2023-10-18T12:26:58","date_gmt":"2023-10-18T05:26:58","guid":{"rendered":"https:\/\/mouldking.store\/shop\/zhegao-gz8888a-the-ultimate-golden-version-of-the-aircraft-carrier-fujian-with-1578-pieces\/"},"modified":"2023-10-18T12:26:58","modified_gmt":"2023-10-18T05:26:58","slug":"zhegao-gz8888a-the-ultimate-golden-version-of-the-aircraft-carrier-fujian-with-1578-pieces","status":"publish","type":"product","link":"https:\/\/mouldking.store\/hu\/shop\/zhegao-gz8888a-the-ultimate-golden-version-of-the-aircraft-carrier-fujian-with-1578-pieces\/","title":{"rendered":"ZHEGAO GZ8888A A Fujian rep\u00fcl\u0151g\u00e9p-hordoz\u00f3 v\u00e9gs\u0151 arany v\u00e1ltozata 1578 darabbal"},"content":{"rendered":"<div>\u2705ZHEGAO GZ8888A The Ultimate Golden Version Of The Aircraft Carrier Fujian<br \/>&nbsp;<br \/>\u2705China has been actively expanding its naval capabilities, and there are reports of additional aircraft carriers under construction or in various stages of planning and development. These carriers are part of China&#8217;s efforts to enhance its naval presence, power projection capabilities, and maritime security.<br \/>&nbsp;<br \/>\ud83d\udeab FONTOS!&nbsp;<br \/>&nbsp;<br \/>Product Name:&nbsp; The Ultimate Golden Version Of The Aircraft Carrier Fujian<br \/>&nbsp;<br \/>Kateg\u00f3ria: Katonai<br \/>&nbsp;<br \/>This Kit Contains: ZHEGAO GZ8888A&nbsp;<br \/>&nbsp;<br \/>1578 pcs Good Quality Bricks&nbsp;<br \/>&nbsp;<br \/>Size:&nbsp; 65 \u00d7 19 \u00d7 23 cm<br \/>&nbsp;<br \/>K\u00e9zi utas\u00edt\u00e1sok&nbsp;<br \/>&nbsp;<br \/>\ud83d\udcccA f\u0151szerepl\u0151 term\u00e9szete&nbsp;<br \/>&nbsp;<br \/>Introducing our proud collection named \u201cThe Ultimate Golden Version Of The Aircraft Carrier Fujian\u201d you should not miss.&nbsp;<br \/>&nbsp;<br \/>The Liaoning is China&#8217;s first aircraft carrier and was commissioned in 2012. It was originally a Soviet Navy carrier named the Varyag, which China purchased from Ukraine and extensively refitted. The Liaoning primarily served for training and testing purposes. The Shandong is China&#8217;s first domestically built aircraft carrier and was commissioned in 2019. It is based on the design of the Liaoning but incorporates several improvements and modifications.<\/div>","protected":false},"excerpt":{"rendered":"<p>M\u00e1rka: ZHEGAO<br \/>\nNem: Uniszex<br \/>\nKoroszt\u00e1ly: &gt; 6 \u00e9v<br \/>\nModel Number: GZ8888A<br \/>\nBesorol\u00e1s: \u00d6sszeszerel\u00e9s<br \/>\nM\u0171anyag blokk forma: \u00f6nz\u00e1r\u00f3 t\u00e9gla<br \/>\nAnyaga: M\u0171anyag<br \/>\nM\u0171anyag t\u00edpus: ABS<br \/>\nBricks Blocks: 1578 +<br \/>\nEredeti doboza nincs<\/p>","protected":false},"featured_media":51752,"comment_status":"open","ping_status":"closed","template":"","meta":{"_acf_changed":false},"product_cat":[1350,1357,372,364],"product_tag":[12176,5271,4681,11144,6462,12767,11105,374,389,11245],"class_list":["product","first","instock","shipping-taxable","purchasable","product-type-simple"],"acf":[],"_links":{"self":[{"href":"https:\/\/mouldking.store\/hu\/wp-json\/wp\/v2\/product\/51772","targetHints":{"allow":["GET"]}}],"collection":[{"href":"https:\/\/mouldking.store\/hu\/wp-json\/wp\/v2\/product"}],"about":[{"href":"https:\/\/mouldking.store\/hu\/wp-json\/wp\/v2\/types\/product"}],"replies":[{"embeddable":true,"href":"https:\/\/mouldking.store\/hu\/wp-json\/wp\/v2\/comments?post=51772"}],"wp:featuredmedia":[{"embeddable":true,"href":"https:\/\/mouldking.store\/hu\/wp-json\/wp\/v2\/media\/51752"}],"wp:attachment":[{"href":"https:\/\/mouldking.store\/hu\/wp-json\/wp\/v2\/media?parent=51772"}],"wp:term":[{"taxonomy":"product_cat","embeddable":true,"href":"https:\/\/mouldking.store\/hu\/wp-json\/wp\/v2\/product_cat?post=51772"},{"taxonomy":"product_tag","embeddable":true,"href":"https:\/\/mouldking.store\/hu\/wp-json\/wp\/v2\/product_tag?post=51772"}],"curies":[{"name":"wp","href":"https:\/\/api.w.org\/{rel}","templated":true}]}}