{"id":51787,"date":"2023-10-18T12:28:12","date_gmt":"2023-10-18T05:28:12","guid":{"rendered":"https:\/\/mouldking.store\/shop\/reobrix-66018-medieval-bistro-village-in-with-2831-pieces\/"},"modified":"2023-10-18T12:28:12","modified_gmt":"2023-10-18T05:28:12","slug":"reobrix-66018-medieval-bistro-village-in-with-2831-pieces","status":"publish","type":"product","link":"https:\/\/mouldking.store\/hu\/shop\/reobrix-66018-medieval-bistro-village-in-with-2831-pieces\/","title":{"rendered":"REOBRIX 66018 Medieval Bistro Village In with 2831 Pieces"},"content":{"rendered":"<div>\u2705 Reobrix 66018 Medieval Bistro Village In&nbsp;<br \/>&nbsp;<br \/>\u2705A medieval bistro is a restaurant or dining establishment that is designed to resemble a place from the European Middle Ages. The d\u00e9cor, menu, and ambiance would reflect the medieval era, including elements like wooden furniture, candlelight, and staff dressed in period costumes.<br \/>&nbsp;<br \/>\ud83d\udeab FONTOS!&nbsp;<br \/>&nbsp;<br \/>Product Name: Medieval Bistro Village In&nbsp;<br \/>&nbsp;<br \/>Kateg\u00f3ria: Modul\u00e1ris \u00e9p\u00fclet&nbsp;<br \/>&nbsp;<br \/>This Kit Contains:&nbsp; Reobrix 66018<br \/>&nbsp;<br \/>2831 pcs Good Quality Bricks&nbsp;<br \/>&nbsp;<br \/>Size: 28 \u00d7 30.4 \u00d7 32.8 cm<br \/>&nbsp;<br \/>K\u00e9zi utas\u00edt\u00e1sok&nbsp;<br \/>&nbsp;<br \/>\ud83d\udcccA f\u0151szerepl\u0151 term\u00e9szete&nbsp;<br \/>&nbsp;<br \/>Introducing our proud collection named \u201cMedieval Bistro Village In \u201d you should not miss.&nbsp;<br \/>&nbsp;<br \/>The castle would serve as the central focal point of the concept. It could be an authentic medieval castle or a modern reproduction designed to resemble one. The castle would feature grand halls for dining, entertainment, and possibly events, all designed to transport guests to a different time.Guests at the medieval bistro could enjoy various forms of entertainment that were popular during the medieval period, such as minstrels, jesters, and other performers. Themed events and activities could also be part of the experience.<\/div>","protected":false},"excerpt":{"rendered":"<p>M\u00e1rka: REOBRIX<br \/>\nNem: Uniszex<br \/>\nKorhat\u00e1r: 14 \u00e9v felett<br \/>\nModel Number: 66018<br \/>\nBesorol\u00e1s: \u00d6sszeszerel\u00e9s<br \/>\nM\u0171anyag blokk forma: \u00f6nz\u00e1r\u00f3 t\u00e9gla<br \/>\nAnyaga: M\u0171anyag<br \/>\nM\u0171anyag t\u00edpus: ABS<br \/>\nBricks Blocks: 2831 +<br \/>\nEredeti doboza nincs<\/p>","protected":false},"featured_media":51779,"comment_status":"open","ping_status":"closed","template":"","meta":{"_acf_changed":false},"product_cat":[1365,1395,371,390],"product_tag":[12769,787,11072,8452,12732,4996,5644,392,6373],"class_list":["product","first","instock","shipping-taxable","purchasable","product-type-simple"],"acf":[],"_links":{"self":[{"href":"https:\/\/mouldking.store\/hu\/wp-json\/wp\/v2\/product\/51787","targetHints":{"allow":["GET"]}}],"collection":[{"href":"https:\/\/mouldking.store\/hu\/wp-json\/wp\/v2\/product"}],"about":[{"href":"https:\/\/mouldking.store\/hu\/wp-json\/wp\/v2\/types\/product"}],"replies":[{"embeddable":true,"href":"https:\/\/mouldking.store\/hu\/wp-json\/wp\/v2\/comments?post=51787"}],"wp:featuredmedia":[{"embeddable":true,"href":"https:\/\/mouldking.store\/hu\/wp-json\/wp\/v2\/media\/51779"}],"wp:attachment":[{"href":"https:\/\/mouldking.store\/hu\/wp-json\/wp\/v2\/media?parent=51787"}],"wp:term":[{"taxonomy":"product_cat","embeddable":true,"href":"https:\/\/mouldking.store\/hu\/wp-json\/wp\/v2\/product_cat?post=51787"},{"taxonomy":"product_tag","embeddable":true,"href":"https:\/\/mouldking.store\/hu\/wp-json\/wp\/v2\/product_tag?post=51787"}],"curies":[{"name":"wp","href":"https:\/\/api.w.org\/{rel}","templated":true}]}}