{"id":51795,"date":"2023-10-18T12:35:36","date_gmt":"2023-10-18T05:35:36","guid":{"rendered":"https:\/\/mouldking.store\/shop\/pantasy-85010-vintage-projector-with-716-pieces\/"},"modified":"2023-10-18T12:35:36","modified_gmt":"2023-10-18T05:35:36","slug":"pantasy-85010-vintage-projector-with-716-pieces","status":"publish","type":"product","link":"https:\/\/mouldking.store\/hu\/shop\/pantasy-85010-vintage-projector-with-716-pieces\/","title":{"rendered":"Pantasy 85010 Vintage Projector with 716 Pieces"},"content":{"rendered":"<div>\u2705 Pantasy 85010 Vintage Projector<br \/>&nbsp;<br \/>\u2705Vintage projectors are classic devices used to display images or films on a screen or wall. They were popular in the 20th century before the widespread adoption of digital projectors and flat-screen televisions.<br \/>&nbsp;<br \/>\ud83d\udeab FONTOS!&nbsp;<br \/>&nbsp;<br \/>Product Name: Vintage Projector<br \/>&nbsp;<br \/>Kateg\u00f3ria: Alkot\u00f3&nbsp;<br \/>&nbsp;<br \/>This Kit Contains:&nbsp; Pantasy 85010<br \/>&nbsp;<br \/>716pcs High Quality&nbsp;<\/p>\n<p>Size:&nbsp; 19.5 \u00d7 14 \u00d7 34 cm<br \/>&nbsp;<br \/>K\u00e9zi utas\u00edt\u00e1sok&nbsp;<br \/>&nbsp;<br \/>\ud83d\udcccA f\u0151szerepl\u0151 term\u00e9szete&nbsp;<br \/>&nbsp;<br \/>Introducing our proud collection named \u201cVintage Projector\u201d you should not miss.&nbsp;<br \/>&nbsp;<br \/>Vintage projectors hold nostalgic value for many people and are sometimes sought after as collector&#8217;s items. They have a distinctive charm and mechanical simplicity that contrasts with modern digital projectors. However, they can be less practical for everyday use due to their reliance on older technology and media formats.<\/div>","protected":false},"excerpt":{"rendered":"<p>M\u00e1rka: Pantasy<br \/>\nNem: Uniszex<br \/>\nKoroszt\u00e1ly: &gt; 6 \u00e9v<br \/>\nModel Number: 85010<br \/>\nBesorol\u00e1s: \u00d6sszeszerel\u00e9s<br \/>\nM\u0171anyag blokk forma: \u00f6nz\u00e1r\u00f3 t\u00e9gla<br \/>\nAnyaga: M\u0171anyag<br \/>\nM\u0171anyag t\u00edpus: ABS<br \/>\nT\u00e9gla T\u00e9gla: 716 +<br \/>\nEredeti doboza nincs<\/p>","protected":false},"featured_media":51790,"comment_status":"open","ping_status":"closed","template":"","meta":{"_acf_changed":false},"product_cat":[1365,371],"product_tag":[11072,8452,12772,7457,7941],"class_list":["product","first","instock","shipping-taxable","purchasable","product-type-simple"],"acf":[],"_links":{"self":[{"href":"https:\/\/mouldking.store\/hu\/wp-json\/wp\/v2\/product\/51795","targetHints":{"allow":["GET"]}}],"collection":[{"href":"https:\/\/mouldking.store\/hu\/wp-json\/wp\/v2\/product"}],"about":[{"href":"https:\/\/mouldking.store\/hu\/wp-json\/wp\/v2\/types\/product"}],"replies":[{"embeddable":true,"href":"https:\/\/mouldking.store\/hu\/wp-json\/wp\/v2\/comments?post=51795"}],"wp:featuredmedia":[{"embeddable":true,"href":"https:\/\/mouldking.store\/hu\/wp-json\/wp\/v2\/media\/51790"}],"wp:attachment":[{"href":"https:\/\/mouldking.store\/hu\/wp-json\/wp\/v2\/media?parent=51795"}],"wp:term":[{"taxonomy":"product_cat","embeddable":true,"href":"https:\/\/mouldking.store\/hu\/wp-json\/wp\/v2\/product_cat?post=51795"},{"taxonomy":"product_tag","embeddable":true,"href":"https:\/\/mouldking.store\/hu\/wp-json\/wp\/v2\/product_tag?post=51795"}],"curies":[{"name":"wp","href":"https:\/\/api.w.org\/{rel}","templated":true}]}}