{"id":51798,"date":"2023-10-18T12:35:47","date_gmt":"2023-10-18T05:35:47","guid":{"rendered":"https:\/\/mouldking.store\/shop\/dk-80008-airbus-a380-the-largest-airliner-everbuilt-with-1945-pieces\/"},"modified":"2023-10-18T12:35:47","modified_gmt":"2023-10-18T05:35:47","slug":"dk-80008-airbus-a380-the-largest-airliner-everbuilt-with-1945-pieces","status":"publish","type":"product","link":"https:\/\/mouldking.store\/hu\/shop\/dk-80008-airbus-a380-the-largest-airliner-everbuilt-with-1945-pieces\/","title":{"rendered":"DK 80008 Airbus A380 The Largest Airliner Everbuilt with 1945 Pieces"},"content":{"rendered":"<div>\u2705 DK 80008 Airbus A380 The Largest Airliner Everbuilt<br \/>&nbsp;<br \/>\u2705The Airbus A380 is indeed one of the largest airliners ever built. It is a double-deck, wide-body, four-engine commercial aircraft manufactured by Airbus, a European aerospace company. The A380 was designed to be the flagship of modern long-haul air travel and to compete with the Boeing 747 for the title of the world&#8217;s largest passenger airliner.<br \/>&nbsp;<br \/>\ud83d\udeab FONTOS!&nbsp;<br \/>&nbsp;<br \/>Product Name: Airbus A380 The Largest Airliner Everbuilt<br \/>&nbsp;<br \/>Kateg\u00f3ria: M\u0171szaki<br \/>&nbsp;<br \/>This Kit Contains: DK 80008<br \/>&nbsp;<br \/>1945 pcs Good Quality Bricks&nbsp;<br \/>&nbsp;<br \/>K\u00e9zi utas\u00edt\u00e1sok&nbsp;<br \/>&nbsp;<br \/>\ud83d\udcccA f\u0151szerepl\u0151 term\u00e9szete&nbsp;<br \/>&nbsp;<br \/>Introducing our proud collection named \u201cAirbus A380 The Largest Airliner Everbuilt\u201d you should not miss.&nbsp;<br \/>&nbsp;<br \/>The Airbus A380 is known for its impressive size. It typically seats between 555 and 853 passengers, depending on the configuration chosen by the airline. In a typical three-class configuration, it seats around 555 passengers, while a two-class configuration can accommodate more. The A380 features a full-length, two-deck passenger cabin. The lower deck is often used for amenities like crew rest areas and additional passenger seating, while the upper deck provides more passenger seating.&nbsp; Despite its enormous size, the A380 was designed with an emphasis on fuel efficiency and environmental performance. Its advanced technology, including lightweight composite materials and fuel-efficient engines, contributes to reduced per-passenger fuel consumption compared to older aircraft.<\/div>","protected":false},"excerpt":{"rendered":"<p>M\u00e1rka: DK<br \/>\nNem: Uniszex<br \/>\nKoroszt\u00e1ly: 8 \u00e9v felett<br \/>\nModel Number: 80008<br \/>\nBesorol\u00e1s: \u00d6sszeszerel\u00e9s<br \/>\nM\u0171anyag blokk forma: \u00f6nz\u00e1r\u00f3 t\u00e9gla<br \/>\nAnyaga: M\u0171anyag<br \/>\nM\u0171anyag t\u00edpus: ABS<br \/>\nBricks Blocks: 1945 +<br \/>\nEredeti doboza nincs<\/p>","protected":false},"featured_media":51796,"comment_status":"open","ping_status":"closed","template":"","meta":{"_acf_changed":false},"product_cat":[1357,364],"product_tag":[12773,12774,12775,389,11080],"class_list":["product","first","instock","shipping-taxable","purchasable","product-type-simple"],"acf":[],"_links":{"self":[{"href":"https:\/\/mouldking.store\/hu\/wp-json\/wp\/v2\/product\/51798","targetHints":{"allow":["GET"]}}],"collection":[{"href":"https:\/\/mouldking.store\/hu\/wp-json\/wp\/v2\/product"}],"about":[{"href":"https:\/\/mouldking.store\/hu\/wp-json\/wp\/v2\/types\/product"}],"replies":[{"embeddable":true,"href":"https:\/\/mouldking.store\/hu\/wp-json\/wp\/v2\/comments?post=51798"}],"wp:featuredmedia":[{"embeddable":true,"href":"https:\/\/mouldking.store\/hu\/wp-json\/wp\/v2\/media\/51796"}],"wp:attachment":[{"href":"https:\/\/mouldking.store\/hu\/wp-json\/wp\/v2\/media?parent=51798"}],"wp:term":[{"taxonomy":"product_cat","embeddable":true,"href":"https:\/\/mouldking.store\/hu\/wp-json\/wp\/v2\/product_cat?post=51798"},{"taxonomy":"product_tag","embeddable":true,"href":"https:\/\/mouldking.store\/hu\/wp-json\/wp\/v2\/product_tag?post=51798"}],"curies":[{"name":"wp","href":"https:\/\/api.w.org\/{rel}","templated":true}]}}