{"id":51857,"date":"2023-10-18T12:38:42","date_gmt":"2023-10-18T05:38:42","guid":{"rendered":"https:\/\/mouldking.store\/shop\/panlosbrick-628014-m983-missile-truck-with-2566-pieces\/"},"modified":"2023-10-18T12:38:42","modified_gmt":"2023-10-18T05:38:42","slug":"panlosbrick-628014-m983-missile-truck-with-2566-pieces","status":"publish","type":"product","link":"https:\/\/mouldking.store\/hu\/shop\/panlosbrick-628014-m983-missile-truck-with-2566-pieces\/","title":{"rendered":"PANLOSBRICK 628014 M983 Rak\u00e9t\u00e1s Teheraut\u00f3 2566 Darabbal"},"content":{"rendered":"<div>\u2705Panlos 628014 M983 Missile Truck<br \/>&nbsp;<br \/>\u2705The M983 is a military truck used by the United States military, often in conjunction with the MIM-104 Patriot surface-to-air missile system. It serves as the prime mover for the Patriot missile system.&nbsp;<br \/>&nbsp;<br \/>\ud83d\udeab FONTOS!&nbsp;<br \/>&nbsp;<br \/>Product Name: M983 Missile Truck<br \/>&nbsp;<br \/>Kateg\u00f3ria: Katonai&nbsp;<br \/>&nbsp;<br \/>This Kit Contains: Panlos 628014<br \/>&nbsp;<br \/>2566 pcs Good Quality Bricks&nbsp;<br \/>&nbsp;<br \/>Size:&nbsp; 62 \u00d7 20 \u00d7 28 cm<br \/>&nbsp;<br \/>K\u00e9zi utas\u00edt\u00e1sok&nbsp;<br \/>&nbsp;<br \/>\ud83d\udcccA f\u0151szerepl\u0151 term\u00e9szete&nbsp;<br \/>&nbsp;<br \/>Introducing our proud collection named \u201cM983 Missile Truck\u201d you should not miss.&nbsp;<br \/>&nbsp;<br \/>The M983, also known as the Heavy Expanded Mobility Tactical Truck (HEMTT), is a heavy-duty military truck designed to transport and tow heavy equipment, including the Patriot missile launchers. The M983 is known for its high payload capacity. It is capable of carrying heavy loads and can tow other vehicles and equipment, making it a versatile and robust platform for transporting military hardware. One of the primary roles of the M983 is to transport the Patriot missile system. The Patriot system is an advanced air and missile defense system used by the U.S. and its allies. The M983 tows the Patriot missile launcher and support equipment, allowing for rapid deployment and repositioning of the system.<\/div>","protected":false},"excerpt":{"rendered":"<p>M\u00e1rka: PANLOSBRICK<br \/>\nNem: Uniszex<br \/>\nAge Range: &gt; 18 years old<br \/>\nModel Number: 628014<br \/>\nBesorol\u00e1s: \u00d6sszeszerel\u00e9s<br \/>\nM\u0171anyag blokk forma: \u00f6nz\u00e1r\u00f3 t\u00e9gla<br \/>\nAnyaga: M\u0171anyag<br \/>\nM\u0171anyag t\u00edpus: ABS<br \/>\nBricks Blocks: 2566 +<br \/>\nEredeti doboza nincs<\/p>","protected":false},"featured_media":51836,"comment_status":"open","ping_status":"closed","template":"","meta":{"_acf_changed":false},"product_cat":[1384,1350,1357,372,364],"product_tag":[12780,374,11374,389,466,2803],"class_list":["product","first","instock","shipping-taxable","purchasable","product-type-simple"],"acf":[],"_links":{"self":[{"href":"https:\/\/mouldking.store\/hu\/wp-json\/wp\/v2\/product\/51857","targetHints":{"allow":["GET"]}}],"collection":[{"href":"https:\/\/mouldking.store\/hu\/wp-json\/wp\/v2\/product"}],"about":[{"href":"https:\/\/mouldking.store\/hu\/wp-json\/wp\/v2\/types\/product"}],"replies":[{"embeddable":true,"href":"https:\/\/mouldking.store\/hu\/wp-json\/wp\/v2\/comments?post=51857"}],"wp:featuredmedia":[{"embeddable":true,"href":"https:\/\/mouldking.store\/hu\/wp-json\/wp\/v2\/media\/51836"}],"wp:attachment":[{"href":"https:\/\/mouldking.store\/hu\/wp-json\/wp\/v2\/media?parent=51857"}],"wp:term":[{"taxonomy":"product_cat","embeddable":true,"href":"https:\/\/mouldking.store\/hu\/wp-json\/wp\/v2\/product_cat?post=51857"},{"taxonomy":"product_tag","embeddable":true,"href":"https:\/\/mouldking.store\/hu\/wp-json\/wp\/v2\/product_tag?post=51857"}],"curies":[{"name":"wp","href":"https:\/\/api.w.org\/{rel}","templated":true}]}}