{"id":51861,"date":"2023-10-18T12:38:52","date_gmt":"2023-10-18T05:38:52","guid":{"rendered":"https:\/\/mouldking.store\/shop\/mould-king-16013-transparent-tower-with-3466-pieces-2\/"},"modified":"2023-10-18T12:38:52","modified_gmt":"2023-10-18T05:38:52","slug":"mould-king-16013-transparent-tower-with-3466-pieces-2","status":"publish","type":"product","link":"https:\/\/mouldking.store\/hu\/shop\/mould-king-16013-transparent-tower-with-3466-pieces-2\/","title":{"rendered":"MOULD KING 16013 \u00c1tl\u00e1tsz\u00f3 Torony 3466 Darabos"},"content":{"rendered":"<div>\u2705 Mould King 16013 Transparent Tower<br \/>&nbsp;<br \/>\u2705In architecture, a &#8220;Transparent Tower&#8221; could describe a modern skyscraper with extensive use of glass in its design. These glass-walled buildings offer a transparent or see-through appearance, providing occupants with spectacular views and natural light.<\/p>\n<p>\ud83d\udeab FONTOS!&nbsp;<br \/>&nbsp;<br \/>Product Name: Transparent Tower<br \/>&nbsp;<br \/>Kateg\u00f3ria: Modul\u00e1ris \u00e9p\u00fclet<br \/>&nbsp;<br \/>This Kit Contains:&nbsp; Mould King 16013<br \/>&nbsp;<br \/>3466 pcs Good Quality Bricks&nbsp;<br \/>&nbsp;<br \/>Size: 32 \u00d7 32 \u00d7 46.8 cm<br \/>&nbsp;<br \/>K\u00e9zi utas\u00edt\u00e1sok&nbsp;<br \/>&nbsp;<br \/>\ud83d\udcccA f\u0151szerepl\u0151 term\u00e9szete&nbsp;<br \/>&nbsp;<br \/>Introducing our proud collection named \u201cTransparent Tower\u201d you should not miss.&nbsp;<br \/>&nbsp;<br \/>&#8220;Transparent Tower&#8221; might be used to describe technology with a transparent or invisible quality. For example, transparent displays or see-through screens are being developed in the fields of electronics and augmented reality.&nbsp; In a metaphorical or symbolic sense, a &#8220;Transparent Tower&#8221; could represent an organization, institution, or government that is open, honest, and not hiding anything. It implies transparency in decision-making and operations. The term could also refer to an art installation or sculpture designed to be transparent or see-through.<\/div>","protected":false},"excerpt":{"rendered":"<p>M\u00e1rka: MOLD KING<br \/>\nNem: Uniszex<br \/>\nKorhat\u00e1r: 14 \u00e9v felett<br \/>\nModel Number: 16013<br \/>\nBesorol\u00e1s: \u00d6sszeszerel\u00e9s<br \/>\nM\u0171anyag blokk forma: \u00f6nz\u00e1r\u00f3 t\u00e9gla<br \/>\nAnyaga: M\u0171anyag<br \/>\nM\u0171anyag t\u00edpus: ABS<br \/>\nBricks Blocks: 3466 +<br \/>\nEredeti doboza nincs<\/p>","protected":false},"featured_media":51839,"comment_status":"open","ping_status":"closed","template":"","meta":{"_acf_changed":false},"product_cat":[1395,1502,390],"product_tag":[4883,392,2302,11752],"class_list":["product","first","instock","shipping-taxable","purchasable","product-type-simple"],"acf":[],"_links":{"self":[{"href":"https:\/\/mouldking.store\/hu\/wp-json\/wp\/v2\/product\/51861","targetHints":{"allow":["GET"]}}],"collection":[{"href":"https:\/\/mouldking.store\/hu\/wp-json\/wp\/v2\/product"}],"about":[{"href":"https:\/\/mouldking.store\/hu\/wp-json\/wp\/v2\/types\/product"}],"replies":[{"embeddable":true,"href":"https:\/\/mouldking.store\/hu\/wp-json\/wp\/v2\/comments?post=51861"}],"wp:featuredmedia":[{"embeddable":true,"href":"https:\/\/mouldking.store\/hu\/wp-json\/wp\/v2\/media\/51839"}],"wp:attachment":[{"href":"https:\/\/mouldking.store\/hu\/wp-json\/wp\/v2\/media?parent=51861"}],"wp:term":[{"taxonomy":"product_cat","embeddable":true,"href":"https:\/\/mouldking.store\/hu\/wp-json\/wp\/v2\/product_cat?post=51861"},{"taxonomy":"product_tag","embeddable":true,"href":"https:\/\/mouldking.store\/hu\/wp-json\/wp\/v2\/product_tag?post=51861"}],"curies":[{"name":"wp","href":"https:\/\/api.w.org\/{rel}","templated":true}]}}